{"id":8273,"date":"2024-11-19T14:37:01","date_gmt":"2024-11-19T13:37:01","guid":{"rendered":"https:\/\/lovebiowines.com\/product\/il-quadro-doro-bruno-del-corvellaro-candia-dei-colli-apuani\/"},"modified":"2024-11-29T15:20:38","modified_gmt":"2024-11-29T14:20:38","slug":"il-quadro-doro-bruno-del-corvellaro-candia-dei-colli-apuani","status":"publish","type":"product","link":"https:\/\/lovebiowines.com\/fr\/produit\/il-quadro-doro-bruno-del-corvellaro-candia-dei-colli-apuani\/","title":{"rendered":"IL QUADRO D\u2019ORO \u2013 BRUNO del Corvellaro \u2013 Candia dei Colli Apuani"},"content":{"rendered":"<h5>Candia dei Colli Apuani DOC Roouge Bruno est obtenu \u00e0 partir de l&rsquo;assemblage de Merlot, Cabernet Franc, Sirah.<br \/>\nUne fois les raisins \u00e9grapp\u00e9s, ils sont mac\u00e9r\u00e9s et ferment\u00e9s \u00e0 une temp\u00e9rature de 18\u00b0C pendant environ 30 jours. Une fois la fermentation malolactique termin\u00e9e, ils sont ensuite affin\u00e9s pendant environ 7 \u00e0 8 mois.<br \/>\nFermentation et vieillissement en acier inoxydable.<br \/>\nACCORDS METS ET VINS<br \/>\nVin polyvalent en accords, avec les traits caract\u00e9ristiques des vins rouges cors\u00e9s.<br \/>\nLes combinaisons vont des entr\u00e9es \u00e0 base de charcuterie, aux entr\u00e9es avec des sauces \u00e0 base de viande, mais aussi aux r\u00f4tis et plats de petit gibier, jusqu&rsquo;aux fromages affin\u00e9s moyennement ou plus longtemps.<br \/>\nD\u00c9GUSTATION<br \/>\nIl est recommand\u00e9 d&rsquo;ouvrir la bouteille au moins une heure avant d\u00e9gustation. Utilisez un verre de taille moyenne \u00e0 grande, un ballon ou un verre grand ouvert pour permettre la diffusion des ar\u00f4mes. Temp\u00e9rature de service, 18-20\u00b0C.<\/h5>\n","protected":false},"excerpt":{"rendered":"<p><img loading=\"lazy\" decoding=\"async\" class=\"alignnone size-full wp-image-53\" src=\"https:\/\/lovebiowines.com\/wp-content\/uploads\/2023\/07\/fascia-italia-1-300x20-1.png\" alt=\"Produits Made in Italy\" width=\"300\" height=\"20\"><\/p>\n<p>Il est n\u00e9 sur les pentes abruptes des Alpes Apuanes, o\u00f9 le travail manuel est pr\u00e9dominant, avec de nombreuses difficult\u00e9s. D\u2019o\u00f9 le nom de Viticulture H\u00e9ro\u00efque. Bouteilles de 0,75l <\/p>\n","protected":false},"featured_media":6692,"template":"","meta":{"_monsterinsights_skip_tracking":false,"_monsterinsights_sitenote_active":false,"_monsterinsights_sitenote_note":"","_monsterinsights_sitenote_category":0,"_uf_show_specific_survey":0,"_uf_disable_surveys":false},"product_brand":[],"product_cat":[512,444,445,477,505],"product_tag":[534,458,484,486],"class_list":{"0":"post-8273","1":"product","2":"type-product","3":"status-publish","4":"has-post-thumbnail","6":"product_cat-doc-candia-colli-apuani-rosso-fr","7":"product_cat-horeca-fr","8":"product_cat-horeca-rosso-fr","9":"product_cat-vins-rouges","10":"product_cat-zone-de-production-candia-et-collines-apuanes-rossi","11":"product_tag-cabernet-franc100-fr","12":"product_tag-candia-fr","13":"product_tag-merlot_and-fr","14":"product_tag-syrah_and-fr","16":"first","17":"instock","18":"taxable","19":"shipping-taxable","20":"purchasable","21":"product-type-simple"},"aioseo_notices":[],"_links":{"self":[{"href":"https:\/\/lovebiowines.com\/fr\/wp-json\/wp\/v2\/product\/8273","targetHints":{"allow":["GET"]}}],"collection":[{"href":"https:\/\/lovebiowines.com\/fr\/wp-json\/wp\/v2\/product"}],"about":[{"href":"https:\/\/lovebiowines.com\/fr\/wp-json\/wp\/v2\/types\/product"}],"version-history":[{"count":0,"href":"https:\/\/lovebiowines.com\/fr\/wp-json\/wp\/v2\/product\/8273\/revisions"}],"wp:featuredmedia":[{"embeddable":true,"href":"https:\/\/lovebiowines.com\/fr\/wp-json\/wp\/v2\/media\/6692"}],"wp:attachment":[{"href":"https:\/\/lovebiowines.com\/fr\/wp-json\/wp\/v2\/media?parent=8273"}],"wp:term":[{"taxonomy":"product_brand","embeddable":true,"href":"https:\/\/lovebiowines.com\/fr\/wp-json\/wp\/v2\/product_brand?post=8273"},{"taxonomy":"product_cat","embeddable":true,"href":"https:\/\/lovebiowines.com\/fr\/wp-json\/wp\/v2\/product_cat?post=8273"},{"taxonomy":"product_tag","embeddable":true,"href":"https:\/\/lovebiowines.com\/fr\/wp-json\/wp\/v2\/product_tag?post=8273"}],"curies":[{"name":"wp","href":"https:\/\/api.w.org\/{rel}","templated":true}]}}