{"id":8263,"date":"2023-10-16T19:45:55","date_gmt":"2023-10-16T17:45:55","guid":{"rendered":"https:\/\/lovebiowines.com\/product\/haricots-rouges-lucchese-bio-presidium-slowfood-az-ag-favilla\/"},"modified":"2023-10-16T19:45:55","modified_gmt":"2023-10-16T17:45:55","slug":"haricots-rouges-lucchese-bio-presidium-slowfood-az-ag-favilla","status":"publish","type":"product","link":"https:\/\/lovebiowines.com\/fr\/produit\/haricots-rouges-lucchese-bio-presidium-slowfood-az-ag-favilla\/","title":{"rendered":"Haricots Rouges Lucchese Bio \u2013 Pr\u00e9sidium SlowFood &#8211; Az Ag Favilla"},"content":{"rendered":"<h3 class=\"fusion-responsive-typography-calculated\" data-fontsize=\"16\" data-lineheight=\"24px\"><strong>Haricots Rouges Lucchese Bio \u2013 Pr\u00e9sidium SlowFood<\/strong><br \/>\nCultiv\u00e9 sur le terroir de Picciorana (Lu), le Rosso est, comme tous mes haricots, r\u00e9colt\u00e9 \u00e0 la main, s\u00e9lectionn\u00e9 et pass\u00e9 en chambre froide pour \u00eatre d\u00e9sinfect\u00e9 contre les charan\u00e7ons.<br \/>\nLe Haricot Rouge se caract\u00e9rise par sa couleur fonc\u00e9e, sa peau \u00e9paisse et dure et sa saveur aromatique. C&rsquo;est en effet une excellente base pour les bouillons, un \u00e9l\u00e9ment indispensable pour la \u00ab\u00a0Soupe d&rsquo;\u00c9peautre\u00a0\u00bb et est \u00e9galement tr\u00e8s app\u00e9tissante m\u00eame cuite au four.<br \/>\n<strong>Pack de 350gr.<\/strong><\/h3>\n","protected":false},"excerpt":{"rendered":"<p><img loading=\"lazy\" decoding=\"async\" class=\"alignnone size-full wp-image-53\" src=\"https:\/\/lovebiowines.com\/wp-content\/uploads\/2023\/07\/fascia-italia-1-300x20-1.png\" alt=\"Produits Made in Italy\" width=\"300\" height=\"20\"><\/p>\n<h3 class=\"fusion-responsive-typography-calculated\" data-fontsize=\"16\" data-lineheight=\"24px\">C&rsquo;est en effet une excellente base pour les bouillons, un \u00e9l\u00e9ment indispensable pour la \u00ab\u00a0Soupe d&rsquo;\u00c9peautre\u00a0\u00bb et est \u00e9galement tr\u00e8s app\u00e9tissante m\u00eame cuite au four.<\/h3>\n<p>Pack 350g<\/p>\n","protected":false},"featured_media":2756,"template":"","meta":{"_monsterinsights_skip_tracking":false,"_monsterinsights_sitenote_active":false,"_monsterinsights_sitenote_note":"","_monsterinsights_sitenote_category":0,"_uf_show_specific_survey":0,"_uf_disable_surveys":false},"product_brand":[],"product_cat":[476,475],"product_tag":[],"class_list":{"0":"post-8263","1":"product","2":"type-product","3":"status-publish","4":"has-post-thumbnail","6":"product_cat-legumes-fr","7":"product_cat-produits-issus-de-lagriculture-biologique-et-biodynamique","9":"first","10":"instock","11":"taxable","12":"shipping-taxable","13":"purchasable","14":"product-type-simple"},"aioseo_notices":[],"_links":{"self":[{"href":"https:\/\/lovebiowines.com\/fr\/wp-json\/wp\/v2\/product\/8263","targetHints":{"allow":["GET"]}}],"collection":[{"href":"https:\/\/lovebiowines.com\/fr\/wp-json\/wp\/v2\/product"}],"about":[{"href":"https:\/\/lovebiowines.com\/fr\/wp-json\/wp\/v2\/types\/product"}],"version-history":[{"count":0,"href":"https:\/\/lovebiowines.com\/fr\/wp-json\/wp\/v2\/product\/8263\/revisions"}],"wp:featuredmedia":[{"embeddable":true,"href":"https:\/\/lovebiowines.com\/fr\/wp-json\/wp\/v2\/media\/2756"}],"wp:attachment":[{"href":"https:\/\/lovebiowines.com\/fr\/wp-json\/wp\/v2\/media?parent=8263"}],"wp:term":[{"taxonomy":"product_brand","embeddable":true,"href":"https:\/\/lovebiowines.com\/fr\/wp-json\/wp\/v2\/product_brand?post=8263"},{"taxonomy":"product_cat","embeddable":true,"href":"https:\/\/lovebiowines.com\/fr\/wp-json\/wp\/v2\/product_cat?post=8263"},{"taxonomy":"product_tag","embeddable":true,"href":"https:\/\/lovebiowines.com\/fr\/wp-json\/wp\/v2\/product_tag?post=8263"}],"curies":[{"name":"wp","href":"https:\/\/api.w.org\/{rel}","templated":true}]}}