{"id":8262,"date":"2023-10-16T19:54:12","date_gmt":"2023-10-16T17:54:12","guid":{"rendered":"https:\/\/lovebiowines.com\/product\/lentilles-de-lucques-lu-biologiques-az-ag-favilla\/"},"modified":"2023-10-16T19:54:12","modified_gmt":"2023-10-16T17:54:12","slug":"lentilles-de-lucques-lu-biologiques-az-ag-favilla","status":"publish","type":"product","link":"https:\/\/lovebiowines.com\/fr\/produit\/lentilles-de-lucques-lu-biologiques-az-ag-favilla\/","title":{"rendered":"Lentilles de Lucques (LU) BIOLOGIQUES &#8211; Az Ag Favilla"},"content":{"rendered":"<h3 class=\"fusion-responsive-typography-calculated\" data-fontsize=\"16\" data-lineheight=\"24px\"><strong>Lentilles de Lucca (LU) BIO<\/strong><br \/>\nLes lentilles de Lucca diff\u00e8rent des lentilles communes en raison de leur taille plus petite, de leur saveur plus intense et de leur peau tr\u00e8s fine. Ils constituent un \u00e9l\u00e9ment culinaire d&rsquo;une importance consid\u00e9rable dans la tradition culinaire de Lucques gr\u00e2ce \u00e0 leur polyvalence en cuisine. Ces l\u00e9gumineuses constituent une excellente base pour pr\u00e9parer de savoureuses soupes, rago\u00fbts et salades. Leur large gamme de couleurs et de textures les rend adapt\u00e9s \u00e0 diverses pr\u00e9parations.<br \/>\n<strong>Paquet de 500gr.<\/strong><\/h3>\n","protected":false},"excerpt":{"rendered":"<p><img loading=\"lazy\" decoding=\"async\" class=\"alignnone size-full wp-image-53\" src=\"https:\/\/lovebiowines.com\/wp-content\/uploads\/2023\/07\/fascia-italia-1-300x20-1.png\" alt=\"Produits Made in Italy\" width=\"300\" height=\"20\"><\/p>\n<h3 class=\"fusion-responsive-typography-calculated\" data-fontsize=\"16\" data-lineheight=\"24px\">Ces l\u00e9gumes constituent une excellente base pour pr\u00e9parer de savoureuses soupes, rago\u00fbts et salades. Leur large gamme de couleurs et de textures les rend adapt\u00e9s \u00e0 diverses pr\u00e9parations. <\/h3>\n<p>Pack de 500g<\/p>\n","protected":false},"featured_media":2764,"template":"","meta":{"_monsterinsights_skip_tracking":false,"_monsterinsights_sitenote_active":false,"_monsterinsights_sitenote_note":"","_monsterinsights_sitenote_category":0,"_uf_show_specific_survey":0,"_uf_disable_surveys":false},"product_brand":[],"product_cat":[476,475],"product_tag":[],"class_list":{"0":"post-8262","1":"product","2":"type-product","3":"status-publish","4":"has-post-thumbnail","6":"product_cat-legumes-fr","7":"product_cat-produits-issus-de-lagriculture-biologique-et-biodynamique","9":"first","10":"instock","11":"taxable","12":"shipping-taxable","13":"purchasable","14":"product-type-simple"},"aioseo_notices":[],"_links":{"self":[{"href":"https:\/\/lovebiowines.com\/fr\/wp-json\/wp\/v2\/product\/8262","targetHints":{"allow":["GET"]}}],"collection":[{"href":"https:\/\/lovebiowines.com\/fr\/wp-json\/wp\/v2\/product"}],"about":[{"href":"https:\/\/lovebiowines.com\/fr\/wp-json\/wp\/v2\/types\/product"}],"version-history":[{"count":0,"href":"https:\/\/lovebiowines.com\/fr\/wp-json\/wp\/v2\/product\/8262\/revisions"}],"wp:featuredmedia":[{"embeddable":true,"href":"https:\/\/lovebiowines.com\/fr\/wp-json\/wp\/v2\/media\/2764"}],"wp:attachment":[{"href":"https:\/\/lovebiowines.com\/fr\/wp-json\/wp\/v2\/media?parent=8262"}],"wp:term":[{"taxonomy":"product_brand","embeddable":true,"href":"https:\/\/lovebiowines.com\/fr\/wp-json\/wp\/v2\/product_brand?post=8262"},{"taxonomy":"product_cat","embeddable":true,"href":"https:\/\/lovebiowines.com\/fr\/wp-json\/wp\/v2\/product_cat?post=8262"},{"taxonomy":"product_tag","embeddable":true,"href":"https:\/\/lovebiowines.com\/fr\/wp-json\/wp\/v2\/product_tag?post=8262"}],"curies":[{"name":"wp","href":"https:\/\/api.w.org\/{rel}","templated":true}]}}