{"id":8260,"date":"2023-11-15T19:43:57","date_gmt":"2023-11-15T18:43:57","guid":{"rendered":"https:\/\/lovebiowines.com\/product\/villa-di-negro-morone-igt-toscana\/"},"modified":"2023-11-15T19:43:57","modified_gmt":"2023-11-15T18:43:57","slug":"villa-di-negro-morone-igt-toscana","status":"publish","type":"product","link":"https:\/\/lovebiowines.com\/fr\/produit\/villa-di-negro-morone-igt-toscana\/","title":{"rendered":"Villa di Negro &#8211; Morone Igt Toscana"},"content":{"rendered":"<div>\n<h5><strong>Raisin<\/strong>: Merlot et Pinot Noir<\/h5>\n<h5><strong>Zone de production<\/strong>: Bagnone<\/h5>\n<h5><strong>Tipe de Sol<\/strong>: texture moyenne avec pr\u00e9sence de pierres<\/h5>\n<h5><strong>Altitude<\/strong>: Sud Ouest 300 mt slm<\/h5>\n<h5><strong>Ann\u00e9e de plantation<\/strong> : 2005<\/h5>\n<h5><strong>Syst\u00e8me de travail<\/strong> : Cordon \u00e9peronn\u00e9 et Guyot<\/h5>\n<h5><strong>Plante par hectare<\/strong> : 6000<\/h5>\n<h5><strong>R\u00e9colte <\/strong>: 4\u00e8me semaine de septembre<\/h5>\n<h5><strong>M\u00e9thode et dur\u00e9e d&rsquo;affinage<\/strong> : 3 mois en cuve acier et 3 mois en bouteille<\/h5>\n<h5><strong>Degr\u00e9s d&rsquo;alcool<\/strong>: 14%<\/h5>\n<div>\n<h5>Le vin Morone est un assemblage de merlot (80%) et de pinot noir (20%) vieilli 8 mois en f\u00fbts d&rsquo;acier et 3 mois en bouteille. 14%. <\/h5>\n<h5>Rubis avec un bel \u00e9clat, un grand vin \u00e0 l&rsquo;ar\u00f4me et au go\u00fbt forts, amples et secs. Bouquet rouge intense et particuli\u00e8rement \u00e9quilibr\u00e9. Il accompagne parfaitement et m\u00e9lodieusement les plats au go\u00fbt prononc\u00e9, les viandes r\u00f4ties, les gibiers et les fromages.  <\/h5>\n<\/div>\n<\/div>\n","protected":false},"excerpt":{"rendered":"<p><img loading=\"lazy\" decoding=\"async\" class=\"alignnone size-full wp-image-53\" src=\"https:\/\/lovebiowines.com\/wp-content\/uploads\/2023\/07\/fascia-italia-1-300x20-1.png\" alt=\"Produits Made in Italy\" width=\"300\" height=\"20\"><\/p>\n<h5><img loading=\"lazy\" decoding=\"async\" class=\"alignnone wp-image-3891\" src=\"https:\/\/lovebiowines.com\/wp-content\/uploads\/2024\/01\/Biologico-non-certificato-300x300.png\" alt=\"\" width=\"101\" height=\"101\" srcset=\"https:\/\/lovebiowines.com\/wp-content\/uploads\/2024\/01\/Biologico-non-certificato-300x300.png 300w, https:\/\/lovebiowines.com\/wp-content\/uploads\/2024\/01\/Biologico-non-certificato-150x150.png 150w, https:\/\/lovebiowines.com\/wp-content\/uploads\/2024\/01\/Biologico-non-certificato-100x100.png 100w, https:\/\/lovebiowines.com\/wp-content\/uploads\/2024\/01\/Biologico-non-certificato.png 600w\" sizes=\"auto, (max-width: 101px) 100vw, 101px\" \/>Entreprise et vins NON certifi\u00e9s biologiques<\/h5>\n<h5>Deux hectares et demi de vignoble et une agriculture respectueuse de l&rsquo;environnement : pas d&rsquo;herbicides et de vigne enherb\u00e9e, peu de produits syst\u00e9miques et de traitements au cuivre et au soufre ; faibles doses de soufre en cave.<\/h5>\n<h5><a href=\"\/?p=3108\">D\u00e9couvrez tous les vins de Villa di Negro<\/a><\/h5>\n","protected":false},"featured_media":3928,"template":"","meta":{"_monsterinsights_skip_tracking":false,"_monsterinsights_sitenote_active":false,"_monsterinsights_sitenote_note":"","_monsterinsights_sitenote_category":0,"_uf_show_specific_survey":0,"_uf_disable_surveys":false},"product_brand":[],"product_cat":[444,445,513,506,508,496,477,505],"product_tag":[484,510],"class_list":{"0":"post-8260","1":"product","2":"type-product","3":"status-publish","4":"has-post-thumbnail","6":"product_cat-horeca-fr","7":"product_cat-horeca-rosso-fr","8":"product_cat-igt-toscana-rosso-fr","9":"product_cat-merlot-fr","10":"product_cat-pinot-nero-fr","11":"product_cat-vins-issus-de-lagriculture-bio-non-certifies","12":"product_cat-vins-rouges","13":"product_cat-zone-de-production-candia-et-collines-apuanes-rossi","14":"product_tag-merlot_and-fr","15":"product_tag-pinot-nero_and-fr","17":"first","18":"instock","19":"taxable","20":"shipping-taxable","21":"purchasable","22":"product-type-simple"},"aioseo_notices":[],"_links":{"self":[{"href":"https:\/\/lovebiowines.com\/fr\/wp-json\/wp\/v2\/product\/8260","targetHints":{"allow":["GET"]}}],"collection":[{"href":"https:\/\/lovebiowines.com\/fr\/wp-json\/wp\/v2\/product"}],"about":[{"href":"https:\/\/lovebiowines.com\/fr\/wp-json\/wp\/v2\/types\/product"}],"version-history":[{"count":0,"href":"https:\/\/lovebiowines.com\/fr\/wp-json\/wp\/v2\/product\/8260\/revisions"}],"wp:featuredmedia":[{"embeddable":true,"href":"https:\/\/lovebiowines.com\/fr\/wp-json\/wp\/v2\/media\/3928"}],"wp:attachment":[{"href":"https:\/\/lovebiowines.com\/fr\/wp-json\/wp\/v2\/media?parent=8260"}],"wp:term":[{"taxonomy":"product_brand","embeddable":true,"href":"https:\/\/lovebiowines.com\/fr\/wp-json\/wp\/v2\/product_brand?post=8260"},{"taxonomy":"product_cat","embeddable":true,"href":"https:\/\/lovebiowines.com\/fr\/wp-json\/wp\/v2\/product_cat?post=8260"},{"taxonomy":"product_tag","embeddable":true,"href":"https:\/\/lovebiowines.com\/fr\/wp-json\/wp\/v2\/product_tag?post=8260"}],"curies":[{"name":"wp","href":"https:\/\/api.w.org\/{rel}","templated":true}]}}