{"id":8258,"date":"2023-11-15T19:53:02","date_gmt":"2023-11-15T18:53:02","guid":{"rendered":"https:\/\/lovebiowines.com\/product\/villa-di-negro-barzamino\/"},"modified":"2023-11-15T19:53:02","modified_gmt":"2023-11-15T18:53:02","slug":"villa-di-negro-barzamino","status":"publish","type":"product","link":"https:\/\/lovebiowines.com\/fr\/produit\/villa-di-negro-barzamino\/","title":{"rendered":"Villa di Negro &#8211; Barzamino"},"content":{"rendered":"<div>\n<h5><strong>Raisin<\/strong>: Merlot \u2013 Pinot Nero \u2013 Pollera et Ciliegiolo<\/h5>\n<h5><strong>Zone de production<\/strong>: Bagnone<\/h5>\n<h5><strong>Tipe de Sol<\/strong>: texture moyenne avec pr\u00e9sence de pierres<\/h5>\n<h5><strong>Altitude<\/strong>: Sud Ouest 300 mt slm<\/h5>\n<h5><strong>Ann\u00e9e de plantation<\/strong>: 1990<\/h5>\n<h5><strong>Syst\u00e8me agricole<\/strong>: Guyot<\/h5>\n<h5><strong>Plante par hectare:<\/strong> 5000<\/h5>\n<h5><strong>R\u00e9colte<\/strong> : 4\u00e8me semaine septembre-1er septembre octobre <\/h5>\n<h5><strong>M\u00e9thode et dur\u00e9e d&rsquo;affinage <\/strong>: 3 mois en cuve acier et 1 mois en bouteille<\/h5>\n<h5><strong>Degr\u00e9s alcooliques<\/strong> : 12%<\/h5>\n<div>\n<h5>Vin agr\u00e9able, jeune, frais et l\u00e9g\u00e8rement sucr\u00e9 qui conserve en effet l&rsquo;ar\u00f4me et le go\u00fbt des raisins indig\u00e8nes dont il est issu. Sa saveur douce et son bouquet parfum\u00e9 le rendent id\u00e9al pour accompagner les entr\u00e9es, les plats l\u00e9gers et les viandes blanches grill\u00e9es. <\/h5>\n<\/div>\n<\/div>\n","protected":false},"excerpt":{"rendered":"<p><img loading=\"lazy\" decoding=\"async\" class=\"alignnone size-full wp-image-53\" src=\"https:\/\/lovebiowines.com\/wp-content\/uploads\/2023\/07\/fascia-italia-1-300x20-1.png\" alt=\"Produits Made in Italy\" width=\"300\" height=\"20\"><\/p>\n<h5><img loading=\"lazy\" decoding=\"async\" class=\"alignnone wp-image-3891\" src=\"https:\/\/lovebiowines.com\/wp-content\/uploads\/2024\/01\/Biologico-non-certificato-300x300.png\" alt=\"\" width=\"101\" height=\"101\" srcset=\"https:\/\/lovebiowines.com\/wp-content\/uploads\/2024\/01\/Biologico-non-certificato-300x300.png 300w, https:\/\/lovebiowines.com\/wp-content\/uploads\/2024\/01\/Biologico-non-certificato-150x150.png 150w, https:\/\/lovebiowines.com\/wp-content\/uploads\/2024\/01\/Biologico-non-certificato-100x100.png 100w, https:\/\/lovebiowines.com\/wp-content\/uploads\/2024\/01\/Biologico-non-certificato.png 600w\" sizes=\"auto, (max-width: 101px) 100vw, 101px\" \/>Entreprise et vins NON certifi\u00e9s biologiques<\/h5>\n<h5>Deux hectares et demi de vignoble et une agriculture respectueuse de l&rsquo;environnement : pas d&rsquo;herbicides et de vigne enherb\u00e9e, peu de produits syst\u00e9miques et de traitements au cuivre et au soufre ; faibles doses de soufre en cave.<\/h5>\n<h5><a href=\"\/?p=3108\">D\u00e9couvrez tous les vins de Villa di Negro<\/a><\/h5>\n","protected":false},"featured_media":3923,"template":"","meta":{"_monsterinsights_skip_tracking":false,"_monsterinsights_sitenote_active":false,"_monsterinsights_sitenote_note":"","_monsterinsights_sitenote_category":0,"_uf_show_specific_survey":0,"_uf_disable_surveys":false},"product_brand":[],"product_cat":[507,512,444,445,506,508,496,477],"product_tag":[485,484,510,511],"class_list":{"0":"post-8258","1":"product","2":"type-product","3":"status-publish","4":"has-post-thumbnail","6":"product_cat-ciliegiolo-fr","7":"product_cat-doc-candia-colli-apuani-rosso-fr","8":"product_cat-horeca-fr","9":"product_cat-horeca-rosso-fr","10":"product_cat-merlot-fr","11":"product_cat-pinot-nero-fr","12":"product_cat-vins-issus-de-lagriculture-bio-non-certifies","13":"product_cat-vins-rouges","14":"product_tag-ciliegiolo_and-fr","15":"product_tag-merlot_and-fr","16":"product_tag-pinot-nero_and-fr","17":"product_tag-pollera_and-fr","19":"first","20":"instock","21":"taxable","22":"shipping-taxable","23":"purchasable","24":"product-type-simple"},"aioseo_notices":[],"_links":{"self":[{"href":"https:\/\/lovebiowines.com\/fr\/wp-json\/wp\/v2\/product\/8258","targetHints":{"allow":["GET"]}}],"collection":[{"href":"https:\/\/lovebiowines.com\/fr\/wp-json\/wp\/v2\/product"}],"about":[{"href":"https:\/\/lovebiowines.com\/fr\/wp-json\/wp\/v2\/types\/product"}],"version-history":[{"count":0,"href":"https:\/\/lovebiowines.com\/fr\/wp-json\/wp\/v2\/product\/8258\/revisions"}],"wp:featuredmedia":[{"embeddable":true,"href":"https:\/\/lovebiowines.com\/fr\/wp-json\/wp\/v2\/media\/3923"}],"wp:attachment":[{"href":"https:\/\/lovebiowines.com\/fr\/wp-json\/wp\/v2\/media?parent=8258"}],"wp:term":[{"taxonomy":"product_brand","embeddable":true,"href":"https:\/\/lovebiowines.com\/fr\/wp-json\/wp\/v2\/product_brand?post=8258"},{"taxonomy":"product_cat","embeddable":true,"href":"https:\/\/lovebiowines.com\/fr\/wp-json\/wp\/v2\/product_cat?post=8258"},{"taxonomy":"product_tag","embeddable":true,"href":"https:\/\/lovebiowines.com\/fr\/wp-json\/wp\/v2\/product_tag?post=8258"}],"curies":[{"name":"wp","href":"https:\/\/api.w.org\/{rel}","templated":true}]}}