{"id":8255,"date":"2023-11-15T20:05:41","date_gmt":"2023-11-15T19:05:41","guid":{"rendered":"https:\/\/lovebiowines.com\/product\/villa-di-negro-sassla\/"},"modified":"2023-11-15T20:05:41","modified_gmt":"2023-11-15T19:05:41","slug":"villa-di-negro-sassla","status":"publish","type":"product","link":"https:\/\/lovebiowines.com\/fr\/produit\/villa-di-negro-sassla\/","title":{"rendered":"Villa di Negro &#8211; Sassl\u00e0"},"content":{"rendered":"<div>\n<h5><strong>Raisin<\/strong>: Vermentino et Trebbiano<\/h5>\n<h5><strong>Zone de production<\/strong>: Bagnone<\/h5>\n<h5><strong>Tipe de Sol<\/strong>: texture moyenne avec pr\u00e9sence de pierres<\/h5>\n<h5><strong>Altitude<\/strong>: Sud Ouest 300 mt slm<\/h5>\n<h5><strong>Ann\u00e9e de plantation<\/strong>: 1990<\/h5>\n<h5><strong>Syst\u00e8me agricole<\/strong>: Guyot<\/h5>\n<h5><strong>Plante par hectare:<\/strong> 5000<\/h5>\n<h5><strong>R\u00e9colte <\/strong>: 4\u00e8me semaine de septembre &#8211; 1\u00e8re semaine d&rsquo;Octobre  <\/h5>\n<h5><strong>M\u00e9thode et dur\u00e9e d&rsquo;affinage <\/strong>: 3 mois en cuve acier et 3 mois en bouteille<\/h5>\n<h5><strong>Degr\u00e9s alcooliques<\/strong> : 12,5%<\/h5>\n<div>\n<div>\n<div>\n<h5>Jeune, la couleur est jaune paille aux reflets dor\u00e9s. L&rsquo;ar\u00f4me est harmonieux et fruit\u00e9. La saveur est douce, d\u00e9licate et fra\u00eeche avec une longue persistance. Tr\u00e8s agr\u00e9able avec les entr\u00e9es l\u00e9g\u00e8res, les soupes s\u00e8ches, les poissons et les viandes blanches. 14 degr\u00e9s centigrades.<\/h5>\n<h5>0% Vermentino et 10% Sauvignon, dont la fermentation a \u00e9t\u00e9 bloqu\u00e9e pour obtenir un sucre r\u00e9siduel de 16-18 g\/l. Il a une douceur persuasive, un go\u00fbt plus rond, qui n&rsquo;att\u00e9nue cependant pas la fra\u00eecheur. <\/h5>\n<\/div>\n<\/div>\n<\/div>\n<\/div>\n","protected":false},"excerpt":{"rendered":"<p><img loading=\"lazy\" decoding=\"async\" class=\"alignnone size-full wp-image-53\" src=\"https:\/\/lovebiowines.com\/wp-content\/uploads\/2023\/07\/fascia-italia-1-300x20-1.png\" alt=\"Produits Made in Italy\" width=\"300\" height=\"20\"><\/p>\n<h5><img loading=\"lazy\" decoding=\"async\" class=\"alignnone wp-image-3891\" src=\"https:\/\/lovebiowines.com\/wp-content\/uploads\/2024\/01\/Biologico-non-certificato-300x300.png\" alt=\"\" width=\"101\" height=\"101\" srcset=\"https:\/\/lovebiowines.com\/wp-content\/uploads\/2024\/01\/Biologico-non-certificato-300x300.png 300w, https:\/\/lovebiowines.com\/wp-content\/uploads\/2024\/01\/Biologico-non-certificato-150x150.png 150w, https:\/\/lovebiowines.com\/wp-content\/uploads\/2024\/01\/Biologico-non-certificato-100x100.png 100w, https:\/\/lovebiowines.com\/wp-content\/uploads\/2024\/01\/Biologico-non-certificato.png 600w\" sizes=\"auto, (max-width: 101px) 100vw, 101px\" \/>Entreprise et vins NON certifi\u00e9s biologiques<\/h5>\n<h5>Deux hectares et demi de vignoble et une agriculture respectueuse de l&rsquo;environnement : pas d&rsquo;herbicides et de vigne enherb\u00e9e, peu de produits syst\u00e9miques et de traitements au cuivre et au soufre ; faibles doses de soufre en cave.<\/h5>\n<h5><a href=\"\/?p=3108\">D\u00e9couvrez tous les vins de Villa di Negro<\/a><\/h5>\n","protected":false},"featured_media":3913,"template":"","meta":{"_monsterinsights_skip_tracking":false,"_monsterinsights_sitenote_active":false,"_monsterinsights_sitenote_note":"","_monsterinsights_sitenote_category":0,"_uf_show_specific_survey":0,"_uf_disable_surveys":false},"product_brand":[],"product_cat":[444,500,498,496,499],"product_tag":[504,503],"class_list":{"0":"post-8255","1":"product","2":"type-product","3":"status-publish","4":"has-post-thumbnail","6":"product_cat-horeca-fr","7":"product_cat-horeca-blanc","8":"product_cat-vins-blancs","9":"product_cat-vins-issus-de-lagriculture-bio-non-certifies","10":"product_cat-zone-de-production-candia-et-collines-apuanes-blancs","11":"product_tag-trebbiano_and-fr","12":"product_tag-vermentino_and-fr","14":"first","15":"instock","16":"taxable","17":"shipping-taxable","18":"purchasable","19":"product-type-simple"},"aioseo_notices":[],"_links":{"self":[{"href":"https:\/\/lovebiowines.com\/fr\/wp-json\/wp\/v2\/product\/8255","targetHints":{"allow":["GET"]}}],"collection":[{"href":"https:\/\/lovebiowines.com\/fr\/wp-json\/wp\/v2\/product"}],"about":[{"href":"https:\/\/lovebiowines.com\/fr\/wp-json\/wp\/v2\/types\/product"}],"version-history":[{"count":0,"href":"https:\/\/lovebiowines.com\/fr\/wp-json\/wp\/v2\/product\/8255\/revisions"}],"wp:featuredmedia":[{"embeddable":true,"href":"https:\/\/lovebiowines.com\/fr\/wp-json\/wp\/v2\/media\/3913"}],"wp:attachment":[{"href":"https:\/\/lovebiowines.com\/fr\/wp-json\/wp\/v2\/media?parent=8255"}],"wp:term":[{"taxonomy":"product_brand","embeddable":true,"href":"https:\/\/lovebiowines.com\/fr\/wp-json\/wp\/v2\/product_brand?post=8255"},{"taxonomy":"product_cat","embeddable":true,"href":"https:\/\/lovebiowines.com\/fr\/wp-json\/wp\/v2\/product_cat?post=8255"},{"taxonomy":"product_tag","embeddable":true,"href":"https:\/\/lovebiowines.com\/fr\/wp-json\/wp\/v2\/product_tag?post=8255"}],"curies":[{"name":"wp","href":"https:\/\/api.w.org\/{rel}","templated":true}]}}