{"id":8254,"date":"2023-11-15T20:11:54","date_gmt":"2023-11-15T19:11:54","guid":{"rendered":"https:\/\/lovebiowines.com\/product\/villa-di-negro-passum-50cl\/"},"modified":"2023-11-15T20:11:54","modified_gmt":"2023-11-15T19:11:54","slug":"villa-di-negro-passum-50cl","status":"publish","type":"product","link":"https:\/\/lovebiowines.com\/fr\/produit\/villa-di-negro-passum-50cl\/","title":{"rendered":"Villa di Negro &#8211; Passum 50cl"},"content":{"rendered":"<div>\n<ul>\n<li>\n<h5><strong>Raisin<\/strong>: Moscato<\/h5>\n<\/li>\n<li>\n<h5><strong>Zone de production<\/strong>: Bagnone<\/h5>\n<\/li>\n<li>\n<h5><strong>Tipe de Sol<\/strong>: texture moyenne avec pr\u00e9sence de pierres<\/h5>\n<\/li>\n<li>\n<h5><strong>Altitude<\/strong>: Sud Ouest 300 mt slm<\/h5>\n<\/li>\n<li>\n<h5><strong>Ann\u00e9e de plantation<\/strong>: 1990<\/h5>\n<\/li>\n<li>\n<h5><strong>Syst\u00e8me agricole<\/strong>: Guyot<\/h5>\n<\/li>\n<li>\n<h5><strong>Plante par hectare:<\/strong> 5000<\/h5>\n<\/li>\n<li>\n<h5><strong>R\u00e9colte <\/strong>: 1\u00e8re semaine d&rsquo;octobre et s\u00e9chage naturel sur claies.<\/h5>\n<\/li>\n<li>\n<h5><strong>M\u00e9thode et dur\u00e9e d&rsquo;affinage<\/strong> : 6 mois en cuve acier et 3 mois en bouteille<\/h5>\n<\/li>\n<li>\n<h5><strong>Degr\u00e9s d&rsquo;alcool<\/strong>: 14%<\/h5>\n<\/li>\n<\/ul>\n<div>\n<div>\n<div>\n<h5>Vin \u00e0 dessert sucr\u00e9 obtenu \u00e0 partir de raisins Moscato indig\u00e8nes s\u00e9ch\u00e9s r\u00e9colt\u00e9s la premi\u00e8re semaine d&rsquo;octobre. Apr\u00e8s un s\u00e9chage de 45 \u00e0 50 jours, dans des caisses empilables, les raisins sont \u00e9grapp\u00e9s manuellement grain par grain. Le raffinement a lieu dans des cuves en acier pendant 6 mois et pendant 3 mois en bouteille. 14%.   <\/h5>\n<h5>Jaune ambr\u00e9 cristallin, il lib\u00e8re des ar\u00f4mes d&rsquo;herbes m\u00e9dicinales int\u00e9gr\u00e9s \u00e0 des notes d&rsquo;agrumes confits, de figues s\u00e9ch\u00e9es et de raisins secs. En bouche, il est ample, riche et soyeux, un velours o\u00f9 douceur et acidit\u00e9 sont en parfait \u00e9quilibre. <\/h5>\n<\/div>\n<\/div>\n<\/div>\n<\/div>\n","protected":false},"excerpt":{"rendered":"<p><img loading=\"lazy\" decoding=\"async\" class=\"alignnone size-full wp-image-53\" src=\"https:\/\/lovebiowines.com\/wp-content\/uploads\/2023\/07\/fascia-italia-1-300x20-1.png\" alt=\"Produits Made in Italy\" width=\"300\" height=\"20\"><\/p>\n<h5><img loading=\"lazy\" decoding=\"async\" class=\"alignnone wp-image-3891\" src=\"https:\/\/lovebiowines.com\/wp-content\/uploads\/2024\/01\/Biologico-non-certificato-300x300.png\" alt=\"\" width=\"101\" height=\"101\" srcset=\"https:\/\/lovebiowines.com\/wp-content\/uploads\/2024\/01\/Biologico-non-certificato-300x300.png 300w, https:\/\/lovebiowines.com\/wp-content\/uploads\/2024\/01\/Biologico-non-certificato-150x150.png 150w, https:\/\/lovebiowines.com\/wp-content\/uploads\/2024\/01\/Biologico-non-certificato-100x100.png 100w, https:\/\/lovebiowines.com\/wp-content\/uploads\/2024\/01\/Biologico-non-certificato.png 600w\" sizes=\"auto, (max-width: 101px) 100vw, 101px\" \/>Entreprise et vins NON certifi\u00e9s biologiques<\/h5>\n<h5>Deux hectares et demi de vignoble et une agriculture respectueuse de l&rsquo;environnement : pas d&rsquo;herbicides et de vigne enherb\u00e9e, peu de produits syst\u00e9miques et de traitements au cuivre et au soufre ; faibles doses de soufre en cave.<\/h5>\n<h5><a href=\"\/?p=3108\">D\u00e9couvrez tous les vins de Villa di Negro<\/a><\/h5>\n<p>Pour le moment, ce produit ne peut \u00eatre vendu et exp\u00e9di\u00e9 qu&rsquo;en Italie<\/p>\n","protected":false},"featured_media":3906,"template":"","meta":{"_monsterinsights_skip_tracking":false,"_monsterinsights_sitenote_active":false,"_monsterinsights_sitenote_note":"","_monsterinsights_sitenote_category":0,"_uf_show_specific_survey":0,"_uf_disable_surveys":false},"product_brand":[],"product_cat":[21,170],"product_tag":[261],"class_list":{"0":"post-8254","1":"product","2":"type-product","3":"status-publish","4":"has-post-thumbnail","6":"product_cat-bollicine-e-passiti","7":"product_cat-vini-da-agricoltura-biologica-non-certificati","8":"product_tag-moscato100","10":"first","11":"instock","12":"taxable","13":"shipping-taxable","14":"purchasable","15":"product-type-simple"},"aioseo_notices":[],"_links":{"self":[{"href":"https:\/\/lovebiowines.com\/fr\/wp-json\/wp\/v2\/product\/8254","targetHints":{"allow":["GET"]}}],"collection":[{"href":"https:\/\/lovebiowines.com\/fr\/wp-json\/wp\/v2\/product"}],"about":[{"href":"https:\/\/lovebiowines.com\/fr\/wp-json\/wp\/v2\/types\/product"}],"version-history":[{"count":0,"href":"https:\/\/lovebiowines.com\/fr\/wp-json\/wp\/v2\/product\/8254\/revisions"}],"wp:featuredmedia":[{"embeddable":true,"href":"https:\/\/lovebiowines.com\/fr\/wp-json\/wp\/v2\/media\/3906"}],"wp:attachment":[{"href":"https:\/\/lovebiowines.com\/fr\/wp-json\/wp\/v2\/media?parent=8254"}],"wp:term":[{"taxonomy":"product_brand","embeddable":true,"href":"https:\/\/lovebiowines.com\/fr\/wp-json\/wp\/v2\/product_brand?post=8254"},{"taxonomy":"product_cat","embeddable":true,"href":"https:\/\/lovebiowines.com\/fr\/wp-json\/wp\/v2\/product_cat?post=8254"},{"taxonomy":"product_tag","embeddable":true,"href":"https:\/\/lovebiowines.com\/fr\/wp-json\/wp\/v2\/product_tag?post=8254"}],"curies":[{"name":"wp","href":"https:\/\/api.w.org\/{rel}","templated":true}]}}