{"id":8251,"date":"2024-01-17T19:29:05","date_gmt":"2024-01-17T18:29:05","guid":{"rendered":"https:\/\/lovebiowines.com\/product\/abbrica-di-san-martino-025l-huile-dolive-extra-vierge\/"},"modified":"2024-01-17T19:29:05","modified_gmt":"2024-01-17T18:29:05","slug":"abbrica-di-san-martino-025l-huile-dolive-extra-vierge","status":"publish","type":"product","link":"https:\/\/lovebiowines.com\/fr\/produit\/abbrica-di-san-martino-025l-huile-dolive-extra-vierge\/","title":{"rendered":"abbrica di San Martino 0,25L &#8211; Huile d&rsquo;Olive Extra Vierge"},"content":{"rendered":"<h5>Fabbrica di San Martino &#8211; Huile d&rsquo;Olive Extra Vierge 2023 &#8211; 250 ml<\/h5>\n<h5>\u00c0 Lucques, l&rsquo;huile d&rsquo;olive extra vierge est r\u00e9put\u00e9e pour sa longue tradition et sa haute qualit\u00e9.<br \/><\/h5>\n<h5>Gr\u00e2ce \u00e0 des conditions climatiques et naturelles particuli\u00e8rement favorables qui lui ont valu le surnom d&rsquo;\u00ab Or de Lucques \u00bb.<\/h5>\n<h5>Issue des vari\u00e9t\u00e9s Moraiole, Leccine et Frantoiana cueillies \u00e0 la main, une huile fruit\u00e9e, caressante et harmonieuse qui appara\u00eet \u00e9meraude dans le verre.<\/h5>\n<h5 class=\"h1 mega-title\">Agriculture biodynamique<\/h5>\n<div class=\"rte-setting mega-subtitle\">\n<h5>Gr\u00e2ce \u00e0 l&rsquo;utilisation de pr\u00e9parations biodynamiques d&rsquo;origine v\u00e9g\u00e9tale et min\u00e9rale, au lieu de lutter contre les maladies, nous d\u00e9clenchons des m\u00e9canismes pour cr\u00e9er la sant\u00e9. De cette mani\u00e8re, nos produits sont, d&rsquo;un point de vue nutritionnel, extr\u00eamement plus riches et plus sains puisqu&rsquo;ils proviennent de terres en lien \u00e9troit avec l&rsquo;environnement. <\/h5>\n<h5><a href=\"http:\/\/Fabbrica%20San%20Martino%20e%20la%20sua%20visione%20della%20Biodinamica\">Fabbrica San Martino et sa vision de la Biodynamie<\/a><\/h5>\n<\/div>\n","protected":false},"excerpt":{"rendered":"<p><img loading=\"lazy\" decoding=\"async\" class=\"alignnone size-full wp-image-53\" src=\"https:\/\/lovebiowines.com\/wp-content\/uploads\/2023\/07\/fascia-italia-1-300x20-1.png\" alt=\"Produits Made in Italy\" width=\"300\" height=\"20\"><\/p>\n<h5><a href=\"http:\/\/Fabbrica%20San%20Martino%20e%20la%20sua%20visione%20della%20Biodinamica\">Fabbrica San Martino et sa vision de la Biodynamie<\/a><\/h5>\n<h5>Huile d&rsquo;olive extra vierge issue de l&rsquo;agriculture biologique et biodynamique<\/h5>\n<h5>Format 250 ml &#8211; Commande minimum de 6 bouteilles<\/h5>\n","protected":false},"featured_media":4084,"template":"","meta":{"_monsterinsights_skip_tracking":false,"_monsterinsights_sitenote_active":false,"_monsterinsights_sitenote_note":"","_monsterinsights_sitenote_category":0,"_uf_show_specific_survey":0,"_uf_disable_surveys":false},"product_brand":[],"product_cat":[427],"product_tag":[492,493],"class_list":{"0":"post-8251","1":"product","2":"type-product","3":"status-publish","4":"has-post-thumbnail","6":"product_cat-huile-dolive-vierge-extra","7":"product_tag-fabbrica-di-san-martino-huile-dolive-extra-vierge-025l","8":"product_tag-vinifabbriasanmartino-fr","10":"first","11":"instock","12":"taxable","13":"shipping-taxable","14":"purchasable","15":"product-type-simple"},"aioseo_notices":[],"_links":{"self":[{"href":"https:\/\/lovebiowines.com\/fr\/wp-json\/wp\/v2\/product\/8251","targetHints":{"allow":["GET"]}}],"collection":[{"href":"https:\/\/lovebiowines.com\/fr\/wp-json\/wp\/v2\/product"}],"about":[{"href":"https:\/\/lovebiowines.com\/fr\/wp-json\/wp\/v2\/types\/product"}],"version-history":[{"count":0,"href":"https:\/\/lovebiowines.com\/fr\/wp-json\/wp\/v2\/product\/8251\/revisions"}],"wp:featuredmedia":[{"embeddable":true,"href":"https:\/\/lovebiowines.com\/fr\/wp-json\/wp\/v2\/media\/4084"}],"wp:attachment":[{"href":"https:\/\/lovebiowines.com\/fr\/wp-json\/wp\/v2\/media?parent=8251"}],"wp:term":[{"taxonomy":"product_brand","embeddable":true,"href":"https:\/\/lovebiowines.com\/fr\/wp-json\/wp\/v2\/product_brand?post=8251"},{"taxonomy":"product_cat","embeddable":true,"href":"https:\/\/lovebiowines.com\/fr\/wp-json\/wp\/v2\/product_cat?post=8251"},{"taxonomy":"product_tag","embeddable":true,"href":"https:\/\/lovebiowines.com\/fr\/wp-json\/wp\/v2\/product_tag?post=8251"}],"curies":[{"name":"wp","href":"https:\/\/api.w.org\/{rel}","templated":true}]}}