{"id":8250,"date":"2024-02-25T14:57:14","date_gmt":"2024-02-25T13:57:14","guid":{"rendered":"https:\/\/lovebiowines.com\/product\/primo-amaro-premier-amaro-que-vous-noublierez-jamais-700ml\/"},"modified":"2024-02-25T14:57:14","modified_gmt":"2024-02-25T13:57:14","slug":"primo-amaro-premier-amaro-que-vous-noublierez-jamais-700ml","status":"publish","type":"product","link":"https:\/\/lovebiowines.com\/fr\/produit\/primo-amaro-premier-amaro-que-vous-noublierez-jamais-700ml\/","title":{"rendered":"PRIMO AMARO (PREMIER AMARO) que vous n&rsquo;oublierez jamais &#8211; 700ml"},"content":{"rendered":"<h5>Primo Amaro est n\u00e9 de l&rsquo;assemblage \u00e0 30 % vol du Sogno Bitter prim\u00e9 (24 % vol).<\/h5>\n<h5>Agrumes et \u00e9corce, fruits et racines.<\/h5>\n<h5>Le triple filtrage donne un colorant irr\u00e9sistible.<\/h5>\n<h5>\u00c9clat de saveurs, dans le noir de la nuit<\/h5>\n<h5>Parce que tout le monde aime les desserts, mais Primo Amaro n&rsquo;est jamais oubli\u00e9<br \/><\/h5>\n<h5>Ingr\u00e9dients : Eau, Sucre, Alcool. \u00c9corces d&rsquo;agrumes frais, herbes, \u00e9pices, sucre br\u00fbl\u00e9. <\/h5>\n<h5>Les herbes aromatiques proviennent de l&rsquo;Az Ag Fabbrica de San Martino, LUCCA<\/h5>\n<h5>Les variations de couleurs et les d\u00e9p\u00f4ts sont gages d&rsquo;une infusion naturelle<br \/><\/h5>\n","protected":false},"excerpt":{"rendered":"<p><img loading=\"lazy\" decoding=\"async\" class=\"alignnone size-full wp-image-53\" src=\"https:\/\/lovebiowines.com\/wp-content\/uploads\/2023\/07\/fascia-italia-1-300x20-1.png\" alt=\"Produits Made in Italy\" width=\"300\" height=\"20\"><\/p>\n<h5><strong>NOUVEAUT\u00c9&rsquo;<\/strong><\/h5>\n<h5><strong>Liqueur Artisanale<\/strong> &#8211; <strong>Botaniques Locales &#8211; Z\u00e9ro Chimie<\/strong><\/h5>\n<h5>D\u00e9couvrez toutes les <a href=\"\/?p=1109\">liqueurs Mr Liquor<\/a><\/h5>\n<p>Pour le moment, le produit ne peut \u00eatre vendu et exp\u00e9di\u00e9 qu&rsquo;en Italie<\/p>\n","protected":false},"featured_media":5928,"template":"","meta":{"_monsterinsights_skip_tracking":false,"_monsterinsights_sitenote_active":false,"_monsterinsights_sitenote_note":"","_monsterinsights_sitenote_category":0,"_uf_show_specific_survey":0,"_uf_disable_surveys":false},"product_brand":[],"product_cat":[447],"product_tag":[489,449,491,490],"class_list":{"0":"post-8250","1":"product","2":"type-product","3":"status-publish","4":"has-post-thumbnail","6":"product_cat-liqueurs-et-spiritueux","7":"product_tag-amer","8":"product_tag-liqueurs-artisanales","9":"product_tag-mr-liquor-fr","10":"product_tag-zero-chimie","11":"product_shipping_class-only-italy-fr","13":"first","14":"instock","15":"taxable","16":"shipping-taxable","17":"purchasable","18":"product-type-simple"},"aioseo_notices":[],"_links":{"self":[{"href":"https:\/\/lovebiowines.com\/fr\/wp-json\/wp\/v2\/product\/8250","targetHints":{"allow":["GET"]}}],"collection":[{"href":"https:\/\/lovebiowines.com\/fr\/wp-json\/wp\/v2\/product"}],"about":[{"href":"https:\/\/lovebiowines.com\/fr\/wp-json\/wp\/v2\/types\/product"}],"version-history":[{"count":0,"href":"https:\/\/lovebiowines.com\/fr\/wp-json\/wp\/v2\/product\/8250\/revisions"}],"wp:featuredmedia":[{"embeddable":true,"href":"https:\/\/lovebiowines.com\/fr\/wp-json\/wp\/v2\/media\/5928"}],"wp:attachment":[{"href":"https:\/\/lovebiowines.com\/fr\/wp-json\/wp\/v2\/media?parent=8250"}],"wp:term":[{"taxonomy":"product_brand","embeddable":true,"href":"https:\/\/lovebiowines.com\/fr\/wp-json\/wp\/v2\/product_brand?post=8250"},{"taxonomy":"product_cat","embeddable":true,"href":"https:\/\/lovebiowines.com\/fr\/wp-json\/wp\/v2\/product_cat?post=8250"},{"taxonomy":"product_tag","embeddable":true,"href":"https:\/\/lovebiowines.com\/fr\/wp-json\/wp\/v2\/product_tag?post=8250"}],"curies":[{"name":"wp","href":"https:\/\/api.w.org\/{rel}","templated":true}]}}