{"id":8211,"date":"2023-10-16T20:17:35","date_gmt":"2023-10-16T18:17:35","guid":{"rendered":"https:\/\/lovebiowines.com\/product\/soupe-depeautre-et-de-legumes-az-ag-favilla\/"},"modified":"2023-10-16T20:17:35","modified_gmt":"2023-10-16T18:17:35","slug":"soupe-depeautre-et-de-legumes-az-ag-favilla","status":"publish","type":"product","link":"https:\/\/lovebiowines.com\/fr\/produit\/soupe-depeautre-et-de-legumes-az-ag-favilla\/","title":{"rendered":"Soupe d&rsquo;\u00e9peautre et de l\u00e9gumes &#8211; Az Ag Favilla"},"content":{"rendered":"<h3 class=\"fusion-responsive-typography-calculated\" data-fontsize=\"16\" data-lineheight=\"24px\"><strong>Soupe d&rsquo;\u00e9peautre et de l\u00e9gumes<\/strong><br \/>\nCultiv\u00e9 sur les terres de S.Alessio (Lu), l&rsquo;\u00e9peautre est ensuite d\u00e9cortiqu\u00e9 dans une zone de l&rsquo;Alta Lucchesia, dans la commune de San Romano en Garfagnana..<br \/>\nCette soupe est agr\u00e9ment\u00e9e et rendue d\u00e9licieuse gr\u00e2ce \u00e0 l&rsquo;union du pois chiche Piccolo Lucchese, du haricot cannellino, du haricot \u00e9crit et du haricot rouge, haricot malade et haricot borlotto, tous des produits biologiques cultiv\u00e9s par l&rsquo;entreprise.<br \/>\n<strong>Paquet de 500gr.<\/strong><\/h3>\n","protected":false},"excerpt":{"rendered":"<p><img loading=\"lazy\" decoding=\"async\" class=\"alignnone size-full wp-image-53\" src=\"https:\/\/lovebiowines.com\/wp-content\/uploads\/2023\/07\/fascia-italia-1-300x20-1.png\" alt=\"Produits Made in Italy\" width=\"300\" height=\"20\"><\/p>\n<h3 class=\"fusion-responsive-typography-calculated\" data-fontsize=\"16\" data-lineheight=\"24px\">Cette soupe est agr\u00e9ment\u00e9e et rendue d\u00e9licieuse gr\u00e2ce \u00e0 l&rsquo;union du pois chiche Piccolo Lucchese, du haricot cannellino, du haricot \u00e9crit et du haricot rouge, haricot malade et haricot borlotto, tous des produits biologiques cultiv\u00e9s par l&rsquo;entreprise. <\/h3>\n<p>Pack de 500g<\/p>\n","protected":false},"featured_media":2799,"template":"","meta":{"_monsterinsights_skip_tracking":false,"_monsterinsights_sitenote_active":false,"_monsterinsights_sitenote_note":"","_monsterinsights_sitenote_category":0,"_uf_show_specific_survey":0,"_uf_disable_surveys":false},"product_brand":[],"product_cat":[476,475],"product_tag":[],"class_list":{"0":"post-8211","1":"product","2":"type-product","3":"status-publish","4":"has-post-thumbnail","6":"product_cat-legumes-fr","7":"product_cat-produits-issus-de-lagriculture-biologique-et-biodynamique","9":"first","10":"instock","11":"taxable","12":"shipping-taxable","13":"purchasable","14":"product-type-simple"},"aioseo_notices":[],"_links":{"self":[{"href":"https:\/\/lovebiowines.com\/fr\/wp-json\/wp\/v2\/product\/8211","targetHints":{"allow":["GET"]}}],"collection":[{"href":"https:\/\/lovebiowines.com\/fr\/wp-json\/wp\/v2\/product"}],"about":[{"href":"https:\/\/lovebiowines.com\/fr\/wp-json\/wp\/v2\/types\/product"}],"version-history":[{"count":0,"href":"https:\/\/lovebiowines.com\/fr\/wp-json\/wp\/v2\/product\/8211\/revisions"}],"wp:featuredmedia":[{"embeddable":true,"href":"https:\/\/lovebiowines.com\/fr\/wp-json\/wp\/v2\/media\/2799"}],"wp:attachment":[{"href":"https:\/\/lovebiowines.com\/fr\/wp-json\/wp\/v2\/media?parent=8211"}],"wp:term":[{"taxonomy":"product_brand","embeddable":true,"href":"https:\/\/lovebiowines.com\/fr\/wp-json\/wp\/v2\/product_brand?post=8211"},{"taxonomy":"product_cat","embeddable":true,"href":"https:\/\/lovebiowines.com\/fr\/wp-json\/wp\/v2\/product_cat?post=8211"},{"taxonomy":"product_tag","embeddable":true,"href":"https:\/\/lovebiowines.com\/fr\/wp-json\/wp\/v2\/product_tag?post=8211"}],"curies":[{"name":"wp","href":"https:\/\/api.w.org\/{rel}","templated":true}]}}