{"id":8210,"date":"2024-04-25T22:24:25","date_gmt":"2024-04-25T20:24:25","guid":{"rendered":"https:\/\/lovebiowines.com\/product\/promo-degustez-les-vins-de-fattoria-sardi\/"},"modified":"2024-04-25T22:24:25","modified_gmt":"2024-04-25T20:24:25","slug":"promo-degustez-les-vins-de-fattoria-sardi","status":"publish","type":"product","link":"https:\/\/lovebiowines.com\/fr\/produit\/promo-degustez-les-vins-de-fattoria-sardi\/","title":{"rendered":"Promo \u00ab\u00a0D\u00e9gustez les vins de Fattoria Sardi\u00a0\u00bb"},"content":{"rendered":"<p>S\u00e9lection de vins Fattoria Sardi :<\/p>\n<p>1 Bouteille Sebastiano Doc Colline Lucchesi<\/p>\n<p>1 Bouteille Le Cicale Igt Toscana Ros\u00e9<\/p>\n<p>1 Bouteille Vallebuia Blanc Doc Colline Lucchesi<\/p>\n<p>1 Bouteille Vallebuia Rouge Doc Colline Lucchesi &#8211; Senza SO2<\/p>\n<p>1 Bouteille 13 Primavere Igt Toscana Ros\u00e9<\/p>\n<p>1 Bouteille Sotto Villa &#8211; Vermentino Doc Colline Lucchesi<\/p>\n<p><a href=\"https:\/\/lovebiowines.com\/wp-content\/uploads\/2024\/03\/I-Vini-di-fattoria-Sardi_LoVeBioWines.pdf\">Vins de la ferme Sardi_LoVeBioWines Fiche PDF<\/a><\/p>\n","protected":false},"excerpt":{"rendered":"<p><img loading=\"lazy\" decoding=\"async\" class=\"alignnone size-full wp-image-53\" src=\"https:\/\/lovebiowines.com\/wp-content\/uploads\/2023\/07\/fascia-italia-1-300x20-1.png\" alt=\"Produits Made in Italy\" width=\"300\" height=\"20\"><\/p>\n<p>Une s\u00e9lection de 6 vins d&rsquo;une des excellences viticoles des collines de Lucques : Fattoria Sardi<\/p>\n<p>Achat maximum par commande 2 packs<\/p>\n<p>Offre limit\u00e9e jusqu&rsquo;\u00e0 \u00e9puisement des stocks.<\/p>\n","protected":false},"featured_media":6525,"template":"","meta":{"_monsterinsights_skip_tracking":false,"_monsterinsights_sitenote_active":false,"_monsterinsights_sitenote_note":"","_monsterinsights_sitenote_category":0,"_uf_show_specific_survey":0,"_uf_disable_surveys":false},"product_brand":[],"product_cat":[451],"product_tag":[469,473,454,471,472,474,455,470],"class_list":{"0":"post-8210","1":"product","2":"type-product","3":"status-publish","4":"has-post-thumbnail","6":"product_cat-offres","7":"product_tag-13-primavere-fr","8":"product_tag-doc-colline-lucchesi-fr","9":"product_tag-fattoria-sardi-fr","10":"product_tag-le-cicale-fr","11":"product_tag-ros-fr","12":"product_tag-rose-fr","13":"product_tag-sebastiano-fr","14":"product_tag-vallebuia-fr","16":"first","17":"instock","18":"sale","19":"taxable","20":"shipping-taxable","21":"purchasable","22":"product-type-simple"},"aioseo_notices":[],"_links":{"self":[{"href":"https:\/\/lovebiowines.com\/fr\/wp-json\/wp\/v2\/product\/8210","targetHints":{"allow":["GET"]}}],"collection":[{"href":"https:\/\/lovebiowines.com\/fr\/wp-json\/wp\/v2\/product"}],"about":[{"href":"https:\/\/lovebiowines.com\/fr\/wp-json\/wp\/v2\/types\/product"}],"version-history":[{"count":0,"href":"https:\/\/lovebiowines.com\/fr\/wp-json\/wp\/v2\/product\/8210\/revisions"}],"wp:featuredmedia":[{"embeddable":true,"href":"https:\/\/lovebiowines.com\/fr\/wp-json\/wp\/v2\/media\/6525"}],"wp:attachment":[{"href":"https:\/\/lovebiowines.com\/fr\/wp-json\/wp\/v2\/media?parent=8210"}],"wp:term":[{"taxonomy":"product_brand","embeddable":true,"href":"https:\/\/lovebiowines.com\/fr\/wp-json\/wp\/v2\/product_brand?post=8210"},{"taxonomy":"product_cat","embeddable":true,"href":"https:\/\/lovebiowines.com\/fr\/wp-json\/wp\/v2\/product_cat?post=8210"},{"taxonomy":"product_tag","embeddable":true,"href":"https:\/\/lovebiowines.com\/fr\/wp-json\/wp\/v2\/product_tag?post=8210"}],"curies":[{"name":"wp","href":"https:\/\/api.w.org\/{rel}","templated":true}]}}