{"id":8208,"date":"2024-04-26T00:32:45","date_gmt":"2024-04-25T22:32:45","guid":{"rendered":"https:\/\/lovebiowines.com\/product\/promo-colline-lucchesi-candia-colli-apuani-002\/"},"modified":"2024-04-26T00:32:45","modified_gmt":"2024-04-25T22:32:45","slug":"promo-colline-lucchesi-candia-colli-apuani-002","status":"publish","type":"product","link":"https:\/\/lovebiowines.com\/fr\/produit\/promo-colline-lucchesi-candia-colli-apuani-002\/","title":{"rendered":"Promo \u00ab\u00a0Colline Lucchesi &#8211; Candia Colli Apuani\u00a0\u00bb 002"},"content":{"rendered":"<p>S\u00e9lection de vins de deux r\u00e9gions viticoles de la haute Toscane : Candia dei Colli Apuani (Carrara) &#8211; Colline Lucchesi (Lucca)<\/p>\n<p>2 Bouteilles Sotto Villa &#8211; Cave Fattoria Sardi (Vermentino)<\/p>\n<p>2 Bouteilles Vermentino Valle di Magra &#8211; Cave Villa di Negro<\/p>\n<p>2 Bouteilles B\u00e9atrice &#8211; Cantina Castagnini (Vermentino)<\/p>\n<p>&nbsp;<\/p>\n","protected":false},"excerpt":{"rendered":"<p><img loading=\"lazy\" decoding=\"async\" class=\"alignnone size-full wp-image-53\" src=\"https:\/\/lovebiowines.com\/wp-content\/uploads\/2023\/07\/fascia-italia-1-300x20-1.png\" alt=\"Produits Made in Italy\" width=\"300\" height=\"20\"><\/p>\n<p>S\u00e9lection de vins des collines Lucchesi et Candia Colli Apuani<\/p>\n<p>Une exp\u00e9rience sensorielle de deux terroirs viticoles avec le m\u00eame c\u00e9page : le Vermentino<\/p>\n","protected":false},"featured_media":6540,"template":"","meta":{"_monsterinsights_skip_tracking":false,"_monsterinsights_sitenote_active":false,"_monsterinsights_sitenote_note":"","_monsterinsights_sitenote_category":0,"_uf_show_specific_survey":0,"_uf_disable_surveys":false},"product_brand":[],"product_cat":[451],"product_tag":[458,460,453,454,459,461],"class_list":{"0":"post-8208","1":"product","2":"type-product","3":"status-publish","4":"has-post-thumbnail","6":"product_cat-offres","7":"product_tag-candia-fr","8":"product_tag-castagnini-fr","9":"product_tag-colline-lucchesi-fr","10":"product_tag-fattoria-sardi-fr","11":"product_tag-vermentino-fr","12":"product_tag-villa-di-negro-fr","14":"first","15":"instock","16":"sale","17":"taxable","18":"shipping-taxable","19":"purchasable","20":"product-type-simple"},"aioseo_notices":[],"_links":{"self":[{"href":"https:\/\/lovebiowines.com\/fr\/wp-json\/wp\/v2\/product\/8208","targetHints":{"allow":["GET"]}}],"collection":[{"href":"https:\/\/lovebiowines.com\/fr\/wp-json\/wp\/v2\/product"}],"about":[{"href":"https:\/\/lovebiowines.com\/fr\/wp-json\/wp\/v2\/types\/product"}],"version-history":[{"count":0,"href":"https:\/\/lovebiowines.com\/fr\/wp-json\/wp\/v2\/product\/8208\/revisions"}],"wp:featuredmedia":[{"embeddable":true,"href":"https:\/\/lovebiowines.com\/fr\/wp-json\/wp\/v2\/media\/6540"}],"wp:attachment":[{"href":"https:\/\/lovebiowines.com\/fr\/wp-json\/wp\/v2\/media?parent=8208"}],"wp:term":[{"taxonomy":"product_brand","embeddable":true,"href":"https:\/\/lovebiowines.com\/fr\/wp-json\/wp\/v2\/product_brand?post=8208"},{"taxonomy":"product_cat","embeddable":true,"href":"https:\/\/lovebiowines.com\/fr\/wp-json\/wp\/v2\/product_cat?post=8208"},{"taxonomy":"product_tag","embeddable":true,"href":"https:\/\/lovebiowines.com\/fr\/wp-json\/wp\/v2\/product_tag?post=8208"}],"curies":[{"name":"wp","href":"https:\/\/api.w.org\/{rel}","templated":true}]}}