{"id":8204,"date":"2024-08-17T20:19:01","date_gmt":"2024-08-17T18:19:01","guid":{"rendered":"https:\/\/lovebiowines.com\/product\/az-ag-guido-favilla-1l-olio-extra-vergine-di-oliva-bidon\/"},"modified":"2024-08-17T20:19:01","modified_gmt":"2024-08-17T18:19:01","slug":"az-ag-guido-favilla-1l-olio-extra-vergine-di-oliva-bidon","status":"publish","type":"product","link":"https:\/\/lovebiowines.com\/fr\/produit\/az-ag-guido-favilla-1l-olio-extra-vergine-di-oliva-bidon\/","title":{"rendered":"Az Ag Guido Favilla 1L &#8211; Olio Extra Vergine di Oliva Bidon"},"content":{"rendered":"<div class=\"fusion-title title fusion-title-1 fusion-title-text fusion-title-size-one\">\n<h4>Huile d&rsquo;olive vierge extra<\/h4>\n<\/div>\n<div class=\"fusion-text\">\n<h4>L\u2019huile est certainement un excellent produit fabriqu\u00e9 par l\u2019entreprise. De la fertilisation, r\u00e9alis\u00e9e sans produits chimiques, \u00e0 la lutte contre les insectes (mouche) r\u00e9alis\u00e9e avec des pr\u00e9ventions d&rsquo;origine naturelle, \u00e0 la r\u00e9colte exclusivement manuelle, au pressurage effectu\u00e9 dans les premi\u00e8res 24 heures jusqu&rsquo; \u00e0 la mise en bouteille , on consacre des tels soins que le produit fini se r\u00e9v\u00e8le excellent. <\/h4>\n<h4>Les olives sont r\u00e9colt\u00e9es dans les oliveraies de la commune de Vinci (FI), \u00e0 quelques centaines de m\u00e8tres de la maison natale du grand L\u00e9onard de Vinci, et dans une petite oliveraie situ\u00e9e dans la commune de Lucques.<br \/>\nLes vari\u00e9t\u00e9s avec lesquelles l&rsquo;huile est \u00e9labor\u00e9e sont principalement le Moraiolo et le Leccino et une petite partie du Frantoio.<\/h4>\n<h4>L&rsquo;huile obtenue convient aux condiments, aux bruschettas et aux entr\u00e9es.<\/h4>\n<\/div>\n","protected":false},"excerpt":{"rendered":"<p><img loading=\"lazy\" decoding=\"async\" class=\"alignnone size-full wp-image-53\" src=\"https:\/\/lovebiowines.com\/wp-content\/uploads\/2023\/07\/fascia-italia-1-300x20-1.png\" alt=\"Produits Made in Italy\" width=\"300\" height=\"20\"><\/p>\n<p>Format bouteille 500 cl &#8211; Entreprise agricole certifi\u00e9e biologique. Huile d&rsquo;olive extra vierge non certifi\u00e9e biologique en raison des temps de pressage diff\u00e9rents des protocoles, mais issue de l&rsquo;agriculture biologique et biodynamique <\/p>\n<p><span style=\"color: #ff0000;\">Pour le moment seul le format bouteille 500cl est disponible, en attendant le prochain mill\u00e9sime<\/span><\/p>\n","protected":false},"featured_media":6783,"template":"","meta":{"_monsterinsights_skip_tracking":false,"_monsterinsights_sitenote_active":false,"_monsterinsights_sitenote_note":"","_monsterinsights_sitenote_category":0,"_uf_show_specific_survey":0,"_uf_disable_surveys":false},"product_brand":[],"product_cat":[427],"product_tag":[429,433,432],"class_list":{"0":"post-8204","1":"product","2":"type-product","3":"status-publish","4":"has-post-thumbnail","6":"product_cat-huile-dolive-vierge-extra","7":"product_tag-huile-dolive-extra-vierge-italienne","8":"product_tag-lucques-biodynamique","9":"product_tag-tuscany-fr","11":"first","12":"outofstock","13":"taxable","14":"shipping-taxable","15":"purchasable","16":"product-type-simple"},"aioseo_notices":[],"_links":{"self":[{"href":"https:\/\/lovebiowines.com\/fr\/wp-json\/wp\/v2\/product\/8204","targetHints":{"allow":["GET"]}}],"collection":[{"href":"https:\/\/lovebiowines.com\/fr\/wp-json\/wp\/v2\/product"}],"about":[{"href":"https:\/\/lovebiowines.com\/fr\/wp-json\/wp\/v2\/types\/product"}],"version-history":[{"count":0,"href":"https:\/\/lovebiowines.com\/fr\/wp-json\/wp\/v2\/product\/8204\/revisions"}],"wp:featuredmedia":[{"embeddable":true,"href":"https:\/\/lovebiowines.com\/fr\/wp-json\/wp\/v2\/media\/6783"}],"wp:attachment":[{"href":"https:\/\/lovebiowines.com\/fr\/wp-json\/wp\/v2\/media?parent=8204"}],"wp:term":[{"taxonomy":"product_brand","embeddable":true,"href":"https:\/\/lovebiowines.com\/fr\/wp-json\/wp\/v2\/product_brand?post=8204"},{"taxonomy":"product_cat","embeddable":true,"href":"https:\/\/lovebiowines.com\/fr\/wp-json\/wp\/v2\/product_cat?post=8204"},{"taxonomy":"product_tag","embeddable":true,"href":"https:\/\/lovebiowines.com\/fr\/wp-json\/wp\/v2\/product_tag?post=8204"}],"curies":[{"name":"wp","href":"https:\/\/api.w.org\/{rel}","templated":true}]}}