{"id":8203,"date":"2024-08-18T23:17:45","date_gmt":"2024-08-18T21:17:45","guid":{"rendered":"https:\/\/lovebiowines.com\/product\/castagnini-vermouth\/"},"modified":"2024-08-18T23:17:45","modified_gmt":"2024-08-18T21:17:45","slug":"castagnini-vermouth","status":"publish","type":"product","link":"https:\/\/lovebiowines.com\/fr\/produit\/castagnini-vermouth\/","title":{"rendered":"Castagnini &#8211; Vermouth"},"content":{"rendered":"<p>Vermouth Vin ar\u00f4matis\u00e9 de couleur caramel, au go\u00fbt clair, avec un ar\u00f4me de quinquina, de clou de girofle et des notes de rhubarbe et de cannelle. L&rsquo;ensemble est cors\u00e9, avec une note sucr\u00e9e et un go\u00fbt tr\u00e8s persistant.<\/p>\n<ul>\n<li><strong>Composition<\/strong> : Compos\u00e9 de 80% de vin Vermentino, d&rsquo;alcool, de sucre caram\u00e9lis\u00e9, d&rsquo;absinthe, d&rsquo;\u00e9pices et d&rsquo;autres herbes aromatiques soigneusement s\u00e9lectionn\u00e9es et r\u00e9colt\u00e9es sur les collines Apuanes.<\/li>\n<li><strong>Accords<\/strong> : Ap\u00e9ritif agr\u00e9able servi froid ou comme ingr\u00e9dient dans de nombreux cocktails, il est d\u00e9licieux \u00e0 d\u00e9guster en fin de repas en accompagnement de desserts<\/li>\n<\/ul>\n","protected":false},"excerpt":{"rendered":"<p><img loading=\"lazy\" decoding=\"async\" class=\"alignnone size-full wp-image-53\" src=\"https:\/\/lovebiowines.com\/wp-content\/uploads\/2023\/07\/fascia-italia-1-300x20-1.png\" alt=\"Produits Made in Italy\" width=\"300\" height=\"20\"><\/p>\n<p>Bouteille de 50cl<\/p>\n<p>Pour le moment, ce produit ne peut \u00eatre vendu et exp\u00e9di\u00e9 qu&rsquo;en Italie<\/p>\n","protected":false},"featured_media":6975,"template":"","meta":{"_monsterinsights_skip_tracking":false,"_monsterinsights_sitenote_active":false,"_monsterinsights_sitenote_note":"","_monsterinsights_sitenote_category":0,"_uf_show_specific_survey":0,"_uf_disable_surveys":false},"product_brand":[],"product_cat":[447],"product_tag":[448],"class_list":{"0":"post-8203","1":"product","2":"type-product","3":"status-publish","4":"has-post-thumbnail","6":"product_cat-liqueurs-et-spiritueux","7":"product_tag-liquoricastagnini-fr","9":"first","10":"instock","11":"taxable","12":"shipping-taxable","13":"purchasable","14":"product-type-simple"},"aioseo_notices":[],"_links":{"self":[{"href":"https:\/\/lovebiowines.com\/fr\/wp-json\/wp\/v2\/product\/8203","targetHints":{"allow":["GET"]}}],"collection":[{"href":"https:\/\/lovebiowines.com\/fr\/wp-json\/wp\/v2\/product"}],"about":[{"href":"https:\/\/lovebiowines.com\/fr\/wp-json\/wp\/v2\/types\/product"}],"version-history":[{"count":0,"href":"https:\/\/lovebiowines.com\/fr\/wp-json\/wp\/v2\/product\/8203\/revisions"}],"wp:featuredmedia":[{"embeddable":true,"href":"https:\/\/lovebiowines.com\/fr\/wp-json\/wp\/v2\/media\/6975"}],"wp:attachment":[{"href":"https:\/\/lovebiowines.com\/fr\/wp-json\/wp\/v2\/media?parent=8203"}],"wp:term":[{"taxonomy":"product_brand","embeddable":true,"href":"https:\/\/lovebiowines.com\/fr\/wp-json\/wp\/v2\/product_brand?post=8203"},{"taxonomy":"product_cat","embeddable":true,"href":"https:\/\/lovebiowines.com\/fr\/wp-json\/wp\/v2\/product_cat?post=8203"},{"taxonomy":"product_tag","embeddable":true,"href":"https:\/\/lovebiowines.com\/fr\/wp-json\/wp\/v2\/product_tag?post=8203"}],"curies":[{"name":"wp","href":"https:\/\/api.w.org\/{rel}","templated":true}]}}