{"id":8202,"date":"2024-08-18T23:17:59","date_gmt":"2024-08-18T21:17:59","guid":{"rendered":"https:\/\/lovebiowines.com\/product\/castagnini-vermouth-blanc\/"},"modified":"2024-08-18T23:17:59","modified_gmt":"2024-08-18T21:17:59","slug":"castagnini-vermouth-blanc","status":"publish","type":"product","link":"https:\/\/lovebiowines.com\/fr\/produit\/castagnini-vermouth-blanc\/","title":{"rendered":"Castagnini &#8211; Vermouth Blanc"},"content":{"rendered":"<h4>Vermouth Blanc<\/h4>\n<p>Le Vermouth Blanc Apuan est produit en transformant 80% de Vermentino, de l&rsquo;alcool, du sucre, de l&rsquo;absinthe, des \u00e9pices et des herbes aromatiques soigneusement r\u00e9colt\u00e9es et s\u00e9lectionn\u00e9es sur ces collines luxuriantes.<\/p>\n<ul>\n<li><strong>Go\u00fbt<\/strong> : Go\u00fbt tr\u00e8s aromatique avec des notes de sauge, citronnelle, muscade, agrumes et herbes m\u00e9diterran\u00e9ennes.<\/li>\n<li><strong>Accords<\/strong> : Agr\u00e9able ap\u00e9ritif servi froid ou comme ingr\u00e9dient dans de nombreux cocktails, il est d\u00e9licieux \u00e0 d\u00e9guster en fin de repas en accompagnement de desserts.<\/li>\n<\/ul>\n","protected":false},"excerpt":{"rendered":"<p><img loading=\"lazy\" decoding=\"async\" class=\"alignnone size-full wp-image-53\" src=\"https:\/\/lovebiowines.com\/wp-content\/uploads\/2023\/07\/fascia-italia-1-300x20-1.png\" alt=\"Produits Made in Italy\" width=\"300\" height=\"20\"><\/p>\n<p>Bouteille de 50cl<\/p>\n<p>Pour le moment, ce produit ne peut \u00eatre vendu et exp\u00e9di\u00e9 qu&rsquo;en Italie<\/p>\n","protected":false},"featured_media":6971,"template":"","meta":{"_monsterinsights_skip_tracking":false,"_monsterinsights_sitenote_active":false,"_monsterinsights_sitenote_note":"","_monsterinsights_sitenote_category":0,"_uf_show_specific_survey":0,"_uf_disable_surveys":false},"product_brand":[],"product_cat":[447],"product_tag":[449,448,432,450],"class_list":{"0":"post-8202","1":"product","2":"type-product","3":"status-publish","4":"has-post-thumbnail","6":"product_cat-liqueurs-et-spiritueux","7":"product_tag-liqueurs-artisanales","8":"product_tag-liquoricastagnini-fr","9":"product_tag-tuscany-fr","10":"product_tag-vermouth-blanc","12":"first","13":"instock","14":"taxable","15":"shipping-taxable","16":"purchasable","17":"product-type-simple"},"aioseo_notices":[],"_links":{"self":[{"href":"https:\/\/lovebiowines.com\/fr\/wp-json\/wp\/v2\/product\/8202","targetHints":{"allow":["GET"]}}],"collection":[{"href":"https:\/\/lovebiowines.com\/fr\/wp-json\/wp\/v2\/product"}],"about":[{"href":"https:\/\/lovebiowines.com\/fr\/wp-json\/wp\/v2\/types\/product"}],"version-history":[{"count":0,"href":"https:\/\/lovebiowines.com\/fr\/wp-json\/wp\/v2\/product\/8202\/revisions"}],"wp:featuredmedia":[{"embeddable":true,"href":"https:\/\/lovebiowines.com\/fr\/wp-json\/wp\/v2\/media\/6971"}],"wp:attachment":[{"href":"https:\/\/lovebiowines.com\/fr\/wp-json\/wp\/v2\/media?parent=8202"}],"wp:term":[{"taxonomy":"product_brand","embeddable":true,"href":"https:\/\/lovebiowines.com\/fr\/wp-json\/wp\/v2\/product_brand?post=8202"},{"taxonomy":"product_cat","embeddable":true,"href":"https:\/\/lovebiowines.com\/fr\/wp-json\/wp\/v2\/product_cat?post=8202"},{"taxonomy":"product_tag","embeddable":true,"href":"https:\/\/lovebiowines.com\/fr\/wp-json\/wp\/v2\/product_tag?post=8202"}],"curies":[{"name":"wp","href":"https:\/\/api.w.org\/{rel}","templated":true}]}}