{"id":8201,"date":"2024-08-18T23:21:39","date_gmt":"2024-08-18T21:21:39","guid":{"rendered":"https:\/\/lovebiowines.com\/product\/castagnini-cherry\/"},"modified":"2024-08-18T23:21:39","modified_gmt":"2024-08-18T21:21:39","slug":"castagnini-cherry","status":"publish","type":"product","link":"https:\/\/lovebiowines.com\/fr\/produit\/castagnini-cherry\/","title":{"rendered":"Castagnini &#8211; Cherry"},"content":{"rendered":"<h4>Cherry<\/h4>\n<p>Produit \u00e0 base de vin rouge (80%) avec ajout d&rsquo;alcool, de sucres et de sirop de cerise noire r\u00e9colt\u00e9es dans nos collines. Produit aromatique et chaleureux, aux notes prononc\u00e9es de cerise noire et d&rsquo;\u00e9glantier, avec un final l\u00e9g\u00e8rement am\u00e8re et une bonne acidit\u00e9.<\/p>\n<ul>\n<li><strong>Accords<\/strong> : Id\u00e9al \u00e0 boire avec un dessert, \u00e0 d\u00e9guster ou \u00e0 utiliser en garniture de desserts et glaces<\/li>\n<\/ul>\n","protected":false},"excerpt":{"rendered":"<p><img loading=\"lazy\" decoding=\"async\" class=\"alignnone size-full wp-image-53\" src=\"https:\/\/lovebiowines.com\/wp-content\/uploads\/2023\/07\/fascia-italia-1-300x20-1.png\" alt=\"Produits Made in Italy\" width=\"300\" height=\"20\"><\/p>\n<p>Bouteille de 50cl<\/p>\n<p>Pour le moment, ce produit ne peut \u00eatre vendu et exp\u00e9di\u00e9 qu&rsquo;en Italie<\/p>\n","protected":false},"featured_media":6967,"template":"","meta":{"_monsterinsights_skip_tracking":false,"_monsterinsights_sitenote_active":false,"_monsterinsights_sitenote_note":"","_monsterinsights_sitenote_category":0,"_uf_show_specific_survey":0,"_uf_disable_surveys":false},"product_brand":[],"product_cat":[447],"product_tag":[448],"class_list":{"0":"post-8201","1":"product","2":"type-product","3":"status-publish","4":"has-post-thumbnail","6":"product_cat-liqueurs-et-spiritueux","7":"product_tag-liquoricastagnini-fr","9":"first","10":"instock","11":"taxable","12":"shipping-taxable","13":"purchasable","14":"product-type-simple"},"aioseo_notices":[],"_links":{"self":[{"href":"https:\/\/lovebiowines.com\/fr\/wp-json\/wp\/v2\/product\/8201","targetHints":{"allow":["GET"]}}],"collection":[{"href":"https:\/\/lovebiowines.com\/fr\/wp-json\/wp\/v2\/product"}],"about":[{"href":"https:\/\/lovebiowines.com\/fr\/wp-json\/wp\/v2\/types\/product"}],"version-history":[{"count":0,"href":"https:\/\/lovebiowines.com\/fr\/wp-json\/wp\/v2\/product\/8201\/revisions"}],"wp:featuredmedia":[{"embeddable":true,"href":"https:\/\/lovebiowines.com\/fr\/wp-json\/wp\/v2\/media\/6967"}],"wp:attachment":[{"href":"https:\/\/lovebiowines.com\/fr\/wp-json\/wp\/v2\/media?parent=8201"}],"wp:term":[{"taxonomy":"product_brand","embeddable":true,"href":"https:\/\/lovebiowines.com\/fr\/wp-json\/wp\/v2\/product_brand?post=8201"},{"taxonomy":"product_cat","embeddable":true,"href":"https:\/\/lovebiowines.com\/fr\/wp-json\/wp\/v2\/product_cat?post=8201"},{"taxonomy":"product_tag","embeddable":true,"href":"https:\/\/lovebiowines.com\/fr\/wp-json\/wp\/v2\/product_tag?post=8201"}],"curies":[{"name":"wp","href":"https:\/\/api.w.org\/{rel}","templated":true}]}}