{"id":8200,"date":"2024-08-18T23:25:25","date_gmt":"2024-08-18T21:25:25","guid":{"rendered":"https:\/\/lovebiowines.com\/product\/castagnini-lacrimae-solis\/"},"modified":"2024-08-18T23:25:25","modified_gmt":"2024-08-18T21:25:25","slug":"castagnini-lacrimae-solis","status":"publish","type":"product","link":"https:\/\/lovebiowines.com\/fr\/produit\/castagnini-lacrimae-solis\/","title":{"rendered":"Castagnini &#8211; Lacrimae Solis"},"content":{"rendered":"<h4>Lacrimae Solis<\/h4>\n<div>R\u00e9colte des raisins fin octobre en fl\u00e9trissage, 3 jours de mac\u00e9ration avec les peaux, fermentation en acier \u00e0 temp\u00e9rature contr\u00f4l\u00e9e.<\/div>\n<div><\/div>\n<div>Le vin est fruit\u00e9 avec des ar\u00f4mes d&rsquo;abricot m\u00fbr, de miel et de figues s\u00e8ches.<\/div>\n<div>\n<ul>\n<li><strong>Composition<\/strong> : Vermentino 90%, Trebbiano 10%\n<div>Vieillissement de plus de 3 ans en bouteille<br \/>\nTeneur en alcool : 13%<\/div>\n<div>Acidit\u00e9 totale : 5,2 g\/l<\/div>\n<div>Sucre r\u00e9siduel : amabille 35 mg\/l<\/div>\n<div>Couleur : jaune dor\u00e9 avec des ar\u00f4mes de fruits m\u00fbrs<\/div>\n<\/li>\n<li><strong>Accords <\/strong>: Fromages affin\u00e9s, plats \u00e9pic\u00e9s et desserts secs<\/li>\n<\/ul>\n<\/div>\n","protected":false},"excerpt":{"rendered":"<p><img loading=\"lazy\" decoding=\"async\" class=\"alignnone size-full wp-image-53\" src=\"https:\/\/lovebiowines.com\/wp-content\/uploads\/2023\/07\/fascia-italia-1-300x20-1.png\" alt=\"Produits Made in Italy\" width=\"300\" height=\"20\"><\/p>\n<p>Bouteille de 50cl<\/p>\n<p>Pour le moment, ce produit ne peut \u00eatre vendu et exp\u00e9di\u00e9 qu&rsquo;en Italie<\/p>\n","protected":false},"featured_media":6963,"template":"","meta":{"_monsterinsights_skip_tracking":false,"_monsterinsights_sitenote_active":false,"_monsterinsights_sitenote_note":"","_monsterinsights_sitenote_category":0,"_uf_show_specific_survey":0,"_uf_disable_surveys":false},"product_brand":[],"product_cat":[447],"product_tag":[448],"class_list":{"0":"post-8200","1":"product","2":"type-product","3":"status-publish","4":"has-post-thumbnail","6":"product_cat-liqueurs-et-spiritueux","7":"product_tag-liquoricastagnini-fr","9":"first","10":"instock","11":"taxable","12":"shipping-taxable","13":"purchasable","14":"product-type-simple"},"aioseo_notices":[],"_links":{"self":[{"href":"https:\/\/lovebiowines.com\/fr\/wp-json\/wp\/v2\/product\/8200","targetHints":{"allow":["GET"]}}],"collection":[{"href":"https:\/\/lovebiowines.com\/fr\/wp-json\/wp\/v2\/product"}],"about":[{"href":"https:\/\/lovebiowines.com\/fr\/wp-json\/wp\/v2\/types\/product"}],"version-history":[{"count":0,"href":"https:\/\/lovebiowines.com\/fr\/wp-json\/wp\/v2\/product\/8200\/revisions"}],"wp:featuredmedia":[{"embeddable":true,"href":"https:\/\/lovebiowines.com\/fr\/wp-json\/wp\/v2\/media\/6963"}],"wp:attachment":[{"href":"https:\/\/lovebiowines.com\/fr\/wp-json\/wp\/v2\/media?parent=8200"}],"wp:term":[{"taxonomy":"product_brand","embeddable":true,"href":"https:\/\/lovebiowines.com\/fr\/wp-json\/wp\/v2\/product_brand?post=8200"},{"taxonomy":"product_cat","embeddable":true,"href":"https:\/\/lovebiowines.com\/fr\/wp-json\/wp\/v2\/product_cat?post=8200"},{"taxonomy":"product_tag","embeddable":true,"href":"https:\/\/lovebiowines.com\/fr\/wp-json\/wp\/v2\/product_tag?post=8200"}],"curies":[{"name":"wp","href":"https:\/\/api.w.org\/{rel}","templated":true}]}}