{"id":8197,"date":"2024-10-17T14:14:32","date_gmt":"2024-10-17T12:14:32","guid":{"rendered":"https:\/\/lovebiowines.com\/product\/domaine-guado-al-tasso-il-bruciato-2022\/"},"modified":"2024-11-29T15:39:06","modified_gmt":"2024-11-29T14:39:06","slug":"domaine-guado-al-tasso-il-bruciato-2022","status":"publish","type":"product","link":"https:\/\/lovebiowines.com\/fr\/produit\/domaine-guado-al-tasso-il-bruciato-2022\/","title":{"rendered":"DOMAINE GUADO AL TASSO &#8211; Il Bruciato 2022"},"content":{"rendered":"<h5>Le Bruciato 2022 a le rouge rubis intense habituel. Au nez, pr\u00e9dominent des notes de petits fruits rouges m\u00fbrs, accompagn\u00e9es d&rsquo;agr\u00e9ables notes d&rsquo;\u00e9pices douces, l\u00e9g\u00e8res sensations menthol\u00e9es et ar\u00f4mes de tabac. En bouche, il est bien structur\u00e9, enveloppant et avec un agr\u00e9able arri\u00e8re-go\u00fbt fruit\u00e9 qui le rend agr\u00e9able \u00e0 boire et lui conf\u00e8re une certaine persistance.  <\/h5>\n<h5>Classification: DOC Rosso<br \/>\nMill\u00e9sime: 2022<\/h5>\n<h5>Vinification<br \/>\nA leur arriv\u00e9e \u00e0 la cave, les raisins s\u00e9lectionn\u00e9s ont \u00e9t\u00e9 \u00e9grapp\u00e9s et press\u00e9s doucement. La fermentation et la mac\u00e9ration se sont d\u00e9roul\u00e9es dans des cuves en acier inoxydable thermoconditionn\u00e9es pendant une p\u00e9riode d&rsquo;environ 10 \u00e0 15 jours \u00e0 une temp\u00e9rature de 28 \u00e0 30 \u00b0C. Une partie des mo\u00fbts de Merlot et de Syrah ont \u00e9t\u00e9 conserv\u00e9s \u00e0 des temp\u00e9ratures de fermentation plus basses pour mieux pr\u00e9server les ar\u00f4mes vari\u00e9taux. La fermentation malolactique s&rsquo;est d\u00e9roul\u00e9e en partie en barriques et en partie en cuves inox et s&rsquo;est achev\u00e9e \u00e0 la fin de l&rsquo;ann\u00e9e pour toutes les vari\u00e9t\u00e9s. Par la suite, le Cabernet Sauvignon rejoint le Merlot, la Syrah, et de petites quantit\u00e9s de Cabernet Franc et de Petit Verdot : le vin ainsi obtenu retrouve la barrique, o\u00f9 il repose avant d&rsquo;\u00eatre mis en bouteille.<\/h5>\n<h5><a href=\"https:\/\/lovebiowines.com\/wp-content\/uploads\/2024\/10\/scheda-Il-Bruciato-2022.pdf\">Fiche Il Bruciato 2022<\/a><\/h5>\n","protected":false},"excerpt":{"rendered":"<p><img loading=\"lazy\" decoding=\"async\" class=\"alignnone size-full wp-image-53\" src=\"https:\/\/lovebiowines.com\/wp-content\/uploads\/2023\/07\/fascia-italia-1-300x20-1.png\" alt=\"Produits Made in Italy\" width=\"300\" height=\"20\"><\/p>\n<h5>Un nom qu&rsquo;il n&rsquo;est pas n\u00e9cessaire de pr\u00e9senter \u00ab\u00a0Il Bruciato\u00a0\u00bb, un classique de Bolgheri<\/h5>\n<h5>Bouteille de 0.75L &#8211; Pack de 6 Bouteilles<\/h5>\n<h5>Pour toute commande sp\u00e9ciale, merci de nous contacter<\/h5>\n<p><span style=\"color: #993366;\"><strong>En attendant le mill\u00e9sime 2022<\/strong><\/span><\/p>\n","protected":false},"featured_media":9457,"template":"","meta":{"_monsterinsights_skip_tracking":false,"_monsterinsights_sitenote_active":false,"_monsterinsights_sitenote_note":"","_monsterinsights_sitenote_category":0,"_uf_show_specific_survey":0,"_uf_disable_surveys":false},"product_brand":[],"product_cat":[542,435,444,445,506],"product_tag":[439,440,543,547,441,484,486,446],"class_list":{"0":"post-8197","1":"product","2":"type-product","3":"status-publish","4":"has-post-thumbnail","6":"product_cat-cabernet-franc-fr","7":"product_cat-domaines-marchesi-antinori","8":"product_cat-horeca-fr","9":"product_cat-horeca-rosso-fr","10":"product_cat-merlot-fr","11":"product_tag-antinori-fr","12":"product_tag-bolgheri-fr","13":"product_tag-cabernet-franc_and-fr","14":"product_tag-cabernet-sauvignon_and-fr","15":"product_tag-guado-al-tasso-fr","16":"product_tag-merlot_and-fr","17":"product_tag-syrah_and-fr","18":"product_tag-tuscanwine-fr","20":"first","21":"instock","22":"taxable","23":"shipping-taxable","24":"purchasable","25":"product-type-simple"},"aioseo_notices":[],"_links":{"self":[{"href":"https:\/\/lovebiowines.com\/fr\/wp-json\/wp\/v2\/product\/8197","targetHints":{"allow":["GET"]}}],"collection":[{"href":"https:\/\/lovebiowines.com\/fr\/wp-json\/wp\/v2\/product"}],"about":[{"href":"https:\/\/lovebiowines.com\/fr\/wp-json\/wp\/v2\/types\/product"}],"version-history":[{"count":0,"href":"https:\/\/lovebiowines.com\/fr\/wp-json\/wp\/v2\/product\/8197\/revisions"}],"wp:featuredmedia":[{"embeddable":true,"href":"https:\/\/lovebiowines.com\/fr\/wp-json\/wp\/v2\/media\/9457"}],"wp:attachment":[{"href":"https:\/\/lovebiowines.com\/fr\/wp-json\/wp\/v2\/media?parent=8197"}],"wp:term":[{"taxonomy":"product_brand","embeddable":true,"href":"https:\/\/lovebiowines.com\/fr\/wp-json\/wp\/v2\/product_brand?post=8197"},{"taxonomy":"product_cat","embeddable":true,"href":"https:\/\/lovebiowines.com\/fr\/wp-json\/wp\/v2\/product_cat?post=8197"},{"taxonomy":"product_tag","embeddable":true,"href":"https:\/\/lovebiowines.com\/fr\/wp-json\/wp\/v2\/product_tag?post=8197"}],"curies":[{"name":"wp","href":"https:\/\/api.w.org\/{rel}","templated":true}]}}