{"id":8195,"date":"2024-10-17T15:19:18","date_gmt":"2024-10-17T13:19:18","guid":{"rendered":"https:\/\/lovebiowines.com\/product\/domaine-guado-al-tasso-bolgheri-rose-doc-scalabrone-2023\/"},"modified":"2024-10-17T15:19:18","modified_gmt":"2024-10-17T13:19:18","slug":"domaine-guado-al-tasso-bolgheri-rose-doc-scalabrone-2023","status":"publish","type":"product","link":"https:\/\/lovebiowines.com\/fr\/produit\/domaine-guado-al-tasso-bolgheri-rose-doc-scalabrone-2023\/","title":{"rendered":"DOMAINE GUADO AL TASSO &#8211; Bolgheri Ros\u00e9 Doc &#8211; Scalabrone 2023"},"content":{"rendered":"<h3 class=\"heading heading--h3 \">Le Vin<\/h3>\n<p class=\"article paragraph \">Cabernet Sauvignon, Merlot et une partie de Syrah pour un ros\u00e9 aux ar\u00f4mes forts et intenses, caract\u00e9ristiques de la r\u00e9gion de Bolgheri. Le vignoble, tout comme le vin, tire son nom du bandit \u00ab\u00a0Scalabrone\u00a0\u00bb qui vivait dans cette r\u00e9gion au d\u00e9but du XIX\u00e8me si\u00e8cle et il est situ\u00e9 sur des sols limono-argileux d&rsquo;origine majoritairement alluviale, riches en galets. <\/p>\n<h3 class=\"heading heading--h3 text-animated text-animated--active\">Sol<\/h3>\n<p class=\"article paragraph text-animated text-animated--active\">Majoritairement sableux, profond, frais et riche en nutriments.<\/p>\n","protected":false},"excerpt":{"rendered":"<p><img loading=\"lazy\" decoding=\"async\" class=\"alignnone size-full wp-image-53\" src=\"https:\/\/lovebiowines.com\/wp-content\/uploads\/2023\/07\/fascia-italia-1-300x20-1.png\" alt=\"Produits Made in Italy\" width=\"300\" height=\"20\"><\/p>\n<p>Cabernet Sauvignon, Merlot et une partie de Syrah pour un ros\u00e9 aux ar\u00f4mes forts et intenses, caract\u00e9ristiques de la r\u00e9gion de Bolgheri.<\/p>\n<p>Bouteille de 0.75 &#8211; Conditionnement de 6 Bottiglie<\/p>\n<p>En attendant le mill\u00e9sime 2023<\/p>\n","protected":false},"featured_media":9452,"template":"","meta":{"_monsterinsights_skip_tracking":false,"_monsterinsights_sitenote_active":false,"_monsterinsights_sitenote_note":"","_monsterinsights_sitenote_category":0,"_uf_show_specific_survey":0,"_uf_disable_surveys":false},"product_brand":[],"product_cat":[435,506],"product_tag":[439,440,547,441,484,442],"class_list":{"0":"post-8195","1":"product","2":"type-product","3":"status-publish","4":"has-post-thumbnail","6":"product_cat-domaines-marchesi-antinori","7":"product_cat-merlot-fr","8":"product_tag-antinori-fr","9":"product_tag-bolgheri-fr","10":"product_tag-cabernet-sauvignon_and-fr","11":"product_tag-guado-al-tasso-fr","12":"product_tag-merlot_and-fr","13":"product_tag-scalabrone-fr","15":"first","16":"outofstock","17":"taxable","18":"shipping-taxable","19":"product-type-simple"},"aioseo_notices":[],"_links":{"self":[{"href":"https:\/\/lovebiowines.com\/fr\/wp-json\/wp\/v2\/product\/8195","targetHints":{"allow":["GET"]}}],"collection":[{"href":"https:\/\/lovebiowines.com\/fr\/wp-json\/wp\/v2\/product"}],"about":[{"href":"https:\/\/lovebiowines.com\/fr\/wp-json\/wp\/v2\/types\/product"}],"version-history":[{"count":0,"href":"https:\/\/lovebiowines.com\/fr\/wp-json\/wp\/v2\/product\/8195\/revisions"}],"wp:featuredmedia":[{"embeddable":true,"href":"https:\/\/lovebiowines.com\/fr\/wp-json\/wp\/v2\/media\/9452"}],"wp:attachment":[{"href":"https:\/\/lovebiowines.com\/fr\/wp-json\/wp\/v2\/media?parent=8195"}],"wp:term":[{"taxonomy":"product_brand","embeddable":true,"href":"https:\/\/lovebiowines.com\/fr\/wp-json\/wp\/v2\/product_brand?post=8195"},{"taxonomy":"product_cat","embeddable":true,"href":"https:\/\/lovebiowines.com\/fr\/wp-json\/wp\/v2\/product_cat?post=8195"},{"taxonomy":"product_tag","embeddable":true,"href":"https:\/\/lovebiowines.com\/fr\/wp-json\/wp\/v2\/product_tag?post=8195"}],"curies":[{"name":"wp","href":"https:\/\/api.w.org\/{rel}","templated":true}]}}