{"id":8194,"date":"2024-10-17T15:41:00","date_gmt":"2024-10-17T13:41:00","guid":{"rendered":"https:\/\/lovebiowines.com\/product\/pian-delle-vigne-rosso-di-montalcino-doc-2022\/"},"modified":"2024-10-17T15:41:00","modified_gmt":"2024-10-17T13:41:00","slug":"pian-delle-vigne-rosso-di-montalcino-doc-2022","status":"publish","type":"product","link":"https:\/\/lovebiowines.com\/fr\/produit\/pian-delle-vigne-rosso-di-montalcino-doc-2022\/","title":{"rendered":"PIAN DELLE VIGNE &#8211; Rosso di Montalcino Doc 2022"},"content":{"rendered":"<h3 class=\"heading heading--h3 \">Le Vin<\/h3>\n<p class=\"article paragraph \">Un vin qui rehausse l&rsquo;agr\u00e9able parfum du Sangiovese dans sa puret\u00e9, un c\u00e9page historique de Montalcino. Les terroirs, aux sols argilo-calcaires, donnent naissance \u00e0 un Rouge di Montalcino frais, min\u00e9ral, de grande buvabilit\u00e9. <\/p>\n","protected":false},"excerpt":{"rendered":"<p><img loading=\"lazy\" decoding=\"async\" class=\"alignnone size-full wp-image-53\" src=\"https:\/\/lovebiowines.com\/wp-content\/uploads\/2023\/07\/fascia-italia-1-300x20-1.png\" alt=\"Produits Made in Italy\" width=\"300\" height=\"20\"><\/p>\n<p>Un vin qui rehausse l&rsquo;agr\u00e9able parfum du pur Sangiovese, un c\u00e9page historique de Montalcino.<\/p>\n<p>Bouteille de 0.75L &#8211; Conditionnement de 6 Bottiglie<\/p>\n<p>Pour des commandes sp\u00e9ciales merci de nous contacter, pour que l&rsquo;on puisse l&rsquo;\u00e9valuer <\/p>\n<p><strong><span style=\"color: #993366;\">dans l&rsquo;attente de l&rsquo;ann\u00e9e 2022<\/span><\/strong><\/p>\n","protected":false},"featured_media":7147,"template":"","meta":{"_monsterinsights_skip_tracking":false,"_monsterinsights_sitenote_active":false,"_monsterinsights_sitenote_note":"","_monsterinsights_sitenote_category":0,"_uf_show_specific_survey":0,"_uf_disable_surveys":false},"product_brand":[],"product_cat":[435],"product_tag":[439,437,436],"class_list":{"0":"post-8194","1":"product","2":"type-product","3":"status-publish","4":"has-post-thumbnail","6":"product_cat-domaines-marchesi-antinori","7":"product_tag-antinori-fr","8":"product_tag-montalcino-fr","9":"product_tag-pian-delle-vigne-fr","11":"first","12":"instock","13":"taxable","14":"shipping-taxable","15":"purchasable","16":"product-type-simple"},"aioseo_notices":[],"_links":{"self":[{"href":"https:\/\/lovebiowines.com\/fr\/wp-json\/wp\/v2\/product\/8194","targetHints":{"allow":["GET"]}}],"collection":[{"href":"https:\/\/lovebiowines.com\/fr\/wp-json\/wp\/v2\/product"}],"about":[{"href":"https:\/\/lovebiowines.com\/fr\/wp-json\/wp\/v2\/types\/product"}],"version-history":[{"count":0,"href":"https:\/\/lovebiowines.com\/fr\/wp-json\/wp\/v2\/product\/8194\/revisions"}],"wp:featuredmedia":[{"embeddable":true,"href":"https:\/\/lovebiowines.com\/fr\/wp-json\/wp\/v2\/media\/7147"}],"wp:attachment":[{"href":"https:\/\/lovebiowines.com\/fr\/wp-json\/wp\/v2\/media?parent=8194"}],"wp:term":[{"taxonomy":"product_brand","embeddable":true,"href":"https:\/\/lovebiowines.com\/fr\/wp-json\/wp\/v2\/product_brand?post=8194"},{"taxonomy":"product_cat","embeddable":true,"href":"https:\/\/lovebiowines.com\/fr\/wp-json\/wp\/v2\/product_cat?post=8194"},{"taxonomy":"product_tag","embeddable":true,"href":"https:\/\/lovebiowines.com\/fr\/wp-json\/wp\/v2\/product_tag?post=8194"}],"curies":[{"name":"wp","href":"https:\/\/api.w.org\/{rel}","templated":true}]}}