{"id":8193,"date":"2024-10-17T15:49:50","date_gmt":"2024-10-17T13:49:50","guid":{"rendered":"https:\/\/lovebiowines.com\/product\/pian-delle-vigne-brunello-pian-delle-vigne-2019\/"},"modified":"2024-10-17T15:49:50","modified_gmt":"2024-10-17T13:49:50","slug":"pian-delle-vigne-brunello-pian-delle-vigne-2019","status":"publish","type":"product","link":"https:\/\/lovebiowines.com\/fr\/produit\/pian-delle-vigne-brunello-pian-delle-vigne-2019\/","title":{"rendered":"PIAN DELLE VIGNE &#8211; Brunello Pian delle Vigne 2019"},"content":{"rendered":"<h3 class=\"heading heading--h3 \">Le Vin<\/h3>\n<p class=\"article paragraph \">La philosophie orient\u00e9e vers le grand f\u00fbt, capable de pr\u00e9server l&rsquo;extraordinaire int\u00e9grit\u00e9 du fruit du Sangiovese et de donner au Brunello son \u00e9l\u00e9gance vibrante caract\u00e9ristique, trouve une expression extraordinaire dans le Brunello Pian delle Vigne.<\/p>\n<h5><a href=\"https:\/\/lovebiowines.com\/fr\/marchesi-antinori\/\">D\u00e9couvrez les autres vins Antinori<\/a><\/h5>\n<h5><em>Pour en savoir plus:<\/em><\/h5>\n<h5><a href=\"http:\/\/catalogoviti.politicheagricole.it\/scheda_denom.php?t=dsc&amp;q=1013\">Disciplinare Brunello Montalcino<\/a><\/h5>\n<h5><a href=\"https:\/\/www.consorziobrunellodimontalcino.it\/\">Consortium Brunello Montalcino<\/a><\/h5>\n","protected":false},"excerpt":{"rendered":"<p>Le Vin La philosophie orient\u00e9e vers le grand f\u00fbt, capable de pr\u00e9server l&rsquo;extraordinaire int\u00e9grit\u00e9 du fruit du Sangiovese et de donner au Brunello son \u00e9l\u00e9gance vibrante caract\u00e9ristique, trouve une expression extraordinaire dans le Brunello Pian delle Vigne. D\u00e9couvrez les autres vins Antinori Pour en savoir plus: Disciplinare Brunello Montalcino Consortium Brunello Montalcino<\/p>\n","protected":false},"featured_media":7157,"template":"","meta":{"_monsterinsights_skip_tracking":false,"_monsterinsights_sitenote_active":false,"_monsterinsights_sitenote_note":"","_monsterinsights_sitenote_category":0,"_uf_show_specific_survey":0,"_uf_disable_surveys":false},"product_brand":[],"product_cat":[435],"product_tag":[439,438,437,436],"class_list":{"0":"post-8193","1":"product","2":"type-product","3":"status-publish","4":"has-post-thumbnail","6":"product_cat-domaines-marchesi-antinori","7":"product_tag-antinori-fr","8":"product_tag-brunello-fr","9":"product_tag-montalcino-fr","10":"product_tag-pian-delle-vigne-fr","12":"first","13":"instock","14":"taxable","15":"shipping-taxable","16":"product-type-simple"},"aioseo_notices":[],"_links":{"self":[{"href":"https:\/\/lovebiowines.com\/fr\/wp-json\/wp\/v2\/product\/8193","targetHints":{"allow":["GET"]}}],"collection":[{"href":"https:\/\/lovebiowines.com\/fr\/wp-json\/wp\/v2\/product"}],"about":[{"href":"https:\/\/lovebiowines.com\/fr\/wp-json\/wp\/v2\/types\/product"}],"version-history":[{"count":0,"href":"https:\/\/lovebiowines.com\/fr\/wp-json\/wp\/v2\/product\/8193\/revisions"}],"wp:featuredmedia":[{"embeddable":true,"href":"https:\/\/lovebiowines.com\/fr\/wp-json\/wp\/v2\/media\/7157"}],"wp:attachment":[{"href":"https:\/\/lovebiowines.com\/fr\/wp-json\/wp\/v2\/media?parent=8193"}],"wp:term":[{"taxonomy":"product_brand","embeddable":true,"href":"https:\/\/lovebiowines.com\/fr\/wp-json\/wp\/v2\/product_brand?post=8193"},{"taxonomy":"product_cat","embeddable":true,"href":"https:\/\/lovebiowines.com\/fr\/wp-json\/wp\/v2\/product_cat?post=8193"},{"taxonomy":"product_tag","embeddable":true,"href":"https:\/\/lovebiowines.com\/fr\/wp-json\/wp\/v2\/product_tag?post=8193"}],"curies":[{"name":"wp","href":"https:\/\/api.w.org\/{rel}","templated":true}]}}