{"id":8192,"date":"2024-10-17T16:47:36","date_gmt":"2024-10-17T14:47:36","guid":{"rendered":"https:\/\/lovebiowines.com\/product\/pian-delle-vigne-pian-delle-vigne-vignaferrovia-brunello-di-montalcino-docg-riserva-2018\/"},"modified":"2024-10-17T16:47:36","modified_gmt":"2024-10-17T14:47:36","slug":"pian-delle-vigne-pian-delle-vigne-vignaferrovia-brunello-di-montalcino-docg-riserva-2018","status":"publish","type":"product","link":"https:\/\/lovebiowines.com\/fr\/produit\/pian-delle-vigne-pian-delle-vigne-vignaferrovia-brunello-di-montalcino-docg-riserva-2018\/","title":{"rendered":"PIAN DELLE VIGNE &#8211; Pian delle Vigne Vignaferrovia Brunello di Montalcino Docg Riserva 2018"},"content":{"rendered":"<h5 class=\"heading heading--h3 \">Le Vin<\/h5>\n<h5 class=\"heading heading--h3 \"><span style=\"font-size: 16px;\">Vignaferrovia<\/span> est produit uniquement dans les meilleures ann\u00e9es \u00e0 partir d&rsquo;un petit vignoble d&rsquo;environ 4 hectares et demi, adjacent \u00e0 l&rsquo;ancienne station de Pian delle Vigne, reposant sur un sol g\u00e9n\u00e9ralement argileux et calcaire, riche en petite graviers. C&rsquo;est un vin \u00e9l\u00e9gant et enveloppant, caract\u00e9ris\u00e9 par une texture tannique dense soutenue par une grande fra\u00eecheur et douceur. Le premier mill\u00e9sime de Vignaferrovia date de 2004. Il n&rsquo;a pas \u00e9t\u00e9 produit en 2005, 2008 et 2011.   <\/h5>\n<h5 class=\"heading heading--h3 accordion__title\">Une ancienne gare : Vigneto Vignaferrovia tire son nom d&rsquo;une ancienne gare du XIXe si\u00e8cle situ\u00e9e \u00e0 quelques m\u00e8tres des rang\u00e9es.<\/h5>\n<h5 class=\"heading heading--h3 accordion__title\">Un sol rocheux : Vigneto Vignaferrovia repose sur un sol fortement caract\u00e9ris\u00e9 par des roches et des cailloux, capables de limiter naturellement la vigueur de la vigne et de valoriser la qualit\u00e9 des raisins.<\/h5>\n<h5 class=\"heading heading--h3 accordion__title\">Vents marins : L&rsquo;exposition particuli\u00e8re sud\/ouest du vignoble permet aux vents marins d&rsquo;att\u00e9nuer les temp\u00e9ratures estivales du vignoble, limitant les pics de chaleur.<\/h5>\n<div class=\"wine-bottle__sidebar-item accordion__item\">\n<h5 class=\"heading heading--h3 accordion__title\">Interpr\u00e9tation personnelle : La famille Antinori a voulu interpr\u00e9ter un vin historique comme le Brunello di Montalcino d&rsquo;une mani\u00e8re personnelle et profonde.<\/h5>\n<h5><a href=\"https:\/\/lovebiowines.com\/fr\/marchesi-antinori\/\">D\u00e9couvrez les autres vins Antinori<\/a><\/h5>\n<h5><em>Pour en savoir plus:<\/em><\/h5>\n<h5><a href=\"http:\/\/catalogoviti.politicheagricole.it\/scheda_denom.php?t=dsc&amp;q=1013\">Disciplinare Brunello Montalcino<\/a><\/h5>\n<h5><a href=\"https:\/\/www.consorziobrunellodimontalcino.it\/\">Consortium Brunello Montalcino<\/a><\/h5>\n<\/div>\n","protected":false},"excerpt":{"rendered":"<p><img loading=\"lazy\" decoding=\"async\" class=\"alignnone size-full wp-image-53\" src=\"https:\/\/lovebiowines.com\/wp-content\/uploads\/2023\/07\/fascia-italia-1-300x20-1.png\" alt=\"Produits Made in Italy\" width=\"300\" height=\"20\"><\/p>\n<h5 class=\"article paragraph \">Vignaferrovia est produit uniquement dans les meilleures ann\u00e9es \u00e0 partir d&rsquo;un petit vignoble d&rsquo;environ 4 hectares et demi.<\/p>\n<p><\/h5>\n<p>Sur demande Bouteille 0.75L dans Coffret en bois<\/p>\n","protected":false},"featured_media":7167,"template":"","meta":{"_monsterinsights_skip_tracking":false,"_monsterinsights_sitenote_active":false,"_monsterinsights_sitenote_note":"","_monsterinsights_sitenote_category":0,"_uf_show_specific_survey":0,"_uf_disable_surveys":false},"product_brand":[],"product_cat":[435],"product_tag":[438,437,436],"class_list":{"0":"post-8192","1":"product","2":"type-product","3":"status-publish","4":"has-post-thumbnail","6":"product_cat-domaines-marchesi-antinori","7":"product_tag-brunello-fr","8":"product_tag-montalcino-fr","9":"product_tag-pian-delle-vigne-fr","11":"first","12":"instock","13":"taxable","14":"shipping-taxable","15":"purchasable","16":"product-type-simple"},"aioseo_notices":[],"_links":{"self":[{"href":"https:\/\/lovebiowines.com\/fr\/wp-json\/wp\/v2\/product\/8192","targetHints":{"allow":["GET"]}}],"collection":[{"href":"https:\/\/lovebiowines.com\/fr\/wp-json\/wp\/v2\/product"}],"about":[{"href":"https:\/\/lovebiowines.com\/fr\/wp-json\/wp\/v2\/types\/product"}],"version-history":[{"count":0,"href":"https:\/\/lovebiowines.com\/fr\/wp-json\/wp\/v2\/product\/8192\/revisions"}],"wp:featuredmedia":[{"embeddable":true,"href":"https:\/\/lovebiowines.com\/fr\/wp-json\/wp\/v2\/media\/7167"}],"wp:attachment":[{"href":"https:\/\/lovebiowines.com\/fr\/wp-json\/wp\/v2\/media?parent=8192"}],"wp:term":[{"taxonomy":"product_brand","embeddable":true,"href":"https:\/\/lovebiowines.com\/fr\/wp-json\/wp\/v2\/product_brand?post=8192"},{"taxonomy":"product_cat","embeddable":true,"href":"https:\/\/lovebiowines.com\/fr\/wp-json\/wp\/v2\/product_cat?post=8192"},{"taxonomy":"product_tag","embeddable":true,"href":"https:\/\/lovebiowines.com\/fr\/wp-json\/wp\/v2\/product_tag?post=8192"}],"curies":[{"name":"wp","href":"https:\/\/api.w.org\/{rel}","templated":true}]}}