{"id":8190,"date":"2024-10-27T21:33:25","date_gmt":"2024-10-27T20:33:25","guid":{"rendered":"https:\/\/lovebiowines.com\/product\/valle-del-sole-0-50l-huile-dolive-extra-vierge\/"},"modified":"2024-10-27T21:33:25","modified_gmt":"2024-10-27T20:33:25","slug":"valle-del-sole-0-50l-huile-dolive-extra-vierge","status":"publish","type":"product","link":"https:\/\/lovebiowines.com\/fr\/produit\/valle-del-sole-0-50l-huile-dolive-extra-vierge\/","title":{"rendered":"Valle del Sole 0.50L &#8211; Huile d&rsquo;Olive Extra Vierge"},"content":{"rendered":"<h5>Huile d&rsquo;Olive Extra Vierge<\/h5>\n<h5>Cette huile est obtenue par pression \u00e0 froid dans les 24 heures des olives Frantoiano, Leccino et Moraiolo r\u00e9colt\u00e9es \u00e0 la main entre fin octobre et mi-novembre. L&rsquo;huile d&rsquo;olive extra vierge se caract\u00e9rise par une couleur dor\u00e9e chaude et un parfum raffin\u00e9 qui peut \u00eatre appr\u00e9ci\u00e9 \u00e0 l&rsquo;\u00e9tat naturel. <\/h5>\n<h5>Huile d&rsquo;Olive Extra Vierge de cat\u00e9gorie sup\u00e9rieure obtenue directement des olives et uniquement par des proc\u00e9d\u00e9s m\u00e9caniques.<\/h5>\n<h5>VALEURS NUTRITIONNELLE<\/h5>\n<h5>Pour 100 ml de produit<\/h5>\n<ul>\n<li>\n<h5>Valeur \u00e9nerg\u00e9tique: kcal 899 \u2013 kJ 3762<\/h5>\n<\/li>\n<li>\n<h5>Mati\u00e8res grasses : 99,9 g, dont acides gras satur\u00e9s : 14,46 g<\/h5>\n<\/li>\n<li>\n<h5>Glucides : 0 g, dont : Sucres 0 g<\/h5>\n<\/li>\n<li>\n<h5>Prot\u00e9ines: 0 g<\/h5>\n<\/li>\n<li>\n<h5>Sel: 0 g<\/h5>\n<\/li>\n<\/ul>\n<h5>Produit et mis en bouteille par l&rsquo;Azienda Agricola Valle del Sole Localit\u00e0 Cappella \u2013 Lucca \u2013 Italie<\/h5>\n","protected":false},"excerpt":{"rendered":"<p><img loading=\"lazy\" decoding=\"async\" class=\"alignnone size-full wp-image-53\" src=\"https:\/\/lovebiowines.com\/wp-content\/uploads\/2023\/07\/fascia-italia-1-300x20-1.png\" alt=\"Produits Made in Italy\" width=\"300\" height=\"20\"><\/p>\n<h5>Huile d&rsquo;olive de cat\u00e9gorie sup\u00e9rieure obtenue directement des olives et uniquement par des proc\u00e9d\u00e9s m\u00e9caniques<\/h5>\n<h5>Obtenu par pression \u00e0 froid, dans les 24 heures, d&rsquo;olives Frantoiano, Leccino et Moraiolo r\u00e9colt\u00e9es \u00e0 la main entre fin octobre et mi-novembre<\/h5>\n","protected":false},"featured_media":7243,"template":"","meta":{"_monsterinsights_skip_tracking":false,"_monsterinsights_sitenote_active":false,"_monsterinsights_sitenote_note":"","_monsterinsights_sitenote_category":0,"_uf_show_specific_survey":0,"_uf_disable_surveys":false},"product_brand":[],"product_cat":[427],"product_tag":[428,429,430,431],"class_list":{"0":"post-8190","1":"product","2":"type-product","3":"status-publish","4":"has-post-thumbnail","6":"product_cat-huile-dolive-vierge-extra","7":"product_tag-huile-dolive-extra-vierge","8":"product_tag-huile-dolive-extra-vierge-italienne","9":"product_tag-valle-del-sole-fr","10":"product_tag-vinivalledelsole-fr","12":"first","13":"instock","14":"taxable","15":"shipping-taxable","16":"purchasable","17":"product-type-simple"},"aioseo_notices":[],"_links":{"self":[{"href":"https:\/\/lovebiowines.com\/fr\/wp-json\/wp\/v2\/product\/8190","targetHints":{"allow":["GET"]}}],"collection":[{"href":"https:\/\/lovebiowines.com\/fr\/wp-json\/wp\/v2\/product"}],"about":[{"href":"https:\/\/lovebiowines.com\/fr\/wp-json\/wp\/v2\/types\/product"}],"version-history":[{"count":0,"href":"https:\/\/lovebiowines.com\/fr\/wp-json\/wp\/v2\/product\/8190\/revisions"}],"wp:featuredmedia":[{"embeddable":true,"href":"https:\/\/lovebiowines.com\/fr\/wp-json\/wp\/v2\/media\/7243"}],"wp:attachment":[{"href":"https:\/\/lovebiowines.com\/fr\/wp-json\/wp\/v2\/media?parent=8190"}],"wp:term":[{"taxonomy":"product_brand","embeddable":true,"href":"https:\/\/lovebiowines.com\/fr\/wp-json\/wp\/v2\/product_brand?post=8190"},{"taxonomy":"product_cat","embeddable":true,"href":"https:\/\/lovebiowines.com\/fr\/wp-json\/wp\/v2\/product_cat?post=8190"},{"taxonomy":"product_tag","embeddable":true,"href":"https:\/\/lovebiowines.com\/fr\/wp-json\/wp\/v2\/product_tag?post=8190"}],"curies":[{"name":"wp","href":"https:\/\/api.w.org\/{rel}","templated":true}]}}