{"id":8041,"date":"2023-10-07T18:23:19","date_gmt":"2023-10-07T16:23:19","guid":{"rendered":"https:\/\/lovebiowines.com\/zone-de-production-montecarlo\/"},"modified":"2024-11-08T18:23:14","modified_gmt":"2024-11-08T17:23:14","slug":"zone-de-production-montecarlo","status":"publish","type":"page","link":"https:\/\/lovebiowines.com\/fr\/zone-de-production-montecarlo\/","title":{"rendered":"Zone de Production: Montecarlo"},"content":{"rendered":"\t\t<div data-elementor-type=\"wp-page\" data-elementor-id=\"8041\" class=\"elementor elementor-8041 elementor-2106\" data-elementor-post-type=\"page\">\n\t\t\t\t\t\t<section class=\"elementor-section elementor-top-section elementor-element elementor-element-8a2bb46 elementor-section-boxed elementor-section-height-default elementor-section-height-default\" data-id=\"8a2bb46\" data-element_type=\"section\" data-e-type=\"section\">\n\t\t\t\t\t\t<div class=\"elementor-container elementor-column-gap-default\">\n\t\t\t\t\t<div class=\"elementor-column elementor-col-100 elementor-top-column elementor-element elementor-element-53a0448\" data-id=\"53a0448\" data-element_type=\"column\" data-e-type=\"column\">\n\t\t\t<div class=\"elementor-widget-wrap elementor-element-populated\">\n\t\t\t\t\t\t<div class=\"elementor-element elementor-element-f45c1ab elementor-widget elementor-widget-heading\" data-id=\"f45c1ab\" data-element_type=\"widget\" data-e-type=\"widget\" data-widget_type=\"heading.default\">\n\t\t\t\t\t<h2 class=\"elementor-heading-title elementor-size-default\">Montecarlo<\/h2>\t\t\t\t<\/div>\n\t\t\t\t\t<\/div>\n\t\t<\/div>\n\t\t\t\t\t<\/div>\n\t\t<\/section>\n\t\t\t\t<section class=\"elementor-section elementor-top-section elementor-element elementor-element-e5039a5 elementor-section-boxed elementor-section-height-default elementor-section-height-default\" data-id=\"e5039a5\" data-element_type=\"section\" data-e-type=\"section\">\n\t\t\t\t\t\t<div class=\"elementor-container elementor-column-gap-default\">\n\t\t\t\t\t<div class=\"elementor-column elementor-col-100 elementor-top-column elementor-element elementor-element-cbea052\" data-id=\"cbea052\" data-element_type=\"column\" data-e-type=\"column\">\n\t\t\t<div class=\"elementor-widget-wrap elementor-element-populated\">\n\t\t\t\t\t\t<div class=\"elementor-element elementor-element-48298fc elementor-widget elementor-widget-text-editor\" data-id=\"48298fc\" data-element_type=\"widget\" data-e-type=\"widget\" data-widget_type=\"text-editor.default\">\n\t\t\t\t\t\t\t\t\t<h3>Rouges<\/h3>\n\t\t\t\t\t\t\t\t<\/div>\n\t\t\t\t\t<\/div>\n\t\t<\/div>\n\t\t\t\t\t<\/div>\n\t\t<\/section>\n\t\t\t\t<section class=\"elementor-section elementor-top-section elementor-element elementor-element-7cb3493 elementor-section-boxed elementor-section-height-default elementor-section-height-default\" data-id=\"7cb3493\" data-element_type=\"section\" data-e-type=\"section\">\n\t\t\t\t\t\t<div class=\"elementor-container elementor-column-gap-default\">\n\t\t\t\t\t<div class=\"elementor-column elementor-col-100 elementor-top-column elementor-element elementor-element-cdc32b1\" data-id=\"cdc32b1\" data-element_type=\"column\" data-e-type=\"column\">\n\t\t\t<div class=\"elementor-widget-wrap elementor-element-populated\">\n\t\t\t\t\t\t<div class=\"elementor-element elementor-element-1a2a8b7 elementor-widget elementor-widget-shortcode\" data-id=\"1a2a8b7\" data-element_type=\"widget\" data-e-type=\"widget\" data-widget_type=\"shortcode.default\">\n\t\t\t\t\t\t\t<div class=\"elementor-shortcode\"><div class=\"woocommerce columns-4 \"><ul class=\"products columns-4\">\n<li class=\"product type-product post-8362 status-publish first instock product_cat-doc-montecarlo-rosso-fr product_cat-horeca-rosso-fr product_cat-vins-rouges product_cat-zone-de-production-montecarlo-rossi product_tag-canaiolo_and-fr product_tag-ciliegiolo_and-fr product_tag-malvasia-rossa_and-fr product_tag-merlot_and-fr product_tag-sangiovese_and-fr product_tag-syrah_and-fr product_tag-vinicarmignani-fr has-post-thumbnail taxable shipping-taxable purchasable product-type-simple\">\n\t<a href=\"https:\/\/lovebiowines.com\/fr\/produit\/carmignani-montecarlo-rosso-d-o-c\/\" class=\"woocommerce-LoopProduct-link woocommerce-loop-product__link\"><img loading=\"lazy\" decoding=\"async\" width=\"300\" height=\"300\" src=\"https:\/\/lovebiowines.com\/wp-content\/uploads\/2023\/08\/vino-montecarlo-rosso-carmignani-lovebiowines-300x300.jpg\" class=\"attachment-woocommerce_thumbnail size-woocommerce_thumbnail\" alt=\"Carmignani \u2013 Montecarlo Rosso D.O.C.\" srcset=\"https:\/\/lovebiowines.com\/wp-content\/uploads\/2023\/08\/vino-montecarlo-rosso-carmignani-lovebiowines-300x300.jpg 300w, https:\/\/lovebiowines.com\/wp-content\/uploads\/2023\/08\/vino-montecarlo-rosso-carmignani-lovebiowines-150x150.jpg 150w, https:\/\/lovebiowines.com\/wp-content\/uploads\/2023\/08\/vino-montecarlo-rosso-carmignani-lovebiowines-100x100.jpg 100w, https:\/\/lovebiowines.com\/wp-content\/uploads\/2023\/08\/vino-montecarlo-rosso-carmignani-lovebiowines.jpg 600w\" sizes=\"auto, (max-width: 300px) 100vw, 300px\" \/><h2 class=\"woocommerce-loop-product__title\">Carmignani \u2013 Montecarlo Rosso D.O.C.<\/h2>\n\t<span class=\"price\"><span class=\"woocommerce-Price-amount amount\"><bdi><span class=\"woocommerce-Price-currencySymbol\">&euro;<\/span>14.73<\/bdi><\/span><\/span>\n<\/a><a href=\"\/fr\/wp-json\/wp\/v2\/pages\/8041?add-to-cart=8362\" aria-describedby=\"woocommerce_loop_add_to_cart_link_describedby_8362\" data-quantity=\"1\" class=\"button product_type_simple add_to_cart_button ajax_add_to_cart\" data-product_id=\"8362\" data-product_sku=\"03-LU07-009\" aria-label=\"Ajouter au panier\u00a0: &ldquo;Carmignani \u2013 Montecarlo Rosso D.O.C.&rdquo;\" rel=\"nofollow\" data-success_message=\"\u00ab\u00a0Carmignani \u2013 Montecarlo Rosso D.O.C.\u00a0\u00bb a \u00e9t\u00e9 ajout\u00e9 \u00e0 votre panier\" title=\"Minimum qty is 1\" role=\"button\">Ajouter au panier<\/a>\t<span id=\"woocommerce_loop_add_to_cart_link_describedby_8362\" class=\"screen-reader-text\">\n\t\t\t<\/span>\n<\/li>\n<li class=\"product type-product post-8351 status-publish instock product_cat-igt-toscana-rosso-fr product_cat-vins-rouges product_cat-zone-de-production-montecarlo-rossi product_tag-cabernet-sauvignon_and-fr product_tag-merlot_and-fr product_tag-sangiovese_and-fr product_tag-syrah_and-fr product_tag-vinicarmignani-fr has-post-thumbnail taxable shipping-taxable purchasable product-type-simple\">\n\t<a href=\"https:\/\/lovebiowines.com\/fr\/produit\/carmignani-theorema-i-g-t\/\" class=\"woocommerce-LoopProduct-link woocommerce-loop-product__link\"><img loading=\"lazy\" decoding=\"async\" width=\"300\" height=\"300\" src=\"https:\/\/lovebiowines.com\/wp-content\/uploads\/2023\/08\/vino-theorema-rosso-carmignani-lovebiowines-300x300.jpg\" class=\"attachment-woocommerce_thumbnail size-woocommerce_thumbnail\" alt=\"Carmignani \u2013 Theorema I.G.T.\" srcset=\"https:\/\/lovebiowines.com\/wp-content\/uploads\/2023\/08\/vino-theorema-rosso-carmignani-lovebiowines-300x300.jpg 300w, https:\/\/lovebiowines.com\/wp-content\/uploads\/2023\/08\/vino-theorema-rosso-carmignani-lovebiowines-150x150.jpg 150w, https:\/\/lovebiowines.com\/wp-content\/uploads\/2023\/08\/vino-theorema-rosso-carmignani-lovebiowines-100x100.jpg 100w, https:\/\/lovebiowines.com\/wp-content\/uploads\/2023\/08\/vino-theorema-rosso-carmignani-lovebiowines.jpg 600w\" sizes=\"auto, (max-width: 300px) 100vw, 300px\" \/><h2 class=\"woocommerce-loop-product__title\">Carmignani \u2013 Theorema I.G.T.<\/h2>\n\t<span class=\"price\"><span class=\"woocommerce-Price-amount amount\"><bdi><span class=\"woocommerce-Price-currencySymbol\">&euro;<\/span>23.90<\/bdi><\/span><\/span>\n<\/a><a href=\"\/fr\/wp-json\/wp\/v2\/pages\/8041?add-to-cart=8351\" aria-describedby=\"woocommerce_loop_add_to_cart_link_describedby_8351\" data-quantity=\"1\" class=\"button product_type_simple add_to_cart_button ajax_add_to_cart\" data-product_id=\"8351\" data-product_sku=\"03-LU07-008\" aria-label=\"Ajouter au panier\u00a0: &ldquo;Carmignani \u2013 Theorema I.G.T.&rdquo;\" rel=\"nofollow\" data-success_message=\"\u00ab\u00a0Carmignani \u2013 Theorema I.G.T.\u00a0\u00bb a \u00e9t\u00e9 ajout\u00e9 \u00e0 votre panier\" title=\"Minimum qty is 1\" role=\"button\">Ajouter au panier<\/a>\t<span id=\"woocommerce_loop_add_to_cart_link_describedby_8351\" class=\"screen-reader-text\">\n\t\t\t<\/span>\n<\/li>\n<li class=\"product type-product post-8350 status-publish instock product_cat-igt-toscana-rosso-fr product_cat-mousseaux-et-vin-liquereux product_cat-vins-rouges product_cat-zone-de-production-montecarlo-rossi product_tag-aleatico100-fr product_tag-montecarlo-fr product_tag-vinicarmignani-fr has-post-thumbnail taxable shipping-taxable purchasable product-type-simple\">\n\t<a href=\"https:\/\/lovebiowines.com\/fr\/produit\/carmignani-vino-aleatico-i-g-t\/\" class=\"woocommerce-LoopProduct-link woocommerce-loop-product__link\"><img loading=\"lazy\" decoding=\"async\" width=\"300\" height=\"300\" src=\"https:\/\/lovebiowines.com\/wp-content\/uploads\/2023\/08\/vino-aleatico-carmignani-lovebiowines-300x300.jpg\" class=\"attachment-woocommerce_thumbnail size-woocommerce_thumbnail\" alt=\"Carmignani \u2013 Vino Aleatico I.G.T.\" srcset=\"https:\/\/lovebiowines.com\/wp-content\/uploads\/2023\/08\/vino-aleatico-carmignani-lovebiowines-300x300.jpg 300w, https:\/\/lovebiowines.com\/wp-content\/uploads\/2023\/08\/vino-aleatico-carmignani-lovebiowines-150x150.jpg 150w, https:\/\/lovebiowines.com\/wp-content\/uploads\/2023\/08\/vino-aleatico-carmignani-lovebiowines-100x100.jpg 100w, https:\/\/lovebiowines.com\/wp-content\/uploads\/2023\/08\/vino-aleatico-carmignani-lovebiowines.jpg 600w\" sizes=\"auto, (max-width: 300px) 100vw, 300px\" \/><h2 class=\"woocommerce-loop-product__title\">Carmignani \u2013 Vino Aleatico I.G.T.<\/h2>\n\t<span class=\"price\"><span class=\"woocommerce-Price-amount amount\"><bdi><span class=\"woocommerce-Price-currencySymbol\">&euro;<\/span>18.90<\/bdi><\/span><\/span>\n<\/a><a href=\"\/fr\/wp-json\/wp\/v2\/pages\/8041?add-to-cart=8350\" aria-describedby=\"woocommerce_loop_add_to_cart_link_describedby_8350\" data-quantity=\"1\" class=\"button product_type_simple add_to_cart_button ajax_add_to_cart\" data-product_id=\"8350\" data-product_sku=\"03-LU07-007\" aria-label=\"Ajouter au panier\u00a0: &ldquo;Carmignani \u2013 Vino Aleatico I.G.T.&rdquo;\" rel=\"nofollow\" data-success_message=\"\u00ab\u00a0Carmignani \u2013 Vino Aleatico I.G.T.\u00a0\u00bb a \u00e9t\u00e9 ajout\u00e9 \u00e0 votre panier\" title=\"Minimum qty is 1\" role=\"button\">Ajouter au panier<\/a>\t<span id=\"woocommerce_loop_add_to_cart_link_describedby_8350\" class=\"screen-reader-text\">\n\t\t\t<\/span>\n<\/li>\n<\/ul>\n<\/div><\/div>\n\t\t\t\t\t\t<\/div>\n\t\t\t\t\t<\/div>\n\t\t<\/div>\n\t\t\t\t\t<\/div>\n\t\t<\/section>\n\t\t\t\t<section class=\"elementor-section elementor-top-section elementor-element elementor-element-bba4157 elementor-section-boxed elementor-section-height-default elementor-section-height-default\" data-id=\"bba4157\" data-element_type=\"section\" data-e-type=\"section\">\n\t\t\t\t\t\t<div class=\"elementor-container elementor-column-gap-default\">\n\t\t\t\t\t<div class=\"elementor-column elementor-col-100 elementor-top-column elementor-element elementor-element-7015d89\" data-id=\"7015d89\" data-element_type=\"column\" data-e-type=\"column\">\n\t\t\t<div class=\"elementor-widget-wrap elementor-element-populated\">\n\t\t\t\t\t\t<div class=\"elementor-element elementor-element-c6a5e18 elementor-widget elementor-widget-text-editor\" data-id=\"c6a5e18\" data-element_type=\"widget\" data-e-type=\"widget\" data-widget_type=\"text-editor.default\">\n\t\t\t\t\t\t\t\t\t<h3>Blancs<\/h3>\n\t\t\t\t\t\t\t\t<\/div>\n\t\t\t\t\t<\/div>\n\t\t<\/div>\n\t\t\t\t\t<\/div>\n\t\t<\/section>\n\t\t\t\t<section class=\"elementor-section elementor-top-section elementor-element elementor-element-e628303 elementor-section-boxed elementor-section-height-default elementor-section-height-default\" data-id=\"e628303\" data-element_type=\"section\" data-e-type=\"section\">\n\t\t\t\t\t\t<div class=\"elementor-container elementor-column-gap-default\">\n\t\t\t\t\t<div class=\"elementor-column elementor-col-100 elementor-top-column elementor-element elementor-element-8a9534b\" data-id=\"8a9534b\" data-element_type=\"column\" data-e-type=\"column\">\n\t\t\t<div class=\"elementor-widget-wrap elementor-element-populated\">\n\t\t\t\t\t\t<div class=\"elementor-element elementor-element-bf0c84c elementor-widget elementor-widget-shortcode\" data-id=\"bf0c84c\" data-element_type=\"widget\" data-e-type=\"widget\" data-widget_type=\"shortcode.default\">\n\t\t\t\t\t\t\t<div class=\"elementor-shortcode\"><div class=\"woocommerce columns-4 \"><ul class=\"products columns-4\">\n<li class=\"product type-product post-8370 status-publish first instock product_cat-horeca-blanc product_cat-igt-tuscany-white-fr product_cat-vins-blancs product_cat-zone-de-production-montecarlo-bianchi product_tag-chardonnay100-fr product_tag-vinicarmignani-fr has-post-thumbnail taxable shipping-taxable purchasable product-type-simple\">\n\t<a href=\"https:\/\/lovebiowines.com\/fr\/produit\/carmignani-intrigo-100-chardonnay\/\" class=\"woocommerce-LoopProduct-link woocommerce-loop-product__link\"><img loading=\"lazy\" decoding=\"async\" width=\"300\" height=\"300\" src=\"https:\/\/lovebiowines.com\/wp-content\/uploads\/2023\/08\/vino-intrigo-carmignani-lovebiowines-300x300.jpg\" class=\"attachment-woocommerce_thumbnail size-woocommerce_thumbnail\" alt=\"Carmignani \u2013 Intrigo -100% Chardonnay\" srcset=\"https:\/\/lovebiowines.com\/wp-content\/uploads\/2023\/08\/vino-intrigo-carmignani-lovebiowines-300x300.jpg 300w, https:\/\/lovebiowines.com\/wp-content\/uploads\/2023\/08\/vino-intrigo-carmignani-lovebiowines-150x150.jpg 150w, https:\/\/lovebiowines.com\/wp-content\/uploads\/2023\/08\/vino-intrigo-carmignani-lovebiowines-100x100.jpg 100w, https:\/\/lovebiowines.com\/wp-content\/uploads\/2023\/08\/vino-intrigo-carmignani-lovebiowines.jpg 600w\" sizes=\"auto, (max-width: 300px) 100vw, 300px\" \/><h2 class=\"woocommerce-loop-product__title\">Carmignani \u2013 Intrigo -100% Chardonnay<\/h2>\n\t<span class=\"price\"><span class=\"woocommerce-Price-amount amount\"><bdi><span class=\"woocommerce-Price-currencySymbol\">&euro;<\/span>21.90<\/bdi><\/span><\/span>\n<\/a><a href=\"\/fr\/wp-json\/wp\/v2\/pages\/8041?add-to-cart=8370\" aria-describedby=\"woocommerce_loop_add_to_cart_link_describedby_8370\" data-quantity=\"1\" class=\"button product_type_simple add_to_cart_button ajax_add_to_cart\" data-product_id=\"8370\" data-product_sku=\"03-LU07-003\" aria-label=\"Ajouter au panier\u00a0: &ldquo;Carmignani \u2013 Intrigo -100% Chardonnay&rdquo;\" rel=\"nofollow\" data-success_message=\"\u00ab\u00a0Carmignani \u2013 Intrigo -100% Chardonnay\u00a0\u00bb a \u00e9t\u00e9 ajout\u00e9 \u00e0 votre panier\" title=\"Minimum qty is 1\" role=\"button\">Ajouter au panier<\/a>\t<span id=\"woocommerce_loop_add_to_cart_link_describedby_8370\" class=\"screen-reader-text\">\n\t\t\t<\/span>\n<\/li>\n<li class=\"product type-product post-8333 status-publish instock product_cat-igt-tuscany-white-fr product_cat-vins-blancs product_cat-zone-de-production-montecarlo-bianchi product_tag-sauvignon-blanc100-fr product_tag-vinicarmignani-fr has-post-thumbnail taxable shipping-taxable purchasable product-type-simple\">\n\t<a href=\"https:\/\/lovebiowines.com\/fr\/produit\/carmignani-urano-i-g-t-sauvignon-blanc\/\" class=\"woocommerce-LoopProduct-link woocommerce-loop-product__link\"><img loading=\"lazy\" decoding=\"async\" width=\"300\" height=\"300\" src=\"https:\/\/lovebiowines.com\/wp-content\/uploads\/2023\/10\/vino-bianco-urano-carmignani-lovebiowines-300x300.jpg\" class=\"attachment-woocommerce_thumbnail size-woocommerce_thumbnail\" alt=\"Carmignani \u2013 Urano I.G.T - Sauvignon Blanc\" srcset=\"https:\/\/lovebiowines.com\/wp-content\/uploads\/2023\/10\/vino-bianco-urano-carmignani-lovebiowines-300x300.jpg 300w, https:\/\/lovebiowines.com\/wp-content\/uploads\/2023\/10\/vino-bianco-urano-carmignani-lovebiowines-150x150.jpg 150w, https:\/\/lovebiowines.com\/wp-content\/uploads\/2023\/10\/vino-bianco-urano-carmignani-lovebiowines-100x100.jpg 100w, https:\/\/lovebiowines.com\/wp-content\/uploads\/2023\/10\/vino-bianco-urano-carmignani-lovebiowines.jpg 600w\" sizes=\"auto, (max-width: 300px) 100vw, 300px\" \/><h2 class=\"woocommerce-loop-product__title\">Carmignani \u2013 Urano I.G.T &#8211; Sauvignon Blanc<\/h2>\n\t<span class=\"price\"><span class=\"woocommerce-Price-amount amount\"><bdi><span class=\"woocommerce-Price-currencySymbol\">&euro;<\/span>20.00<\/bdi><\/span><\/span>\n<\/a><a href=\"\/fr\/wp-json\/wp\/v2\/pages\/8041?add-to-cart=8333\" aria-describedby=\"woocommerce_loop_add_to_cart_link_describedby_8333\" data-quantity=\"1\" class=\"button product_type_simple add_to_cart_button ajax_add_to_cart\" data-product_id=\"8333\" data-product_sku=\"\" aria-label=\"Ajouter au panier\u00a0: &ldquo;Carmignani \u2013 Urano I.G.T - Sauvignon Blanc&rdquo;\" rel=\"nofollow\" data-success_message=\"\u00ab\u00a0Carmignani \u2013 Urano I.G.T - Sauvignon Blanc\u00a0\u00bb a \u00e9t\u00e9 ajout\u00e9 \u00e0 votre panier\" title=\"Minimum qty is 1\" role=\"button\">Ajouter au panier<\/a>\t<span id=\"woocommerce_loop_add_to_cart_link_describedby_8333\" class=\"screen-reader-text\">\n\t\t\t<\/span>\n<\/li>\n<\/ul>\n<\/div><\/div>\n\t\t\t\t\t\t<\/div>\n\t\t\t\t\t<\/div>\n\t\t<\/div>\n\t\t\t\t\t<\/div>\n\t\t<\/section>\n\t\t\t\t<section class=\"elementor-section elementor-top-section elementor-element elementor-element-bce7194 elementor-section-boxed elementor-section-height-default elementor-section-height-default\" data-id=\"bce7194\" data-element_type=\"section\" data-e-type=\"section\">\n\t\t\t\t\t\t<div class=\"elementor-container elementor-column-gap-default\">\n\t\t\t\t\t<div class=\"elementor-column elementor-col-100 elementor-top-column elementor-element elementor-element-2544f23\" data-id=\"2544f23\" data-element_type=\"column\" data-e-type=\"column\">\n\t\t\t<div class=\"elementor-widget-wrap elementor-element-populated\">\n\t\t\t\t\t\t<div class=\"elementor-element elementor-element-ef943cb elementor-widget elementor-widget-text-editor\" data-id=\"ef943cb\" data-element_type=\"widget\" data-e-type=\"widget\" data-widget_type=\"text-editor.default\">\n\t\t\t\t\t\t\t\t\t<h3>Ros\u00e9s<\/h3>\n\t\t\t\t\t\t\t\t<\/div>\n\t\t\t\t\t<\/div>\n\t\t<\/div>\n\t\t\t\t\t<\/div>\n\t\t<\/section>\n\t\t\t\t<section class=\"elementor-section elementor-top-section elementor-element elementor-element-58c4f2c elementor-section-boxed elementor-section-height-default elementor-section-height-default\" data-id=\"58c4f2c\" data-element_type=\"section\" data-e-type=\"section\">\n\t\t\t\t\t\t<div class=\"elementor-container elementor-column-gap-default\">\n\t\t\t\t\t<div class=\"elementor-column elementor-col-100 elementor-top-column elementor-element elementor-element-2888630\" data-id=\"2888630\" data-element_type=\"column\" data-e-type=\"column\">\n\t\t\t<div class=\"elementor-widget-wrap elementor-element-populated\">\n\t\t\t\t\t\t<div class=\"elementor-element elementor-element-0b24b30 elementor-widget elementor-widget-shortcode\" data-id=\"0b24b30\" data-element_type=\"widget\" data-e-type=\"widget\" data-widget_type=\"shortcode.default\">\n\t\t\t\t\t\t\t<div class=\"elementor-shortcode\"><div class=\"woocommerce columns-4 \"><ul class=\"products columns-4\">\n<li class=\"product type-product post-8375 status-publish first instock product_cat-igt-toscana-rosati-fr product_cat-vins-roses product_cat-zone-de-production-montecarlo-rosati product_tag-merlot_and-fr product_tag-sangiovese_and-fr product_tag-syrah_and-fr product_tag-vinicarmignani-fr has-post-thumbnail taxable shipping-taxable purchasable product-type-simple\">\n\t<a href=\"https:\/\/lovebiowines.com\/fr\/produit\/carmignani-kapogiro-rose-i-g-t\/\" class=\"woocommerce-LoopProduct-link woocommerce-loop-product__link\"><img loading=\"lazy\" decoding=\"async\" width=\"300\" height=\"300\" src=\"https:\/\/lovebiowines.com\/wp-content\/uploads\/2023\/08\/vino-rose-kapogiro-carmignani_lovebiowines-300x300.jpg\" class=\"attachment-woocommerce_thumbnail size-woocommerce_thumbnail\" alt=\"Carmignani \u2013 Kapogiro Ros\u00e9 I.G.T.\" srcset=\"https:\/\/lovebiowines.com\/wp-content\/uploads\/2023\/08\/vino-rose-kapogiro-carmignani_lovebiowines-300x300.jpg 300w, https:\/\/lovebiowines.com\/wp-content\/uploads\/2023\/08\/vino-rose-kapogiro-carmignani_lovebiowines-1024x1024.jpg 1024w, https:\/\/lovebiowines.com\/wp-content\/uploads\/2023\/08\/vino-rose-kapogiro-carmignani_lovebiowines-150x150.jpg 150w, https:\/\/lovebiowines.com\/wp-content\/uploads\/2023\/08\/vino-rose-kapogiro-carmignani_lovebiowines-768x768.jpg 768w, https:\/\/lovebiowines.com\/wp-content\/uploads\/2023\/08\/vino-rose-kapogiro-carmignani_lovebiowines-600x600.jpg 600w, https:\/\/lovebiowines.com\/wp-content\/uploads\/2023\/08\/vino-rose-kapogiro-carmignani_lovebiowines-100x100.jpg 100w, https:\/\/lovebiowines.com\/wp-content\/uploads\/2023\/08\/vino-rose-kapogiro-carmignani_lovebiowines.jpg 1200w\" sizes=\"auto, (max-width: 300px) 100vw, 300px\" \/><h2 class=\"woocommerce-loop-product__title\">Carmignani \u2013 Kapogiro Ros\u00e9 I.G.T.<\/h2>\n\t<span class=\"price\"><span class=\"woocommerce-Price-amount amount\"><bdi><span class=\"woocommerce-Price-currencySymbol\">&euro;<\/span>15.90<\/bdi><\/span><\/span>\n<\/a><a href=\"\/fr\/wp-json\/wp\/v2\/pages\/8041?add-to-cart=8375\" aria-describedby=\"woocommerce_loop_add_to_cart_link_describedby_8375\" data-quantity=\"1\" class=\"button product_type_simple add_to_cart_button ajax_add_to_cart\" data-product_id=\"8375\" data-product_sku=\"03-LU07-002\" aria-label=\"Ajouter au panier\u00a0: &ldquo;Carmignani \u2013 Kapogiro Ros\u00e9 I.G.T.&rdquo;\" rel=\"nofollow\" data-success_message=\"\u00ab\u00a0Carmignani \u2013 Kapogiro Ros\u00e9 I.G.T.\u00a0\u00bb a \u00e9t\u00e9 ajout\u00e9 \u00e0 votre panier\" title=\"Minimum qty is 1\" role=\"button\">Ajouter au panier<\/a>\t<span id=\"woocommerce_loop_add_to_cart_link_describedby_8375\" class=\"screen-reader-text\">\n\t\t\t<\/span>\n<\/li>\n<\/ul>\n<\/div><\/div>\n\t\t\t\t\t\t<\/div>\n\t\t\t\t\t<\/div>\n\t\t<\/div>\n\t\t\t\t\t<\/div>\n\t\t<\/section>\n\t\t\t\t<section class=\"elementor-section elementor-top-section elementor-element elementor-element-3ef65a9 elementor-section-boxed elementor-section-height-default elementor-section-height-default\" data-id=\"3ef65a9\" data-element_type=\"section\" data-e-type=\"section\">\n\t\t\t\t\t\t<div class=\"elementor-container elementor-column-gap-default\">\n\t\t\t\t\t<div class=\"elementor-column elementor-col-100 elementor-top-column elementor-element elementor-element-37d1e8e\" data-id=\"37d1e8e\" data-element_type=\"column\" data-e-type=\"column\">\n\t\t\t<div class=\"elementor-widget-wrap elementor-element-populated\">\n\t\t\t\t\t\t<div class=\"elementor-element elementor-element-102ed39 elementor-widget elementor-widget-text-editor\" data-id=\"102ed39\" data-element_type=\"widget\" data-e-type=\"widget\" data-widget_type=\"text-editor.default\">\n\t\t\t\t\t\t\t\t\t<h3>Vins doux, liquoreux<\/h3>\n\t\t\t\t\t\t\t\t<\/div>\n\t\t\t\t\t<\/div>\n\t\t<\/div>\n\t\t\t\t\t<\/div>\n\t\t<\/section>\n\t\t\t\t<section class=\"elementor-section elementor-top-section elementor-element elementor-element-b2814dc elementor-section-boxed elementor-section-height-default elementor-section-height-default\" data-id=\"b2814dc\" data-element_type=\"section\" data-e-type=\"section\">\n\t\t\t\t\t\t<div class=\"elementor-container elementor-column-gap-default\">\n\t\t\t\t\t<div class=\"elementor-column elementor-col-100 elementor-top-column elementor-element elementor-element-25740a1\" data-id=\"25740a1\" data-element_type=\"column\" data-e-type=\"column\">\n\t\t\t<div class=\"elementor-widget-wrap elementor-element-populated\">\n\t\t\t\t\t\t<div class=\"elementor-element elementor-element-f11d180 elementor-widget elementor-widget-shortcode\" data-id=\"f11d180\" data-element_type=\"widget\" data-e-type=\"widget\" data-widget_type=\"shortcode.default\">\n\t\t\t\t\t\t\t<div class=\"elementor-shortcode\"><div class=\"woocommerce columns-4 \"><\/div><\/div>\n\t\t\t\t\t\t<\/div>\n\t\t\t\t\t<\/div>\n\t\t<\/div>\n\t\t\t\t\t<\/div>\n\t\t<\/section>\n\t\t\t\t<\/div>\n\t\t","protected":false},"excerpt":{"rendered":"<p>Montecarlo Rouges Blancs Ros\u00e9s Vins doux, liquoreux<\/p>\n","protected":false},"author":1,"featured_media":0,"parent":0,"menu_order":0,"comment_status":"closed","ping_status":"closed","template":"","meta":{"_monsterinsights_skip_tracking":false,"_monsterinsights_sitenote_active":false,"_monsterinsights_sitenote_note":"","_monsterinsights_sitenote_category":0,"_uf_show_specific_survey":0,"_uf_disable_surveys":false,"footnotes":""},"class_list":["post-8041","page","type-page","status-publish","hentry"],"aioseo_notices":[],"_links":{"self":[{"href":"https:\/\/lovebiowines.com\/fr\/wp-json\/wp\/v2\/pages\/8041","targetHints":{"allow":["GET"]}}],"collection":[{"href":"https:\/\/lovebiowines.com\/fr\/wp-json\/wp\/v2\/pages"}],"about":[{"href":"https:\/\/lovebiowines.com\/fr\/wp-json\/wp\/v2\/types\/page"}],"author":[{"embeddable":true,"href":"https:\/\/lovebiowines.com\/fr\/wp-json\/wp\/v2\/users\/1"}],"replies":[{"embeddable":true,"href":"https:\/\/lovebiowines.com\/fr\/wp-json\/wp\/v2\/comments?post=8041"}],"version-history":[{"count":0,"href":"https:\/\/lovebiowines.com\/fr\/wp-json\/wp\/v2\/pages\/8041\/revisions"}],"wp:attachment":[{"href":"https:\/\/lovebiowines.com\/fr\/wp-json\/wp\/v2\/media?parent=8041"}],"curies":[{"name":"wp","href":"https:\/\/api.w.org\/{rel}","templated":true}]}}