{"id":8031,"date":"2024-02-24T14:23:18","date_gmt":"2024-02-24T13:23:18","guid":{"rendered":"https:\/\/lovebiowines.com\/politique-de-remboursement-et-de-retour\/"},"modified":"2024-11-08T16:11:12","modified_gmt":"2024-11-08T15:11:12","slug":"politique-de-remboursement-et-de-retour","status":"publish","type":"page","link":"https:\/\/lovebiowines.com\/fr\/politique-de-remboursement-et-de-retour\/","title":{"rendered":"Politique de remboursement et de retour"},"content":{"rendered":"\t\t<div data-elementor-type=\"wp-page\" data-elementor-id=\"8031\" class=\"elementor elementor-8031 elementor-9\" data-elementor-post-type=\"page\">\n\t\t\t\t\t\t<section class=\"elementor-section elementor-top-section elementor-element elementor-element-40944e89 elementor-section-boxed elementor-section-height-default elementor-section-height-default\" data-id=\"40944e89\" data-element_type=\"section\" data-e-type=\"section\">\n\t\t\t\t\t\t<div class=\"elementor-container elementor-column-gap-default\">\n\t\t\t\t\t<div class=\"elementor-column elementor-col-100 elementor-top-column elementor-element elementor-element-6d6684a4\" data-id=\"6d6684a4\" data-element_type=\"column\" data-e-type=\"column\">\n\t\t\t<div class=\"elementor-widget-wrap elementor-element-populated\">\n\t\t\t\t\t\t<div class=\"elementor-element elementor-element-7ba4ec8e elementor-widget elementor-widget-text-editor\" data-id=\"7ba4ec8e\" data-element_type=\"widget\" data-e-type=\"widget\" data-widget_type=\"text-editor.default\">\n\t\t\t\t\t\t\t\t\t<div class=\"page-title-wrapper\">\n<h1 class=\"page-title\"><span class=\"base\" data-ui-id=\"page-title-wrapper\">Retours, remboursements et annulations<\/span><\/h1>\n<\/div>\n<div class=\"columns\">\n<div class=\"column main\">\n<div> <\/div>\n<h2>Retours et remboursements<\/h2>\n<p>Vous pouvez retourner tous les vins endommag\u00e9s (comprendre hors contenu, soit \u00e0 l&rsquo;ext\u00e9rieur comme le bouchon) ou les vins re\u00e7us non conformes (vins diff\u00e9rents de ceux command\u00e9s &#8211; sauf dans le cas o\u00f9 le domaine aurait chang\u00e9 uniquement l&rsquo;\u00e9tiquette) dans les 14 jours suivant le moment o\u00f9 vous, ou un tiers autre que le transporteur et d\u00e9sign\u00e9 par vous, avez pris physiquement possession des marchandises. Nous vous offrons la possibilit\u00e9 de remboursement ou de remplacement (si disponible) du vin \u00e0 condition que le produit d\u00e9fectueux <strong>nous soit retourn\u00e9 dans le m\u00eame \u00e9tat dans lequel vous l&rsquo;avez re\u00e7u<\/strong>, sans retard injustifi\u00e9 et en tout \u00e9tat de cause au plus tard 14 jours \u00e0 compter du jour sur lequel vous nous notifiez votre r\u00e9tractation du pr\u00e9sent contrat. Le produit retourn\u00e9 doit \u00eatre envoy\u00e9 dans la boite d&rsquo;origine dans laquelle vous avez re\u00e7u la commande.  <\/p>\n<p>Il vous est toutefois demand\u00e9 de refuser la livraison si le transporteur tente de livrer un colis fortement endommag\u00e9. Veuillez le refuser en exigeant que le transporteur indique comme motif du refus de livraison \u00ab\u00a0<strong>L&rsquo;EMBALLAGE EST ENDOMMAG\u00c9\u00a0\u00bb<\/strong> et nous le communiquer par e-mail \u00e0 info@lovebiowines.com afin que nous puissions agir contre le transporteur. A d\u00e9faut, la demande de retour de produit endommag\u00e9 ne sera pas accept\u00e9e.  <\/p>\n<p>Les remboursements des commandes annul\u00e9es seront trait\u00e9s dans les 30 jours suivant la r\u00e9ception du produit d\u00e9fectueux. Le remboursement ou l&rsquo;\u00e9change sera soumis \u00e0 la v\u00e9rification du produit retourn\u00e9. <\/p>\n<p>Les politiques de retour et d&rsquo;annulation \u00e9num\u00e9r\u00e9es ci-dessus n&rsquo;affectent pas vos droits statutaires.<\/p>\n<h2>Annulation<\/h2>\n<p>Vous avez le droit d&rsquo;annuler ce contrat dans un d\u00e9lai de 14 jours sans donner de motif. Ce droit (d\u00e9lai de r\u00e9tractation) expire 14 jours apr\u00e8s le jour o\u00f9 vous, ou un tiers autre que le transporteur et d\u00e9sign\u00e9 par vous, avez acquis la possession physique de la marchandise.  <strong>Le droit ne peut \u00eatre exerc\u00e9 qu&rsquo;en effectuant le retour sans ouvrir la boite d&#8217;emballage re\u00e7ue. Il doit donc \u00eatre intact. <\/strong><\/p>\n<p>Pour exercer le droit de r\u00e9tractation, vous devez informer le service client par e-mail info@lovebiowines.com de votre d\u00e9cision de vous r\u00e9tracter et d&rsquo;annuler la commande. Veuillez indiquer clairement votre nom, votre num\u00e9ro de commande et la date d&rsquo;achat dans votre avis d&rsquo;annulation. Pour respecter le d\u00e9lai de r\u00e9tractation, il vous suffit d&rsquo;envoyer votre communication relative \u00e0 l&rsquo;exercice du droit de r\u00e9tractation avant l&rsquo;expiration du d\u00e9lai de r\u00e9tractation.  <\/p>\n<p>Si vous annulez ce contrat dans les 14 jours, nous vous rembourserons tous les paiements re\u00e7us, y compris les frais de livraison (\u00e0 l&rsquo;exception des frais suppl\u00e9mentaires r\u00e9sultant du choix d&rsquo;un mode de livraison autre que celui standard que nous proposons), sans retard injustifi\u00e9 et dans les meilleurs d\u00e9lais ou, au plus tard, 14 jours \u00e0 compter du moment o\u00f9 nous sommes inform\u00e9s de votre d\u00e9cision de vous r\u00e9tracter du pr\u00e9sent contrat. Nous effectuerons le remboursement en utilisant le m\u00eame mode de paiement que celui que vous avez utilis\u00e9 pour la transaction initiale, sauf si vous en avez express\u00e9ment convenu autrement ; dans tous les cas, aucune p\u00e9nalit\u00e9 ni aucun frais ne vous seront factur\u00e9s \u00e0 la suite d&rsquo;un tel remboursement. Nous nous r\u00e9servons le droit de retenir le remboursement jusqu&rsquo;\u00e0 ce que nous ayons re\u00e7u les marchandises ou jusqu&rsquo;\u00e0 ce que vous ayez fourni la preuve que vous avez renvoy\u00e9 les marchandises, selon la premi\u00e8re \u00e9ventualit\u00e9. Vous devez renvoyer les marchandises ou nous les remettre, sans retard injustifi\u00e9 et en tout cas au plus tard 14 jours \u00e0 compter du jour o\u00f9 vous avez communiqu\u00e9 votre r\u00e9tractation du pr\u00e9sent contrat. Le d\u00e9lai est respect\u00e9 si vous renvoyez la marchandise avant l&rsquo;expiration du d\u00e9lai de 14 jours. Vous devrez supporter les frais directs de retour de la marchandise. Vous \u00eates seul responsable de la diminution de la valeur du bien pouvant r\u00e9sulter d&rsquo;op\u00e9rations autres que celles n\u00e9cessaires pour \u00e9tablir la nature et les caract\u00e9ristiques du bien.      <\/p>\n<\/div>\n<\/div>\n<p><\/p>\t\t\t\t\t\t\t\t<\/div>\n\t\t\t\t\t<\/div>\n\t\t<\/div>\n\t\t\t\t\t<\/div>\n\t\t<\/section>\n\t\t\t\t<\/div>\n\t\t","protected":false},"excerpt":{"rendered":"<p>Retours, remboursements et annulations Retours et remboursements Vous pouvez retourner tous les vins endommag\u00e9s (comprendre hors contenu, soit \u00e0 l&rsquo;ext\u00e9rieur comme le bouchon) ou les vins re\u00e7us non conformes (vins diff\u00e9rents de ceux command\u00e9s &#8211; sauf dans le cas o\u00f9 le domaine aurait chang\u00e9 uniquement l&rsquo;\u00e9tiquette) dans les 14 jours suivant le moment o\u00f9 vous, [&hellip;]<\/p>\n","protected":false},"author":1,"featured_media":0,"parent":0,"menu_order":0,"comment_status":"closed","ping_status":"closed","template":"","meta":{"_monsterinsights_skip_tracking":false,"_monsterinsights_sitenote_active":false,"_monsterinsights_sitenote_note":"","_monsterinsights_sitenote_category":0,"_uf_show_specific_survey":0,"_uf_disable_surveys":false,"footnotes":""},"class_list":["post-8031","page","type-page","status-publish","hentry"],"aioseo_notices":[],"_links":{"self":[{"href":"https:\/\/lovebiowines.com\/fr\/wp-json\/wp\/v2\/pages\/8031","targetHints":{"allow":["GET"]}}],"collection":[{"href":"https:\/\/lovebiowines.com\/fr\/wp-json\/wp\/v2\/pages"}],"about":[{"href":"https:\/\/lovebiowines.com\/fr\/wp-json\/wp\/v2\/types\/page"}],"author":[{"embeddable":true,"href":"https:\/\/lovebiowines.com\/fr\/wp-json\/wp\/v2\/users\/1"}],"replies":[{"embeddable":true,"href":"https:\/\/lovebiowines.com\/fr\/wp-json\/wp\/v2\/comments?post=8031"}],"version-history":[{"count":0,"href":"https:\/\/lovebiowines.com\/fr\/wp-json\/wp\/v2\/pages\/8031\/revisions"}],"wp:attachment":[{"href":"https:\/\/lovebiowines.com\/fr\/wp-json\/wp\/v2\/media?parent=8031"}],"curies":[{"name":"wp","href":"https:\/\/api.w.org\/{rel}","templated":true}]}}