{"id":8029,"date":"2023-10-15T18:07:17","date_gmt":"2023-10-15T16:07:17","guid":{"rendered":"https:\/\/lovebiowines.com\/produits-issus-de-lagriculture-biologique-et-biodynamique\/"},"modified":"2024-11-08T15:33:59","modified_gmt":"2024-11-08T14:33:59","slug":"produits-issus-de-lagriculture-biologique-et-biodynamique","status":"publish","type":"page","link":"https:\/\/lovebiowines.com\/fr\/produits-issus-de-lagriculture-biologique-et-biodynamique\/","title":{"rendered":"Produits issus de l\u2019Agriculture Biologique et Biodynamique"},"content":{"rendered":"\t\t<div data-elementor-type=\"wp-page\" data-elementor-id=\"8029\" class=\"elementor elementor-8029 elementor-2486\" data-elementor-post-type=\"page\">\n\t\t\t\t\t\t<section class=\"elementor-section elementor-top-section elementor-element elementor-element-4dfa1d8 elementor-section-boxed elementor-section-height-default elementor-section-height-default\" data-id=\"4dfa1d8\" data-element_type=\"section\" data-e-type=\"section\">\n\t\t\t\t\t\t<div class=\"elementor-container elementor-column-gap-default\">\n\t\t\t\t\t<div class=\"elementor-column elementor-col-100 elementor-top-column elementor-element elementor-element-6707c14\" data-id=\"6707c14\" data-element_type=\"column\" data-e-type=\"column\">\n\t\t\t<div class=\"elementor-widget-wrap elementor-element-populated\">\n\t\t\t\t\t\t<div class=\"elementor-element elementor-element-ed2b174 elementor-widget elementor-widget-text-editor\" data-id=\"ed2b174\" data-element_type=\"widget\" data-e-type=\"widget\" data-widget_type=\"text-editor.default\">\n\t\t\t\t\t\t\t\t\t<h3>Produits issus de l\u2019Agriculture Biologique et Biodynamique<\/h3>\n\t\t\t\t\t\t\t\t<\/div>\n\t\t\t\t\t<\/div>\n\t\t<\/div>\n\t\t\t\t\t<\/div>\n\t\t<\/section>\n\t\t\t\t<section class=\"elementor-section elementor-top-section elementor-element elementor-element-4357795 elementor-section-boxed elementor-section-height-default elementor-section-height-default\" data-id=\"4357795\" data-element_type=\"section\" data-e-type=\"section\">\n\t\t\t\t\t\t<div class=\"elementor-container elementor-column-gap-default\">\n\t\t\t\t\t<div class=\"elementor-column elementor-col-33 elementor-top-column elementor-element elementor-element-d387c48\" data-id=\"d387c48\" data-element_type=\"column\" data-e-type=\"column\">\n\t\t\t<div class=\"elementor-widget-wrap elementor-element-populated\">\n\t\t\t\t\t\t<div class=\"elementor-element elementor-element-207996f elementor-widget elementor-widget-image\" data-id=\"207996f\" data-element_type=\"widget\" data-e-type=\"widget\" data-widget_type=\"image.default\">\n\t\t\t\t\t\t\t\t\t\t\t\t\t\t\t\t<a href=\"https:\/\/lovebiowines.com\/paste-da-grano-antico-bio\/\">\n\t\t\t\t\t\t\t<img loading=\"lazy\" decoding=\"async\" width=\"600\" height=\"600\" src=\"https:\/\/lovebiowines.com\/wp-content\/uploads\/2023\/10\/Pasta-di-Grani-Antichi_favilla_lovebiowines.jpg\" class=\"attachment-large size-large wp-image-2571\" alt=\"\" srcset=\"https:\/\/lovebiowines.com\/wp-content\/uploads\/2023\/10\/Pasta-di-Grani-Antichi_favilla_lovebiowines.jpg 600w, https:\/\/lovebiowines.com\/wp-content\/uploads\/2023\/10\/Pasta-di-Grani-Antichi_favilla_lovebiowines-300x300.jpg 300w, https:\/\/lovebiowines.com\/wp-content\/uploads\/2023\/10\/Pasta-di-Grani-Antichi_favilla_lovebiowines-150x150.jpg 150w, https:\/\/lovebiowines.com\/wp-content\/uploads\/2023\/10\/Pasta-di-Grani-Antichi_favilla_lovebiowines-100x100.jpg 100w\" sizes=\"auto, (max-width: 600px) 100vw, 600px\" \/>\t\t\t\t\t\t\t\t<\/a>\n\t\t\t\t\t\t\t\t\t\t\t\t\t\t\t<\/div>\n\t\t\t\t<div class=\"elementor-element elementor-element-5b5e490 elementor-align-center elementor-widget elementor-widget-button\" data-id=\"5b5e490\" data-element_type=\"widget\" data-e-type=\"widget\" data-widget_type=\"button.default\">\n\t\t\t\t\t\t\t\t\t\t<a class=\"elementor-button elementor-button-link elementor-size-lg\" href=\"https:\/\/lovebiowines.com\/paste-da-grano-antico-bio\/\">\n\t\t\t\t\t\t<span class=\"elementor-button-content-wrapper\">\n\t\t\t\t\t\t\t\t\t<span class=\"elementor-button-text\">P\u00c2TES ARTISANALES<\/span>\n\t\t\t\t\t<\/span>\n\t\t\t\t\t<\/a>\n\t\t\t\t\t\t\t\t<\/div>\n\t\t\t\t\t<\/div>\n\t\t<\/div>\n\t\t\t\t<div class=\"elementor-column elementor-col-33 elementor-top-column elementor-element elementor-element-4f57492\" data-id=\"4f57492\" data-element_type=\"column\" data-e-type=\"column\">\n\t\t\t<div class=\"elementor-widget-wrap elementor-element-populated\">\n\t\t\t\t\t\t<div class=\"elementor-element elementor-element-360f768 elementor-widget elementor-widget-image\" data-id=\"360f768\" data-element_type=\"widget\" data-e-type=\"widget\" data-widget_type=\"image.default\">\n\t\t\t\t\t\t\t\t\t\t\t\t\t\t\t\t<a href=\"https:\/\/lovebiowines.com\/farine-da-grani-antichi-bio\/\">\n\t\t\t\t\t\t\t<img loading=\"lazy\" decoding=\"async\" width=\"600\" height=\"600\" src=\"https:\/\/lovebiowines.com\/wp-content\/uploads\/2023\/10\/Farine-di-grani-antichi_favilla_lovebiowines.jpg\" class=\"attachment-large size-large wp-image-2567\" alt=\"\" srcset=\"https:\/\/lovebiowines.com\/wp-content\/uploads\/2023\/10\/Farine-di-grani-antichi_favilla_lovebiowines.jpg 600w, https:\/\/lovebiowines.com\/wp-content\/uploads\/2023\/10\/Farine-di-grani-antichi_favilla_lovebiowines-300x300.jpg 300w, https:\/\/lovebiowines.com\/wp-content\/uploads\/2023\/10\/Farine-di-grani-antichi_favilla_lovebiowines-150x150.jpg 150w, https:\/\/lovebiowines.com\/wp-content\/uploads\/2023\/10\/Farine-di-grani-antichi_favilla_lovebiowines-100x100.jpg 100w\" sizes=\"auto, (max-width: 600px) 100vw, 600px\" \/>\t\t\t\t\t\t\t\t<\/a>\n\t\t\t\t\t\t\t\t\t\t\t\t\t\t\t<\/div>\n\t\t\t\t<div class=\"elementor-element elementor-element-2a49ed8 elementor-align-center elementor-widget elementor-widget-button\" data-id=\"2a49ed8\" data-element_type=\"widget\" data-e-type=\"widget\" data-widget_type=\"button.default\">\n\t\t\t\t\t\t\t\t\t\t<a class=\"elementor-button elementor-button-link elementor-size-lg\" href=\"https:\/\/lovebiowines.com\/farine-da-grani-antichi-bio\/\">\n\t\t\t\t\t\t<span class=\"elementor-button-content-wrapper\">\n\t\t\t\t\t\t\t\t\t<span class=\"elementor-button-text\">FARINES DE GRAINS ANCIENNES<\/span>\n\t\t\t\t\t<\/span>\n\t\t\t\t\t<\/a>\n\t\t\t\t\t\t\t\t<\/div>\n\t\t\t\t\t<\/div>\n\t\t<\/div>\n\t\t\t\t<div class=\"elementor-column elementor-col-33 elementor-top-column elementor-element elementor-element-6e76f87\" data-id=\"6e76f87\" data-element_type=\"column\" data-e-type=\"column\">\n\t\t\t<div class=\"elementor-widget-wrap elementor-element-populated\">\n\t\t\t\t\t\t<div class=\"elementor-element elementor-element-b44512b elementor-widget elementor-widget-image\" data-id=\"b44512b\" data-element_type=\"widget\" data-e-type=\"widget\" data-widget_type=\"image.default\">\n\t\t\t\t\t\t\t\t\t\t\t\t\t\t\t\t<a href=\"https:\/\/lovebiowines.com\/?p=2812\">\n\t\t\t\t\t\t\t<img loading=\"lazy\" decoding=\"async\" width=\"600\" height=\"600\" src=\"https:\/\/lovebiowines.com\/wp-content\/uploads\/2023\/10\/Legumi_cereali_favilla_lovebiowines.jpg\" class=\"attachment-large size-large wp-image-2607\" alt=\"\" srcset=\"https:\/\/lovebiowines.com\/wp-content\/uploads\/2023\/10\/Legumi_cereali_favilla_lovebiowines.jpg 600w, https:\/\/lovebiowines.com\/wp-content\/uploads\/2023\/10\/Legumi_cereali_favilla_lovebiowines-300x300.jpg 300w, https:\/\/lovebiowines.com\/wp-content\/uploads\/2023\/10\/Legumi_cereali_favilla_lovebiowines-150x150.jpg 150w, https:\/\/lovebiowines.com\/wp-content\/uploads\/2023\/10\/Legumi_cereali_favilla_lovebiowines-100x100.jpg 100w\" sizes=\"auto, (max-width: 600px) 100vw, 600px\" \/>\t\t\t\t\t\t\t\t<\/a>\n\t\t\t\t\t\t\t\t\t\t\t\t\t\t\t<\/div>\n\t\t\t\t<div class=\"elementor-element elementor-element-b6363a4 elementor-align-center elementor-widget elementor-widget-button\" data-id=\"b6363a4\" data-element_type=\"widget\" data-e-type=\"widget\" data-widget_type=\"button.default\">\n\t\t\t\t\t\t\t\t\t\t<a class=\"elementor-button elementor-button-link elementor-size-lg\" href=\"https:\/\/lovebiowines.com\/legumi-e-cereali-bio-2\/\">\n\t\t\t\t\t\t<span class=\"elementor-button-content-wrapper\">\n\t\t\t\t\t\t\t\t\t<span class=\"elementor-button-text\">L\u00c9GUMES et C\u00c9R\u00c9ALES BIOLOGIQUES<\/span>\n\t\t\t\t\t<\/span>\n\t\t\t\t\t<\/a>\n\t\t\t\t\t\t\t\t<\/div>\n\t\t\t\t\t<\/div>\n\t\t<\/div>\n\t\t\t\t\t<\/div>\n\t\t<\/section>\n\t\t\t\t<section class=\"elementor-section elementor-top-section elementor-element elementor-element-b7f03f9 elementor-section-boxed elementor-section-height-default elementor-section-height-default\" data-id=\"b7f03f9\" data-element_type=\"section\" data-e-type=\"section\">\n\t\t\t\t\t\t<div class=\"elementor-container elementor-column-gap-default\">\n\t\t\t\t\t<div class=\"elementor-column elementor-col-100 elementor-top-column elementor-element elementor-element-2571aa9\" data-id=\"2571aa9\" data-element_type=\"column\" data-e-type=\"column\">\n\t\t\t<div class=\"elementor-widget-wrap\">\n\t\t\t\t\t\t\t<\/div>\n\t\t<\/div>\n\t\t\t\t\t<\/div>\n\t\t<\/section>\n\t\t\t\t<section class=\"elementor-section elementor-top-section elementor-element elementor-element-579b874 elementor-section-boxed elementor-section-height-default elementor-section-height-default\" data-id=\"579b874\" data-element_type=\"section\" data-e-type=\"section\">\n\t\t\t\t\t\t<div class=\"elementor-container elementor-column-gap-default\">\n\t\t\t\t\t<div class=\"elementor-column elementor-col-100 elementor-top-column elementor-element elementor-element-9e44dfb\" data-id=\"9e44dfb\" data-element_type=\"column\" data-e-type=\"column\">\n\t\t\t<div class=\"elementor-widget-wrap elementor-element-populated\">\n\t\t\t\t\t\t<div class=\"elementor-element elementor-element-4521816 elementor-widget elementor-widget-text-editor\" data-id=\"4521816\" data-element_type=\"widget\" data-e-type=\"widget\" data-widget_type=\"text-editor.default\">\n\t\t\t\t\t\t\t\t\t<h4>BIOLOGIQUE &#8211; BIODYNAMIQUE <\/h4>\n<h5>D\u00c9COUVRE LA DIFF\u00c9RENCE<\/h5>\n\t\t\t\t\t\t\t\t<\/div>\n\t\t\t\t\t<\/div>\n\t\t<\/div>\n\t\t\t\t\t<\/div>\n\t\t<\/section>\n\t\t\t\t<section class=\"elementor-section elementor-top-section elementor-element elementor-element-eb593c6 elementor-section-boxed elementor-section-height-default elementor-section-height-default\" data-id=\"eb593c6\" data-element_type=\"section\" data-e-type=\"section\">\n\t\t\t\t\t\t<div class=\"elementor-container elementor-column-gap-default\">\n\t\t\t\t\t<div class=\"elementor-column elementor-col-50 elementor-top-column elementor-element elementor-element-d117701\" data-id=\"d117701\" data-element_type=\"column\" data-e-type=\"column\">\n\t\t\t<div class=\"elementor-widget-wrap elementor-element-populated\">\n\t\t\t\t\t\t<div class=\"elementor-element elementor-element-27a1a0a elementor-widget elementor-widget-accordion\" data-id=\"27a1a0a\" data-element_type=\"widget\" data-e-type=\"widget\" data-widget_type=\"accordion.default\">\n\t\t\t\t\t\t\t<div class=\"elementor-accordion\">\n\t\t\t\t\t\t\t<div class=\"elementor-accordion-item\">\n\t\t\t\t\t<div id=\"elementor-tab-title-4151\" class=\"elementor-tab-title\" data-tab=\"1\" role=\"button\" aria-controls=\"elementor-tab-content-4151\" aria-expanded=\"false\">\n\t\t\t\t\t\t\t\t\t\t\t\t\t<span class=\"elementor-accordion-icon elementor-accordion-icon-left\" aria-hidden=\"true\">\n\t\t\t\t\t\t\t\t\t\t\t\t\t\t\t<span class=\"elementor-accordion-icon-closed\"><svg class=\"e-font-icon-svg e-fas-plus\" viewBox=\"0 0 448 512\" xmlns=\"http:\/\/www.w3.org\/2000\/svg\"><path d=\"M416 208H272V64c0-17.67-14.33-32-32-32h-32c-17.67 0-32 14.33-32 32v144H32c-17.67 0-32 14.33-32 32v32c0 17.67 14.33 32 32 32h144v144c0 17.67 14.33 32 32 32h32c17.67 0 32-14.33 32-32V304h144c17.67 0 32-14.33 32-32v-32c0-17.67-14.33-32-32-32z\"><\/path><\/svg><\/span>\n\t\t\t\t\t\t\t\t<span class=\"elementor-accordion-icon-opened\"><svg class=\"e-font-icon-svg e-fas-minus\" viewBox=\"0 0 448 512\" xmlns=\"http:\/\/www.w3.org\/2000\/svg\"><path d=\"M416 208H32c-17.67 0-32 14.33-32 32v32c0 17.67 14.33 32 32 32h384c17.67 0 32-14.33 32-32v-32c0-17.67-14.33-32-32-32z\"><\/path><\/svg><\/span>\n\t\t\t\t\t\t\t\t\t\t\t\t\t\t<\/span>\n\t\t\t\t\t\t\t\t\t\t\t\t<a class=\"elementor-accordion-title\" tabindex=\"0\">AGRICULTURE BIODYNAMIQUE<\/a>\n\t\t\t\t\t<\/div>\n\t\t\t\t\t<div id=\"elementor-tab-content-4151\" class=\"elementor-tab-content elementor-clearfix\" data-tab=\"1\" role=\"region\" aria-labelledby=\"elementor-tab-title-4151\"><p>L&rsquo;Agriculture Biodynamique repose sur l&rsquo;<strong>interconnexion entre le sol et le ciel.<\/strong> Selon Steiner, fondateur de cette discipline dans les ann\u00e9es 1920 (donc avant l&rsquo;agriculture biologique), la ferme est un organisme dans lequel les relations entre les \u00e9l\u00e9ments qui la composent permettent une survie mutuelle et donc chacun &#8211; agriculteurs, animaux et plantes &#8211; doit contribuer \u00e0 fertiliser, nourrir et maintenir l\u2019ensemble de l\u2019\u00e9cosyst\u00e8me en bonne sant\u00e9. <\/p>\n<p>Tout cela dans le but d\u2019augmenter la <strong>fertilit\u00e9 des terres<\/strong>, d\u2019am\u00e9liorer le sol et de produire des <strong>plantes et des aliments sains<\/strong> qui <strong>renforcent le m\u00e9tabolisme humain<\/strong>.<\/p>\n<p> Les principes de l&rsquo;agriculture biodynamique sont :<\/p>\n<ul>\n<li>la biodiversit\u00e9<\/li>\n<li>la rotation des cultures<\/li>\n<li>l&rsquo;observation des phases lunaires et des cycles plan\u00e9taires lors des semis et de la culture<\/li>\n<li>l&rsquo;utilisation de \u00ab pr\u00e9parations \u00bb, c&rsquo;est-\u00e0-dire de composts biodynamiques auto-produits pour la fertilisation<\/li>\n<li>l&rsquo;interdiction d&rsquo;utiliser des produits chimques.<\/li>\n<\/ul>\n<p>L&rsquo;agriculture biodynamique est r\u00e8glement\u00e9e par l<strong>&lsquo;association Demeter<\/strong>, seule capable de certifier les produits obtenus selon les directives de l&rsquo;agriculture biodynamique (tous ces produits doivent \u00e9galement \u00eatre certifi\u00e9s biologiques).<\/p>\n<p><img decoding=\"async\" src=\"https:\/\/encrypted-tbn0.gstatic.com\/images?q=tbn:ANd9GcQGoYF7C9aw-BMSXEnvbKmfy5VHC1iN8Oa-qw&amp;usqp=CAU\" alt=\"DemeterDemeter | Genossenschaft Osiris\"><\/p>\n<\/div>\n\t\t\t\t<\/div>\n\t\t\t\t\t\t\t\t<\/div>\n\t\t\t\t\t\t<\/div>\n\t\t\t\t\t<\/div>\n\t\t<\/div>\n\t\t\t\t<div class=\"elementor-column elementor-col-50 elementor-top-column elementor-element elementor-element-1890d92\" data-id=\"1890d92\" data-element_type=\"column\" data-e-type=\"column\">\n\t\t\t<div class=\"elementor-widget-wrap elementor-element-populated\">\n\t\t\t\t\t\t<div class=\"elementor-element elementor-element-92d7ebb elementor-widget elementor-widget-accordion\" data-id=\"92d7ebb\" data-element_type=\"widget\" data-e-type=\"widget\" data-widget_type=\"accordion.default\">\n\t\t\t\t\t\t\t<div class=\"elementor-accordion\">\n\t\t\t\t\t\t\t<div class=\"elementor-accordion-item\">\n\t\t\t\t\t<div id=\"elementor-tab-title-1531\" class=\"elementor-tab-title\" data-tab=\"1\" role=\"button\" aria-controls=\"elementor-tab-content-1531\" aria-expanded=\"false\">\n\t\t\t\t\t\t\t\t\t\t\t\t\t<span class=\"elementor-accordion-icon elementor-accordion-icon-left\" aria-hidden=\"true\">\n\t\t\t\t\t\t\t\t\t\t\t\t\t\t\t<span class=\"elementor-accordion-icon-closed\"><svg class=\"e-font-icon-svg e-fas-plus\" viewBox=\"0 0 448 512\" xmlns=\"http:\/\/www.w3.org\/2000\/svg\"><path d=\"M416 208H272V64c0-17.67-14.33-32-32-32h-32c-17.67 0-32 14.33-32 32v144H32c-17.67 0-32 14.33-32 32v32c0 17.67 14.33 32 32 32h144v144c0 17.67 14.33 32 32 32h32c17.67 0 32-14.33 32-32V304h144c17.67 0 32-14.33 32-32v-32c0-17.67-14.33-32-32-32z\"><\/path><\/svg><\/span>\n\t\t\t\t\t\t\t\t<span class=\"elementor-accordion-icon-opened\"><svg class=\"e-font-icon-svg e-fas-minus\" viewBox=\"0 0 448 512\" xmlns=\"http:\/\/www.w3.org\/2000\/svg\"><path d=\"M416 208H32c-17.67 0-32 14.33-32 32v32c0 17.67 14.33 32 32 32h384c17.67 0 32-14.33 32-32v-32c0-17.67-14.33-32-32-32z\"><\/path><\/svg><\/span>\n\t\t\t\t\t\t\t\t\t\t\t\t\t\t<\/span>\n\t\t\t\t\t\t\t\t\t\t\t\t<a class=\"elementor-accordion-title\" tabindex=\"0\">AGRICULTURE BIOLOGIQUE<\/a>\n\t\t\t\t\t<\/div>\n\t\t\t\t\t<div id=\"elementor-tab-content-1531\" class=\"elementor-tab-content elementor-clearfix\" data-tab=\"1\" role=\"region\" aria-labelledby=\"elementor-tab-title-1531\"><p>Un produit agricole biologique doit \u00eatre cultiv\u00e9 sur des <strong>terres \u00e9loign\u00e9es des sources de contamination,<\/strong> comme les autoroutes et les usines, sans utiliser de produits chimiques synth\u00e9tiques comme les engrais, les herbicides et les insecticides et, dans le cas de produits d&rsquo;origine animale, ils doivent provenir d&rsquo;animaux nourris avec des <strong>aliments non trait\u00e9s chimiquement<\/strong>, sans utilisation d&rsquo;antibiotiques, d&rsquo;hormones ou d&rsquo;autres stimulants de croissance. Seuls les aliments respectant ces normes peuvent obtenir le label <strong>Bio<\/strong> et \u00eatre vendus comme tels : par exemple dans le cas du vin bio. <\/p>\n<p>Contrairement \u00e0 la certification Biodynamique de Demeter, la certification Bio a une <strong>valeur juridique diff\u00e9rente de celle de la biodynamie<\/strong>. La certification biologique est en effet r\u00e8glement\u00e9e par les lois italiennes et europ\u00e9ennes. L&rsquo;Union Europ\u00e9enne, avec le r\u00e8glement 834\/07, a d\u00e9fini plus pr\u00e9cis\u00e9ment en quoi consistent les m\u00e9thodes de production biologique et a rendu obligatoire la certification des produits par l&rsquo;un des organismes de contr\u00f4le priv\u00e9s.   <\/p>\n<p><img decoding=\"async\" src=\"https:\/\/encrypted-tbn0.gstatic.com\/images?q=tbn:ANd9GcSrZfp1-YcSFYDfe0P235T-DNrZnlNMIQcpz5DtdvNDQlwvaN8FGGW2WF2cxrFsWH6Rww&amp;usqp=CAU\" alt=\"LE NOUVEAU LOGO \"BIO\" DE L'UE: MODE D'EMPLOI\"><\/p>\n<\/div>\n\t\t\t\t<\/div>\n\t\t\t\t\t\t\t\t<\/div>\n\t\t\t\t\t\t<\/div>\n\t\t\t\t\t<\/div>\n\t\t<\/div>\n\t\t\t\t\t<\/div>\n\t\t<\/section>\n\t\t\t\t<\/div>\n\t\t","protected":false},"excerpt":{"rendered":"<p>Produits issus de l\u2019Agriculture Biologique et Biodynamique P\u00c2TES ARTISANALES FARINES DE GRAINS ANCIENNES L\u00c9GUMES et C\u00c9R\u00c9ALES BIOLOGIQUES BIOLOGIQUE &#8211; BIODYNAMIQUE D\u00c9COUVRE LA DIFF\u00c9RENCE AGRICULTURE BIODYNAMIQUE L&#8217;Agriculture Biodynamique repose sur l&#8217;interconnexion entre le sol et le ciel. Selon Steiner, fondateur de cette discipline dans les ann\u00e9es 1920 (donc avant l&#8217;agriculture biologique), la ferme est un organisme [&hellip;]<\/p>\n","protected":false},"author":1,"featured_media":0,"parent":0,"menu_order":0,"comment_status":"closed","ping_status":"closed","template":"","meta":{"_monsterinsights_skip_tracking":false,"_monsterinsights_sitenote_active":false,"_monsterinsights_sitenote_note":"","_monsterinsights_sitenote_category":0,"_uf_show_specific_survey":0,"_uf_disable_surveys":false,"footnotes":""},"class_list":["post-8029","page","type-page","status-publish","hentry"],"aioseo_notices":[],"_links":{"self":[{"href":"https:\/\/lovebiowines.com\/fr\/wp-json\/wp\/v2\/pages\/8029","targetHints":{"allow":["GET"]}}],"collection":[{"href":"https:\/\/lovebiowines.com\/fr\/wp-json\/wp\/v2\/pages"}],"about":[{"href":"https:\/\/lovebiowines.com\/fr\/wp-json\/wp\/v2\/types\/page"}],"author":[{"embeddable":true,"href":"https:\/\/lovebiowines.com\/fr\/wp-json\/wp\/v2\/users\/1"}],"replies":[{"embeddable":true,"href":"https:\/\/lovebiowines.com\/fr\/wp-json\/wp\/v2\/comments?post=8029"}],"version-history":[{"count":0,"href":"https:\/\/lovebiowines.com\/fr\/wp-json\/wp\/v2\/pages\/8029\/revisions"}],"wp:attachment":[{"href":"https:\/\/lovebiowines.com\/fr\/wp-json\/wp\/v2\/media?parent=8029"}],"curies":[{"name":"wp","href":"https:\/\/api.w.org\/{rel}","templated":true}]}}