{"id":8025,"date":"2023-08-02T23:01:57","date_gmt":"2023-08-02T21:01:57","guid":{"rendered":"https:\/\/lovebiowines.com\/blog\/"},"modified":"2024-11-08T12:00:41","modified_gmt":"2024-11-08T11:00:41","slug":"blog","status":"publish","type":"page","link":"https:\/\/lovebiowines.com\/fr\/blog\/","title":{"rendered":"Blog"},"content":{"rendered":"\t\t<div data-elementor-type=\"wp-page\" data-elementor-id=\"8025\" class=\"elementor elementor-8025 elementor-92\" data-elementor-post-type=\"page\">\n\t\t\t\t\t\t<section class=\"elementor-section elementor-top-section elementor-element elementor-element-ee6c31b elementor-section-boxed elementor-section-height-default elementor-section-height-default\" data-id=\"ee6c31b\" data-element_type=\"section\" data-e-type=\"section\">\n\t\t\t\t\t\t<div class=\"elementor-container elementor-column-gap-default\">\n\t\t\t\t\t<div class=\"elementor-column elementor-col-100 elementor-top-column elementor-element elementor-element-751578a\" data-id=\"751578a\" data-element_type=\"column\" data-e-type=\"column\">\n\t\t\t<div class=\"elementor-widget-wrap elementor-element-populated\">\n\t\t\t\t\t\t<div class=\"elementor-element elementor-element-6eec2e9 elementor-widget elementor-widget-text-editor\" data-id=\"6eec2e9\" data-element_type=\"widget\" data-e-type=\"widget\" data-widget_type=\"text-editor.default\">\n\t\t\t\t\t\t\t\t\t<p style=\"text-align: center;\">Suivez-nous dans ce blog !<\/p>\n<p style=\"text-align: center;\">N\u00e9 pour mieux faire connaitre nos produits et leurs territoires, mais aussi pour faire connaitre le monde du vin de mani\u00e8re simple, en donnant \u00e0 chacun la possibilit\u00e9 de profiter au mieux de nos vins et des vins en g\u00e9n\u00e9ral.<\/p>\n<p style=\"text-align: center;\">Savourer, ou si vous pr\u00e9f\u00e9rez d\u00e9guster, le vin est une boisson extraordinaire et ne peut \u00eatre pleinement appr\u00e9ci\u00e9 que s\u2019on n\u2019en abuse pas. Buvez avec mod\u00e9ration, savourez, vivez des voyages sensoriels, d\u00e9gustez-le et appr\u00e9ciez-le sans exc\u00e8s, dans le respect de votre sant\u00e9. C&rsquo;est un \u00e9lixir agr\u00e9able, encore plus agr\u00e9able s&rsquo;il est consomm\u00e9 en compagnie. Et rappelez-vous : on ne conduit pas apr\u00e8s avoir bu.    <\/p>\n<p style=\"text-align: center;\">\n\t\t\t\t\t\t\t\t<\/div>\n\t\t\t\t\t<\/div>\n\t\t<\/div>\n\t\t\t\t\t<\/div>\n\t\t<\/section>\n\t\t\t\t<section class=\"elementor-section elementor-top-section elementor-element elementor-element-2fec7a7 elementor-section-boxed elementor-section-height-default elementor-section-height-default\" data-id=\"2fec7a7\" data-element_type=\"section\" data-e-type=\"section\">\n\t\t\t\t\t\t<div class=\"elementor-container elementor-column-gap-default\">\n\t\t\t\t\t<div class=\"elementor-column elementor-col-100 elementor-top-column elementor-element elementor-element-16be22a\" data-id=\"16be22a\" data-element_type=\"column\" data-e-type=\"column\">\n\t\t\t<div class=\"elementor-widget-wrap elementor-element-populated\">\n\t\t\t\t\t\t\t<\/div>\n\t\t<\/div>\n\t\t\t\t\t<\/div>\n\t\t<\/section>\n\t\t\t\t<section class=\"elementor-section elementor-top-section elementor-element elementor-element-b4f8371 elementor-section-boxed elementor-section-height-default elementor-section-height-default\" data-id=\"b4f8371\" data-element_type=\"section\" data-e-type=\"section\">\n\t\t\t\t\t\t<div class=\"elementor-container elementor-column-gap-default\">\n\t\t\t\t\t<div class=\"elementor-column elementor-col-100 elementor-top-column elementor-element elementor-element-bfd5dd0\" data-id=\"bfd5dd0\" data-element_type=\"column\" data-e-type=\"column\">\n\t\t\t<div class=\"elementor-widget-wrap elementor-element-populated\">\n\t\t\t\t\t\t<div class=\"elementor-element elementor-element-d47d892 elementor-widget elementor-widget-spacer\" data-id=\"d47d892\" data-element_type=\"widget\" data-e-type=\"widget\" data-widget_type=\"spacer.default\">\n\t\t\t\t\t\t\t<div class=\"elementor-spacer\">\n\t\t\t<div class=\"elementor-spacer-inner\"><\/div>\n\t\t<\/div>\n\t\t\t\t\t\t<\/div>\n\t\t\t\t\t<\/div>\n\t\t<\/div>\n\t\t\t\t\t<\/div>\n\t\t<\/section>\n\t\t\t\t<\/div>\n\t\t","protected":false},"excerpt":{"rendered":"<p>Suivez-nous dans ce blog ! N\u00e9 pour mieux faire connaitre nos produits et leurs territoires, mais aussi pour faire connaitre le monde du vin de mani\u00e8re simple, en donnant \u00e0 chacun la possibilit\u00e9 de profiter au mieux de nos vins et des vins en g\u00e9n\u00e9ral. Savourer, ou si vous pr\u00e9f\u00e9rez d\u00e9guster, le vin est une [&hellip;]<\/p>\n","protected":false},"author":1,"featured_media":0,"parent":0,"menu_order":0,"comment_status":"closed","ping_status":"closed","template":"","meta":{"_monsterinsights_skip_tracking":false,"_monsterinsights_sitenote_active":false,"_monsterinsights_sitenote_note":"","_monsterinsights_sitenote_category":0,"_uf_show_specific_survey":0,"_uf_disable_surveys":false,"footnotes":""},"class_list":["post-8025","page","type-page","status-publish","hentry"],"aioseo_notices":[],"_links":{"self":[{"href":"https:\/\/lovebiowines.com\/fr\/wp-json\/wp\/v2\/pages\/8025","targetHints":{"allow":["GET"]}}],"collection":[{"href":"https:\/\/lovebiowines.com\/fr\/wp-json\/wp\/v2\/pages"}],"about":[{"href":"https:\/\/lovebiowines.com\/fr\/wp-json\/wp\/v2\/types\/page"}],"author":[{"embeddable":true,"href":"https:\/\/lovebiowines.com\/fr\/wp-json\/wp\/v2\/users\/1"}],"replies":[{"embeddable":true,"href":"https:\/\/lovebiowines.com\/fr\/wp-json\/wp\/v2\/comments?post=8025"}],"version-history":[{"count":0,"href":"https:\/\/lovebiowines.com\/fr\/wp-json\/wp\/v2\/pages\/8025\/revisions"}],"wp:attachment":[{"href":"https:\/\/lovebiowines.com\/fr\/wp-json\/wp\/v2\/media?parent=8025"}],"curies":[{"name":"wp","href":"https:\/\/api.w.org\/{rel}","templated":true}]}}