{"id":1334,"date":"2023-05-28T17:07:26","date_gmt":"2023-05-28T15:07:26","guid":{"rendered":"https:\/\/lovebiowines.com\/panier\/"},"modified":"2024-11-08T19:50:25","modified_gmt":"2024-11-08T18:50:25","slug":"panier","status":"publish","type":"page","link":"https:\/\/lovebiowines.com\/fr\/panier\/","title":{"rendered":"Cart"},"content":{"rendered":"\t\t<div data-elementor-type=\"wp-page\" data-elementor-id=\"1334\" class=\"elementor elementor-1334 elementor-6\" data-elementor-post-type=\"page\">\n\t\t\t\t\t\t<section class=\"elementor-section elementor-top-section elementor-element elementor-element-c16c5c4 elementor-section-boxed elementor-section-height-default elementor-section-height-default\" data-id=\"c16c5c4\" data-element_type=\"section\" data-e-type=\"section\">\n\t\t\t\t\t\t<div class=\"elementor-container elementor-column-gap-default\">\n\t\t\t\t\t<div class=\"elementor-column elementor-col-100 elementor-top-column elementor-element elementor-element-016e1db\" data-id=\"016e1db\" data-element_type=\"column\" data-e-type=\"column\">\n\t\t\t<div class=\"elementor-widget-wrap elementor-element-populated\">\n\t\t\t\t\t\t<div class=\"elementor-element elementor-element-fa5a1fe elementor-widget elementor-widget-text-editor\" data-id=\"fa5a1fe\" data-element_type=\"widget\" data-e-type=\"widget\" data-widget_type=\"text-editor.default\">\n\t\t\t\t\t\t\t\t\t<p>R\u00e9capitulatif de la commande<\/p>\n\t\t\t\t\t\t\t\t<\/div>\n\t\t\t\t\t<\/div>\n\t\t<\/div>\n\t\t\t\t\t<\/div>\n\t\t<\/section>\n\t\t\t\t<section class=\"elementor-section elementor-top-section elementor-element elementor-element-f84ac5d elementor-section-boxed elementor-section-height-default elementor-section-height-default\" data-id=\"f84ac5d\" data-element_type=\"section\" data-e-type=\"section\">\n\t\t\t\t\t\t<div class=\"elementor-container elementor-column-gap-default\">\n\t\t\t\t\t<div class=\"elementor-column elementor-col-100 elementor-top-column elementor-element elementor-element-5af7657\" data-id=\"5af7657\" data-element_type=\"column\" data-e-type=\"column\">\n\t\t\t<div class=\"elementor-widget-wrap elementor-element-populated\">\n\t\t\t\t\t\t\t<\/div>\n\t\t<\/div>\n\t\t\t\t\t<\/div>\n\t\t<\/section>\n\t\t\t\t<section class=\"elementor-section elementor-top-section elementor-element elementor-element-d319393 elementor-section-boxed elementor-section-height-default elementor-section-height-default\" data-id=\"d319393\" data-element_type=\"section\" data-e-type=\"section\">\n\t\t\t\t\t\t<div class=\"elementor-container elementor-column-gap-default\">\n\t\t\t\t\t<div class=\"elementor-column elementor-col-100 elementor-top-column elementor-element elementor-element-95da12f\" data-id=\"95da12f\" data-element_type=\"column\" data-e-type=\"column\">\n\t\t\t<div class=\"elementor-widget-wrap elementor-element-populated\">\n\t\t\t\t\t\t<div class=\"elementor-element elementor-element-4519ed4 elementor-widget elementor-widget-text-editor\" data-id=\"4519ed4\" data-element_type=\"widget\" data-e-type=\"widget\" data-widget_type=\"text-editor.default\">\n\t\t\t\t\t\t\t\t\t<p>\u00cates-vous pr\u00e8s de notre si\u00e8ge social, via Giovan Pietro 14 &#8211; Carrara (MS) ? Si vous le souhaitez, vous pouvez r\u00e9cup\u00e9rer personnellement la marchandise <strong>le jour ouvrable suivant la Commande.<\/strong> Nous nous occuperons de pr\u00e9parer et de pr\u00e9parer votre colis. Dans ce cas vous pouvez pr\u00e9payer la commande par carte ou vous pouvez passer la commande et payer en esp\u00e8ces lors du retrait au bureau : s\u00e9lectionnez \u00ab Retrait au bureau \u00bb sur cette page, cliquez sur \u00ab Proc\u00e9der au paiement \u00bb puis saisissez vos coordonn\u00e9es de facturation et sous le r\u00e9capitulatif de la commande, au lieu de proc\u00e9der au paiement, s\u00e9lectionnez la rubrique \u00ab\u00a0<label for=\"payment_method_cod\">Paiement en contre-remboursement au bureau\u00a0\u00bb<\/label>   <\/p>\n<p>Notez bien : <strong>Au si\u00e8ge social, il est possible de retirer la marchandise UNIQUEMENT apr\u00e8s avoir command\u00e9 en ligne. Nous ne vendons pas directement. <\/strong><\/p>\n\t\t\t\t\t\t\t\t<\/div>\n\t\t\t\t\t<\/div>\n\t\t<\/div>\n\t\t\t\t\t<\/div>\n\t\t<\/section>\n\t\t\t\t<section class=\"elementor-section elementor-top-section elementor-element elementor-element-69d09fc elementor-section-boxed elementor-section-height-default elementor-section-height-default\" data-id=\"69d09fc\" data-element_type=\"section\" data-e-type=\"section\">\n\t\t\t\t\t\t<div class=\"elementor-container elementor-column-gap-default\">\n\t\t\t\t\t<div class=\"elementor-column elementor-col-100 elementor-top-column elementor-element elementor-element-6e7e7ab\" data-id=\"6e7e7ab\" data-element_type=\"column\" data-e-type=\"column\">\n\t\t\t<div class=\"elementor-widget-wrap elementor-element-populated\">\n\t\t\t\t\t\t<div class=\"bapf_products_apply_filters elementor-element elementor-element-88525e9 products-heading-show elementor-product-loop-item--align-center elementor-grid-4 elementor-grid-tablet-3 elementor-grid-mobile-2 elementor-products-grid elementor-wc-products elementor-widget elementor-widget-woocommerce-products\" data-id=\"88525e9\" data-element_type=\"widget\" data-e-type=\"widget\" data-widget_type=\"woocommerce-products.default\">\n\t\t\t\t<div class=\"elementor-widget-container\">\n\t\t\t\t\t<div class=\"woocommerce\"><\/div>\t\t\t\t<\/div>\n\t\t\t\t<\/div>\n\t\t\t\t\t<\/div>\n\t\t<\/div>\n\t\t\t\t\t<\/div>\n\t\t<\/section>\n\t\t\t\t<section class=\"elementor-section elementor-top-section elementor-element elementor-element-3d85317 elementor-section-boxed elementor-section-height-default elementor-section-height-default\" data-id=\"3d85317\" data-element_type=\"section\" data-e-type=\"section\">\n\t\t\t\t\t\t<div class=\"elementor-container elementor-column-gap-default\">\n\t\t\t\t\t<div class=\"elementor-column elementor-col-100 elementor-top-column elementor-element elementor-element-6e32894\" data-id=\"6e32894\" data-element_type=\"column\" data-e-type=\"column\">\n\t\t\t<div class=\"elementor-widget-wrap elementor-element-populated\">\n\t\t\t\t\t\t<div class=\"elementor-element elementor-element-ba16f58 elementor-widget elementor-widget-spacer\" data-id=\"ba16f58\" data-element_type=\"widget\" data-e-type=\"widget\" data-widget_type=\"spacer.default\">\n\t\t\t\t\t\t\t<div class=\"elementor-spacer\">\n\t\t\t<div class=\"elementor-spacer-inner\"><\/div>\n\t\t<\/div>\n\t\t\t\t\t\t<\/div>\n\t\t\t\t\t<\/div>\n\t\t<\/div>\n\t\t\t\t\t<\/div>\n\t\t<\/section>\n\t\t\t\t<\/div>\n\t\t","protected":false},"excerpt":{"rendered":"<p>R\u00e9capitulatif de la commande \u00cates-vous pr\u00e8s de notre si\u00e8ge social, via Giovan Pietro 14 &#8211; Carrara (MS) ? Si vous le souhaitez, vous pouvez r\u00e9cup\u00e9rer personnellement la marchandise le jour ouvrable suivant la Commande. Nous nous occuperons de pr\u00e9parer et de pr\u00e9parer votre colis. Dans ce cas vous pouvez pr\u00e9payer la commande par carte ou [&hellip;]<\/p>\n","protected":false},"author":1,"featured_media":0,"parent":0,"menu_order":0,"comment_status":"closed","ping_status":"closed","template":"","meta":{"_monsterinsights_skip_tracking":false,"_monsterinsights_sitenote_active":false,"_monsterinsights_sitenote_note":"","_monsterinsights_sitenote_category":0,"_uf_show_specific_survey":0,"_uf_disable_surveys":false,"footnotes":""},"class_list":["post-1334","page","type-page","status-publish","hentry"],"aioseo_notices":[],"_links":{"self":[{"href":"https:\/\/lovebiowines.com\/fr\/wp-json\/wp\/v2\/pages\/1334","targetHints":{"allow":["GET"]}}],"collection":[{"href":"https:\/\/lovebiowines.com\/fr\/wp-json\/wp\/v2\/pages"}],"about":[{"href":"https:\/\/lovebiowines.com\/fr\/wp-json\/wp\/v2\/types\/page"}],"author":[{"embeddable":true,"href":"https:\/\/lovebiowines.com\/fr\/wp-json\/wp\/v2\/users\/1"}],"replies":[{"embeddable":true,"href":"https:\/\/lovebiowines.com\/fr\/wp-json\/wp\/v2\/comments?post=1334"}],"version-history":[{"count":0,"href":"https:\/\/lovebiowines.com\/fr\/wp-json\/wp\/v2\/pages\/1334\/revisions"}],"wp:attachment":[{"href":"https:\/\/lovebiowines.com\/fr\/wp-json\/wp\/v2\/media?parent=1334"}],"curies":[{"name":"wp","href":"https:\/\/api.w.org\/{rel}","templated":true}]}}