{"id":3588,"date":"2023-08-02T23:02:09","date_gmt":"2023-08-02T21:02:09","guid":{"rendered":"https:\/\/lovebiowines.com\/product\/sabbiamare-rose-spumante-brut-bio-nature-tenuta-mariani\/"},"modified":"2024-09-08T17:15:01","modified_gmt":"2024-09-08T15:15:01","slug":"sabbiamare-rose-spumante-brut-bio-nature-tenuta-mariani","status":"publish","type":"product","link":"https:\/\/lovebiowines.com\/en\/product\/sabbiamare-rose-spumante-brut-bio-nature-tenuta-mariani\/","title":{"rendered":"SabbiaMare Ros\u00e9 Spumante Brut Bio Nature &#8211; Tenuta Mariani"},"content":{"rendered":"<p>SabbiaMare Ros\u00e9 Spumante Brut Bio Nature Grapes: Sangiovese e Syrah in equal parts Pas dos\u00e9 <\/p>\n<div class=\"cls_016\">Grapes from the Vineyards of Villa Borbone, Torre del Lago, in the Migliarino and S.Rossore Natural Park, on sandy soil 800 meters from the sea.<\/div>\n<div class=\"cls_016\">A Beach wine, light maceration on skins and controlled fermentation in steel, aged for 6 months and sparkling in an autoclave in our cellars.<\/div>\n","protected":false},"excerpt":{"rendered":"<p><img loading=\"lazy\" decoding=\"async\" class=\"alignnone size-full wp-image-53\" src=\"https:\/\/lovebiowines.com\/wp-content\/uploads\/2023\/07\/fascia-italia-1-300x20-1.png\" alt=\"Products Made in Italy\" width=\"300\" height=\"20\"><\/p>\n<p><a href=\"\/?p=4206\">Discover all Wines and Sparkling Wines of Tenuta Mariani<\/a> Bottle 0.75 L &#8211; At the moment it can only be sold and shipped in Italy &nbsp;<\/p>\n","protected":false},"featured_media":2469,"template":"","meta":{"_monsterinsights_skip_tracking":false,"_monsterinsights_sitenote_active":false,"_monsterinsights_sitenote_note":"","_monsterinsights_sitenote_category":0,"_uf_show_specific_survey":0,"_uf_disable_surveys":false},"product_brand":[],"product_cat":[132],"product_tag":[],"class_list":{"0":"post-3588","1":"product","2":"type-product","3":"status-publish","4":"has-post-thumbnail","6":"product_cat-bubbles-and-passito","8":"first","9":"outofstock","10":"taxable","11":"shipping-taxable","12":"purchasable","13":"product-type-simple"},"aioseo_notices":[],"_links":{"self":[{"href":"https:\/\/lovebiowines.com\/en\/wp-json\/wp\/v2\/product\/3588","targetHints":{"allow":["GET"]}}],"collection":[{"href":"https:\/\/lovebiowines.com\/en\/wp-json\/wp\/v2\/product"}],"about":[{"href":"https:\/\/lovebiowines.com\/en\/wp-json\/wp\/v2\/types\/product"}],"version-history":[{"count":0,"href":"https:\/\/lovebiowines.com\/en\/wp-json\/wp\/v2\/product\/3588\/revisions"}],"wp:featuredmedia":[{"embeddable":true,"href":"https:\/\/lovebiowines.com\/en\/wp-json\/wp\/v2\/media\/2469"}],"wp:attachment":[{"href":"https:\/\/lovebiowines.com\/en\/wp-json\/wp\/v2\/media?parent=3588"}],"wp:term":[{"taxonomy":"product_brand","embeddable":true,"href":"https:\/\/lovebiowines.com\/en\/wp-json\/wp\/v2\/product_brand?post=3588"},{"taxonomy":"product_cat","embeddable":true,"href":"https:\/\/lovebiowines.com\/en\/wp-json\/wp\/v2\/product_cat?post=3588"},{"taxonomy":"product_tag","embeddable":true,"href":"https:\/\/lovebiowines.com\/en\/wp-json\/wp\/v2\/product_tag?post=3588"}],"curies":[{"name":"wp","href":"https:\/\/api.w.org\/{rel}","templated":true}]}}